{"id":527,"date":"2023-03-28T15:06:11","date_gmt":"2023-03-28T15:06:11","guid":{"rendered":"https:\/\/www.vilaprag.cz\/?page_id=527"},"modified":"2025-05-16T13:24:24","modified_gmt":"2025-05-16T13:24:24","slug":"cookie-richtlinie-einstellungen","status":"publish","type":"page","link":"https:\/\/www.vilaprag.cz\/de\/cookie-richtlinie-einstellungen\/","title":{"rendered":"Cookie-Richtlinie"},"content":{"rendered":"<div class=\"flex flex-grow flex-col gap-3\">\n<div class=\"min-h-[20px] flex flex-col items-start gap-4 whitespace-pre-wrap\">\n<div class=\"markdown prose w-full break-words dark:prose-invert dark\">\n<p><strong>Verwendung von Cookies durch LEVI, spol. s r.o.<br \/>\n<\/strong><\/p>\n<p>Wir m\u00f6chten Sie dar\u00fcber informieren, dass LEVI, spol. s r.o. Cookies oder andere Tracker auf seiner Website <a href=\"https:\/\/www.vilaprag.cz\/\" target=\"_new\" rel=\"noopener\">https:\/\/www.vilaprag.cz\/<\/a> verwendet.<\/p>\n<p>Diese Tracker k\u00f6nnen je nach den von Ihnen ge\u00e4u\u00dferten oder jederzeit entsprechend dieser Richtlinie ge\u00e4u\u00dferten Pr\u00e4ferenzen auf Ihrem Ger\u00e4t installiert werden.<\/p>\n<\/div>\n<\/div>\n<\/div>\n<p>&nbsp;<\/p>\n<div class=\"w-[30px] flex flex-col relative items-end\">\n<div class=\"relative h-[30px] w-[30px] p-1 rounded-sm text-white flex items-center justify-center\"><\/div>\n<\/div>\n<div class=\"relative flex w-[calc(100%-50px)] flex-col gap-1 md:gap-3 lg:w-[calc(100%-115px)]\">\n<div class=\"flex flex-grow flex-col gap-3\">\n<div class=\"min-h-[20px] flex flex-col items-start gap-4 whitespace-pre-wrap\">\n<div class=\"markdown prose w-full break-words dark:prose-invert dark\">\n<p><strong>Warum eine Cookie-Richtlinie haben?<\/strong><\/p>\n<p>Um Informationen bereitzustellen und Transparenz zu gew\u00e4hrleisten, hat das LEVI, spol. s r.o. diese Richtlinie erstellt, damit Sie mehr \u00fcber Folgendes erfahren k\u00f6nnen:<\/p>\n<ul>\n<li>Die Herkunft und den Zweck der verarbeiteten Informationen beim Surfen auf <a href=\"https:\/\/www.vilaprag.cz\/\" target=\"_new\" rel=\"noopener\">https:\/\/www.vilaprag.cz\/<\/a>.<\/li>\n<\/ul>\n<p>Ihre Rechte in Bezug auf Cookies und andere Tracker, die vom Hotel LEVI, spol. s r.o. verwendet werden.<\/p>\n<p><strong>Was ist ein Cookie?<\/strong><\/p>\n<\/div>\n<\/div>\n<\/div>\n<\/div>\n<p>Cookies und andere \u00e4hnliche Tracker sind Datenpakete, die von Servern verwendet werden, um Statusinformationen an den Browser des Benutzers zu senden und \u00fcber denselben Browser an den urspr\u00fcnglichen Server zur\u00fcckzusenden.<br \/>\nDie Statusinformationen k\u00f6nnen eine Sitzungs-ID, eine Sprache, ein Ablaufdatum, ein Antwortfeld oder andere Arten von Informationen sein.<br \/>\nW\u00e4hrend ihrer G\u00fcltigkeitsdauer werden Cookies verwendet, um Statusinformationen zu speichern, wenn ein Browser verschiedene Seiten einer Website aufruft oder wenn der Browser zu einem sp\u00e4teren Zeitpunkt zu dieser Website zur\u00fcckkehrt.<\/p>\n<div class=\"flex flex-grow flex-col gap-3\">\n<div class=\"min-h-[20px] flex flex-col items-start gap-4 whitespace-pre-wrap\">\n<div class=\"markdown prose w-full break-words dark:prose-invert dark\">\n<p><strong>Es gibt verschiedene Arten von Cookies:<\/strong><\/p>\n<p>Sitzungscookies, die gel\u00f6scht werden, sobald Sie den Browser schlie\u00dfen oder die Website verlassen. Permanente Cookies, die auf Ihrem Ger\u00e4t verbleiben, bis ihr Ablaufdatum erreicht ist oder bis Sie sie mithilfe der Funktionen Ihres Browsers l\u00f6schen.<\/p>\n<\/div>\n<\/div>\n<\/div>\n<div class=\"flex flex-grow flex-col gap-3\">\n<div class=\"min-h-[20px] flex flex-col items-start gap-4 whitespace-pre-wrap\">\n<div class=\"markdown prose w-full break-words dark:prose-invert dark\">\n<p><strong>Warum verwenden wir Cookies?<\/strong><\/p>\n<p>Wir verwenden Cookies und andere Tracker haupts\u00e4chlich zu folgenden Zwecken:<\/p>\n<p>Cookies, die f\u00fcr das Surfen auf <a href=\"https:\/\/www.vilaprag.cz\/\" target=\"_new\" rel=\"noopener\">https:\/\/www.vilaprag.cz\/<\/a> unbedingt erforderlich sind und die F\u00e4higkeit, alle Funktionen zu nutzen, insbesondere:<\/p>\n<ul>\n<li>Die Verwaltung der Authentifizierung von Website-Besuchern und der damit verbundenen Sicherheitsma\u00dfnahmen sowie die Gew\u00e4hrleistung des ordnungsgem\u00e4\u00dfen Funktionierens des Authentifizierungsmoduls.<\/li>\n<li>Die Optimierung des Benutzererlebnisses und die Erleichterung des Browsens, insbesondere durch die Bestimmung &#8222;technischer Routen&#8220; f\u00fcr das Browsen.<\/li>\n<li>Die Speicherung von Informationen \u00fcber das &#8222;Cookies&#8220; -Informationsbanner, das von Website-Besuchern gesehen wird, die nach Zustimmung zur Annahme von Cookies auf ihrem Ger\u00e4t weiterhin die Website durchsuchen.<\/li>\n<\/ul>\n<p>Die Implementierung von Sicherheitsma\u00dfnahmen (zum Beispiel, wenn Sie nach Ablauf einer bestimmten Zeit aufgefordert werden, sich erneut f\u00fcr Inhalte oder Dienste anzumelden oder um den grundlegenden Betrieb von <a href=\"https:\/\/www.vilaprag.cz\/\" target=\"_new\" rel=\"noopener\">https:\/\/www.vilaprag.cz\/<\/a> und die Nutzung ihrer wichtigsten technischen Funktionen sicherzustellen, wie z.B. \u00dcberwachung der Leistung und Browserfehler, Verwaltung von Benutzersitzungen, etc.)<\/p>\n<\/div>\n<\/div>\n<\/div>\n<div class=\"flex flex-grow flex-col gap-3\">\n<div class=\"min-h-[20px] flex flex-col items-start gap-4 whitespace-pre-wrap\">\n<div class=\"markdown prose w-full break-words dark:prose-invert dark\">\n<p>Cookies, die insbesondere dazu dienen:<\/p>\n<ul>\n<li><a href=\"https:\/\/www.vilaprag.cz\/\" target=\"_new\" rel=\"noopener\">https:\/\/www.vilaprag.cz\/<\/a> an die Anzeigeeinstellungen Ihres Ger\u00e4ts anzupassen (Sprache, W\u00e4hrung, Anzeigeaufl\u00f6sung, verwendetes Betriebssystem, Konfiguration und Einstellungen der Anzeige von Webseiten basierend auf dem von Ihnen verwendeten Ger\u00e4t und dessen Standort usw.)<\/li>\n<li>bestimmte Informationen zu speichern, die Sie auf <a href=\"https:\/\/www.vilaprag.cz\/\" target=\"_new\" rel=\"noopener\">https:\/\/www.vilaprag.cz\/<\/a> eingeben, um Ihre folgenden Besuche zu erleichtern und anzupassen (einschlie\u00dflich der Anzeige des Vor- und Nachnamens des Besuchers, wenn der Besucher ein Benutzerkonto hat)<\/li>\n<li>Ihnen den schnelleren Zugriff auf Ihre pers\u00f6nlichen Seiten zu erm\u00f6glichen, indem Sie Login-Daten oder Informationen speichern, die Sie zuvor eingegeben haben<\/li>\n<\/ul>\n<p>Cookies zur Besucher-Verfolgung zielen darauf ab, den Komfort der Benutzer zu verbessern, indem sie uns dabei helfen, Ihre Interaktionen mit <a href=\"https:\/\/www.vilaprag.cz\/\" target=\"_new\" rel=\"noopener\">https:\/\/www.vilaprag.cz\/<\/a> zu verstehen (meistbesuchte Seiten, verwendete Anwendungen usw.); diese Cookies k\u00f6nnen Statistiken sammeln oder verschiedene M\u00f6glichkeiten zur Anzeige von Informationen testen, um die Relevanz und Benutzerfreundlichkeit unserer Dienste zu verbessern.<\/p>\n<p>Werbe-Cookies sollen (i) Ihnen in Werbefl\u00e4chen relevante, zielgerichtete Inhalte anbieten, die f\u00fcr Sie von Interesse sein k\u00f6nnten (beste Angebote, andere Ziele usw.), basierend auf Ihren Interessen, Browsing-Verhalten, Pr\u00e4ferenzen und anderen Faktoren, und (ii) die Anzahl der Werbeanzeigen reduzieren, die angezeigt werden.<\/p>\n<\/div>\n<\/div>\n<\/div>\n<div class=\"flex flex-grow flex-col gap-3\">\n<div class=\"min-h-[20px] flex flex-col items-start gap-4 whitespace-pre-wrap\">\n<div class=\"markdown prose w-full break-words dark:prose-invert dark\">\n<p>Affiliate-Cookies identifizieren die Drittanbieter-Website, die einen Besucher zu <a href=\"https:\/\/www.vilaprag.cz\/\" target=\"_new\" rel=\"noopener\">https:\/\/www.vilaprag.cz\/<\/a> weitergeleitet hat.<\/p>\n<p>Social-Network-Cookies, die von Dritten gesetzt werden, erm\u00f6glichen es Ihnen, Ihre Meinung zu und Inhalte von <a href=\"https:\/\/www.vilaprag.cz\/\" target=\"_new\" rel=\"noopener\">https:\/\/www.vilaprag.cz\/<\/a> auf sozialen Netzwerken zu teilen (zum Beispiel die Schaltfl\u00e4chen &#8222;Teilen&#8220; oder &#8222;Gef\u00e4llt mir&#8220; f\u00fcr soziale Netzwerke).<\/p>\n<p>Die oben genannten Social-Network-Anwendungen auf <a href=\"https:\/\/www.vilaprag.cz\/\" target=\"_new\" rel=\"noopener\">https:\/\/www.vilaprag.cz\/<\/a> k\u00f6nnen in einigen F\u00e4llen den betreffenden sozialen Netzwerken erm\u00f6glichen, Sie zu identifizieren, selbst wenn Sie nicht auf die Anwendungsschaltfl\u00e4che geklickt haben. Diese Art von Schaltfl\u00e4che kann einem sozialen Netzwerk erm\u00f6glichen, Ihr Surfen auf <a href=\"https:\/\/www.vilaprag.cz\/\" target=\"_new\" rel=\"noopener\">https:\/\/www.vilaprag.cz\/<\/a> zu verfolgen, einfach weil Ihr Konto im betreffenden sozialen Netzwerk auf Ihrem Ger\u00e4t aktiviert ist (offene Sitzung), w\u00e4hrend Sie browsen.<\/p>\n<p>Wir empfehlen Ihnen, die Richtlinien dieser sozialen Netzwerke zu lesen, um sich mit der Art und Weise vertraut zu machen, wie sie die gesammelten Surf-Informationen verwenden, insbesondere in Bezug auf Werbung. Diese Richtlinien m\u00fcssen es Ihnen ausdr\u00fccklich erm\u00f6glichen, auf diesen sozialen Netzwerken Entscheidungen zu treffen, insbesondere indem Sie Ihre Benutzerkonten f\u00fcr jedes von ihnen konfigurieren.<\/p>\n<\/div>\n<\/div>\n<\/div>\n<p>&nbsp;<\/p>\n<div class=\"flex flex-grow flex-col gap-3\">\n<div class=\"min-h-[20px] flex flex-col items-start gap-4 whitespace-pre-wrap\">\n<div class=\"markdown prose w-full break-words dark:prose-invert dark\">\n<p>Die Installation bestimmter Cookies ist von Ihrer Zustimmung abh\u00e4ngig. Wenn Sie <a href=\"https:\/\/www.vilaprag.cz\/\" target=\"_new\" rel=\"noopener\">https:\/\/www.vilaprag.cz\/<\/a> zum ersten Mal besuchen, werden Sie gefragt, ob Sie der Installation dieser Art von Cookies zustimmen, die nur nach Ihrer Zustimmung aktiviert werden.<\/p>\n<p>Dieser Prozess wird durch ein Informationsbanner auf der Homepage von <a href=\"https:\/\/www.vilaprag.cz\/\" target=\"_new\" rel=\"noopener\">https:\/\/www.vilaprag.cz\/<\/a> unterst\u00fctzt, das Sie dar\u00fcber informiert, dass Sie durch die Fortsetzung des Browsens der Installation von Cookies zustimmen, die Ihre Zustimmung erfordern.<\/p>\n<p>Sie k\u00f6nnen jederzeit Ihre Meinung \u00e4ndern, indem Sie die verschiedenen in Abschnitt &#8222;Cookies l\u00f6schen und\/oder blockieren&#8220; beschriebenen Methoden verwenden.<\/p>\n<\/div>\n<\/div>\n<\/div>\n<p>&nbsp;<\/p>\n<div class=\"flex flex-grow flex-col gap-3\">\n<div class=\"min-h-[20px] flex flex-col items-start gap-4 whitespace-pre-wrap\">\n<div class=\"markdown prose w-full break-words dark:prose-invert dark\">\n<p><strong>L\u00f6schen und\/oder Blockieren von Cookies<\/strong><\/p>\n<p>Sie haben mehrere Optionen, um Cookies und andere Tracker zu l\u00f6schen.<\/p>\n<p>Browser-Einstellungen<\/p>\n<p>Obwohl die meisten Browser standardm\u00e4\u00dfig Cookies akzeptieren, k\u00f6nnen Sie, wenn Sie es w\u00fcnschen, w\u00e4hlen, ob Sie alle Cookies akzeptieren, Cookies immer blockieren oder basierend auf ihren Absendern ausw\u00e4hlen m\u00f6chten, welche Cookies akzeptiert werden sollen.<\/p>\n<p>Sie k\u00f6nnen auch Ihren Browser so einstellen, dass Cookies auf Fall-zu-Fall-Basis akzeptiert oder blockiert werden, bevor sie installiert werden. Ihr Browser erm\u00f6glicht es Ihnen auch, regelm\u00e4\u00dfig Cookies von Ihrem Ger\u00e4t zu l\u00f6schen. Denken Sie daran, alle Browser auf Ihren verschiedenen Ger\u00e4ten (Tablets, Smartphones, Computer, usw.) zu konfigurieren.<\/p>\n<p>In Bezug auf das Management von Cookies und Ihre Pr\u00e4ferenzen variiert die Konfiguration f\u00fcr jeden Browser. Dies wird im Hilfemen\u00fc Ihres Browsers beschrieben, sowie wie Sie Ihre Pr\u00e4ferenzen in Bezug auf Cookies bearbeiten k\u00f6nnen. Zum Beispiel:<\/p>\n<\/div>\n<\/div>\n<\/div>\n<p>&nbsp;<\/p>\n<div class=\"flex flex-grow flex-col gap-3\">\n<div class=\"min-h-[20px] flex flex-col items-start gap-4 whitespace-pre-wrap\">\n<div class=\"markdown prose w-full break-words dark:prose-invert dark\">\n<p>F\u00fcr Microsoft Edge\u2122: <a href=\"https:\/\/support.microsoft.com\/de-de\/windows\/microsoft-edge-browsing-data-and-privacy-bb8174ba-9d73-dcf2-9b4a-c582b4e640dd\" target=\"_new\" rel=\"noopener\">https:\/\/support.microsoft.com\/de-de\/windows\/microsoft-edge-browsing-data-and-privacy-bb8174ba-9d73-dcf2-9b4a-c582b4e640dd<\/a><\/p>\n<p>F\u00fcr Safari\u2122: <a href=\"https:\/\/support.apple.com\/de-de\/guide\/safari\/manage-cookies-and-website-data-sfri11471\/mac\" target=\"_new\" rel=\"noopener\">https:\/\/support.apple.com\/de-de\/guide\/safari\/manage-cookies-and-website-data-sfri11471\/mac<\/a><\/p>\n<p>F\u00fcr Chrome\u2122: <a href=\"https:\/\/support.google.com\/chrome\/answer\/95647\" target=\"_new\" rel=\"noopener\">https:\/\/support.google.com\/chrome\/answer\/95647<\/a> F\u00fcr Firefox\u2122: <a href=\"https:\/\/support.mozilla.org\/de\/kb\/websites-blockieren-die-cookies-und-website-daten-l\" target=\"_new\" rel=\"noopener\">https:\/\/support.mozilla.org\/de\/kb\/websites-blockieren-die-cookies-und-website-daten-l<\/a><\/p>\n<p>F\u00fcr Opera\u2122: <a href=\"https:\/\/help.opera.com\/de\/latest\/web-preferences\/#cookies\" target=\"_new\" rel=\"noopener\">https:\/\/help.opera.com\/de\/latest\/web-preferences\/#cookies<\/a><\/p>\n<p>Das Speichern von Cookies auf Ihrem Ger\u00e4t h\u00e4ngt von Ihren W\u00fcnschen ab, die Sie jederzeit und kostenlos \u00fcber die Einstellungen Ihrer Browser-Software aus\u00fcben und \u00e4ndern k\u00f6nnen.<\/p>\n<p>Wenn Ihr Browser so eingestellt ist, dass er Cookies auf Ihrem Ger\u00e4t akzeptiert, k\u00f6nnen die Cookies, die in den von Ihnen angezeigten Seiten und Inhalten eingebettet sind, vor\u00fcbergehend in einem dedizierten Speicherplatz auf Ihrem Ger\u00e4t gespeichert werden. Sie k\u00f6nnen nur von ihrem Aussteller gelesen werden.<\/p>\n<p>Sie k\u00f6nnen jedoch Ihren Browser so einstellen, dass er Cookies blockiert. Beachten Sie, dass wenn Sie Ihren Browser so einstellen, dass er Cookies blockiert, einige Funktionen, Seiten und Bereiche auf <a href=\"https:\/\/www.vilaprag.cz\/%C2%A0\" target=\"_new\" rel=\"noopener\">https:\/\/www.vilaprag.cz\/\u00a0<\/a> nicht zug\u00e4nglich sein werden und wir in diesem Fall nicht verantwortlich gemacht werden k\u00f6nnen.<\/p>\n<p>Spezialisierte Werbeplattformen<\/p>\n<p>Mehrere professionelle Werbeplattformen bieten Ihnen auch die M\u00f6glichkeit, Cookies, die von Mitgliedsunternehmen verwendet werden, zu akzeptieren oder zu blockieren. Diese zentralisierten Mechanismen blockieren nicht die Anzeige von Anzeigen; sie verhindern lediglich die Installation von Cookies, die Anzeigen an Ihre Interessen anpassen.<\/p>\n<p>Sie k\u00f6nnen beispielsweise die Website <a href=\"http:\/\/www.youronlinechoices.com\" target=\"_new\" rel=\"noopener\">http:\/\/www.youronlinechoices.com<\/a> besuchen, um die Installation dieser Cookies auf Ihrem Ger\u00e4t zu verbieten. Diese Website wird von digitalen Werbefachleuten angeboten, die innerhalb der European Digital Advertising Alliance (EDAA) zusammengef\u00fchrt wurden und in Frankreich vom Interactive Advertising Bureau France verwaltet werden.<\/p>\n<\/div>\n<\/div>\n<\/div>\n<p>&nbsp;<\/p>\n","protected":false},"excerpt":{"rendered":"<p>Verwendung von Cookies durch LEVI, spol. s r.o. Wir m\u00f6chten Sie dar\u00fcber informieren, dass LEVI, spol. s r.o. Cookies oder andere Tracker auf seiner Website https:\/\/www.vilaprag.cz\/ verwendet. Diese Tracker k\u00f6nnen je nach den von Ihnen ge\u00e4u\u00dferten oder jederzeit entsprechend dieser Richtlinie ge\u00e4u\u00dferten Pr\u00e4ferenzen auf Ihrem Ger\u00e4t installiert werden. &nbsp; Warum eine Cookie-Richtlinie haben? Um Informationen [&hellip;]<\/p>\n","protected":false},"author":525,"featured_media":0,"parent":0,"menu_order":990,"comment_status":"closed","ping_status":"closed","template":"template-default-2.php","meta":{"footnotes":""},"categories":[],"class_list":["post-527","page","type-page","status-publish","hentry"],"yoast_head":"<!-- This site is optimized with the Yoast SEO plugin v26.9 - https:\/\/yoast.com\/product\/yoast-seo-wordpress\/ -->\n<title>Cookie-Richtlinie - Vila Prag<\/title>\n<meta name=\"description\" content=\"Verwendung von Cookies durch LEVI, spol. s r.o.   Wir m\u00f6chten Sie dar\u00fcber informieren, dass LEVI, spol\" \/>\n<meta name=\"robots\" content=\"index, follow, max-snippet:-1, max-image-preview:large, max-video-preview:-1\" \/>\n<link rel=\"canonical\" href=\"https:\/\/www.vilaprag.cz\/de\/cookie-richtlinie-einstellungen\/\" \/>\n<meta property=\"og:locale\" content=\"de_DE\" \/>\n<meta property=\"og:type\" content=\"article\" \/>\n<meta property=\"og:title\" content=\"Cookie-Richtlinie - Vila Prag\" \/>\n<meta property=\"og:description\" content=\"Verwendung von Cookies durch LEVI, spol. s r.o.   Wir m\u00f6chten Sie dar\u00fcber informieren, dass LEVI, spol\" \/>\n<meta property=\"og:url\" content=\"https:\/\/www.vilaprag.cz\/de\/cookie-richtlinie-einstellungen\/\" \/>\n<meta property=\"og:site_name\" content=\"Vila Prag\" \/>\n<meta property=\"article:modified_time\" content=\"2025-05-16T13:24:24+00:00\" \/>\n<meta name=\"twitter:card\" content=\"summary_large_image\" \/>\n<meta name=\"twitter:label1\" content=\"Gesch\u00e4tzte Lesezeit\" \/>\n\t<meta name=\"twitter:data1\" content=\"6 Minuten\" \/>\n<script type=\"application\/ld+json\" class=\"yoast-schema-graph\">{\"@context\":\"https:\/\/schema.org\",\"@graph\":[{\"@type\":\"WebPage\",\"@id\":\"https:\/\/www.vilaprag.cz\/de\/cookie-richtlinie-einstellungen\/\",\"url\":\"https:\/\/www.vilaprag.cz\/de\/cookie-richtlinie-einstellungen\/\",\"name\":\"Cookie-Richtlinie - Vila Prag\",\"isPartOf\":{\"@id\":\"https:\/\/www.vilaprag.cz\/de\/#website\"},\"datePublished\":\"2023-03-28T15:06:11+00:00\",\"dateModified\":\"2025-05-16T13:24:24+00:00\",\"description\":\"Verwendung von Cookies durch LEVI, spol. s r.o. Wir m\u00f6chten Sie dar\u00fcber informieren, dass LEVI, spol\",\"breadcrumb\":{\"@id\":\"https:\/\/www.vilaprag.cz\/de\/cookie-richtlinie-einstellungen\/#breadcrumb\"},\"inLanguage\":\"de-DE\",\"potentialAction\":[{\"@type\":\"ReadAction\",\"target\":[\"https:\/\/www.vilaprag.cz\/de\/cookie-richtlinie-einstellungen\/\"]}]},{\"@type\":\"BreadcrumbList\",\"@id\":\"https:\/\/www.vilaprag.cz\/de\/cookie-richtlinie-einstellungen\/#breadcrumb\",\"itemListElement\":[{\"@type\":\"ListItem\",\"position\":1,\"name\":\"Home\",\"item\":\"https:\/\/www.vilaprag.cz\/de\/\"},{\"@type\":\"ListItem\",\"position\":2,\"name\":\"Cookie-Richtlinie\"}]},{\"@type\":\"WebSite\",\"@id\":\"https:\/\/www.vilaprag.cz\/de\/#website\",\"url\":\"https:\/\/www.vilaprag.cz\/de\/\",\"name\":\"Vila Prag\",\"description\":\"Just another ms.decms.eu site\",\"potentialAction\":[{\"@type\":\"SearchAction\",\"target\":{\"@type\":\"EntryPoint\",\"urlTemplate\":\"https:\/\/www.vilaprag.cz\/de\/?s={search_term_string}\"},\"query-input\":{\"@type\":\"PropertyValueSpecification\",\"valueRequired\":true,\"valueName\":\"search_term_string\"}}],\"inLanguage\":\"de-DE\"}]}<\/script>\n<!-- \/ Yoast SEO plugin. -->","yoast_head_json":{"title":"Cookie-Richtlinie - Vila Prag","description":"Verwendung von Cookies durch LEVI, spol. s r.o.   Wir m\u00f6chten Sie dar\u00fcber informieren, dass LEVI, spol","robots":{"index":"index","follow":"follow","max-snippet":"max-snippet:-1","max-image-preview":"max-image-preview:large","max-video-preview":"max-video-preview:-1"},"canonical":"https:\/\/www.vilaprag.cz\/de\/cookie-richtlinie-einstellungen\/","og_locale":"de_DE","og_type":"article","og_title":"Cookie-Richtlinie - Vila Prag","og_description":"Verwendung von Cookies durch LEVI, spol. s r.o.   Wir m\u00f6chten Sie dar\u00fcber informieren, dass LEVI, spol","og_url":"https:\/\/www.vilaprag.cz\/de\/cookie-richtlinie-einstellungen\/","og_site_name":"Vila Prag","article_modified_time":"2025-05-16T13:24:24+00:00","twitter_card":"summary_large_image","twitter_misc":{"Gesch\u00e4tzte Lesezeit":"6 Minuten"},"schema":{"@context":"https:\/\/schema.org","@graph":[{"@type":"WebPage","@id":"https:\/\/www.vilaprag.cz\/de\/cookie-richtlinie-einstellungen\/","url":"https:\/\/www.vilaprag.cz\/de\/cookie-richtlinie-einstellungen\/","name":"Cookie-Richtlinie - Vila Prag","isPartOf":{"@id":"https:\/\/www.vilaprag.cz\/de\/#website"},"datePublished":"2023-03-28T15:06:11+00:00","dateModified":"2025-05-16T13:24:24+00:00","description":"Verwendung von Cookies durch LEVI, spol. s r.o. Wir m\u00f6chten Sie dar\u00fcber informieren, dass LEVI, spol","breadcrumb":{"@id":"https:\/\/www.vilaprag.cz\/de\/cookie-richtlinie-einstellungen\/#breadcrumb"},"inLanguage":"de-DE","potentialAction":[{"@type":"ReadAction","target":["https:\/\/www.vilaprag.cz\/de\/cookie-richtlinie-einstellungen\/"]}]},{"@type":"BreadcrumbList","@id":"https:\/\/www.vilaprag.cz\/de\/cookie-richtlinie-einstellungen\/#breadcrumb","itemListElement":[{"@type":"ListItem","position":1,"name":"Home","item":"https:\/\/www.vilaprag.cz\/de\/"},{"@type":"ListItem","position":2,"name":"Cookie-Richtlinie"}]},{"@type":"WebSite","@id":"https:\/\/www.vilaprag.cz\/de\/#website","url":"https:\/\/www.vilaprag.cz\/de\/","name":"Vila Prag","description":"Just another ms.decms.eu site","potentialAction":[{"@type":"SearchAction","target":{"@type":"EntryPoint","urlTemplate":"https:\/\/www.vilaprag.cz\/de\/?s={search_term_string}"},"query-input":{"@type":"PropertyValueSpecification","valueRequired":true,"valueName":"search_term_string"}}],"inLanguage":"de-DE"}]}},"acf":[],"_links":{"self":[{"href":"https:\/\/www.vilaprag.cz\/de\/wp-json\/wp\/v2\/pages\/527","targetHints":{"allow":["GET"]}}],"collection":[{"href":"https:\/\/www.vilaprag.cz\/de\/wp-json\/wp\/v2\/pages"}],"about":[{"href":"https:\/\/www.vilaprag.cz\/de\/wp-json\/wp\/v2\/types\/page"}],"author":[{"embeddable":true,"href":"https:\/\/www.vilaprag.cz\/de\/wp-json\/wp\/v2\/users\/525"}],"replies":[{"embeddable":true,"href":"https:\/\/www.vilaprag.cz\/de\/wp-json\/wp\/v2\/comments?post=527"}],"version-history":[{"count":0,"href":"https:\/\/www.vilaprag.cz\/de\/wp-json\/wp\/v2\/pages\/527\/revisions"}],"wp:attachment":[{"href":"https:\/\/www.vilaprag.cz\/de\/wp-json\/wp\/v2\/media?parent=527"}],"wp:term":[{"taxonomy":"category","embeddable":true,"href":"https:\/\/www.vilaprag.cz\/de\/wp-json\/wp\/v2\/categories?post=527"}],"curies":[{"name":"wp","href":"https:\/\/api.w.org\/{rel}","templated":true}]}}