{"id":526,"date":"2023-03-28T13:07:46","date_gmt":"2023-03-28T13:07:46","guid":{"rendered":"https:\/\/www.vilaprag.cz\/?page_id=526"},"modified":"2023-08-16T17:24:37","modified_gmt":"2023-08-16T17:24:37","slug":"impressum","status":"publish","type":"page","link":"https:\/\/www.vilaprag.cz\/de\/impressum\/","title":{"rendered":"Impressum"},"content":{"rendered":"<p><span style=\"font-weight: 400\">Diese Seite beschreibt, wie diese Website in Bezug auf die Verarbeitung personenbezogener Daten von Benutzern verwaltet wird. Dies ist eine Information gem\u00e4\u00df Art. 13 der EU-Verordnung 2016\/679, die am 25. Mai 2018 in Kraft getreten ist &#8211; die Datenschutz-Grundverordnung (DSGVO) &#8211; und f\u00fcr diejenigen gilt, die mit den Webdiensten von Vila Prag interagieren, die elektronisch unter der Webadresse erreichbar sind:<\/span><\/p>\n<p><span style=\"font-weight: 400\"><a href=\"https:\/\/www.vilaprag.cz\">https:\/\/www.vilaprag.cz<\/a>.<\/span><\/p>\n<p>Die bereitgestellten Informationen gelten nur f\u00fcr die Website <a href=\"http:\/\/www.vilaprag.cz\" target=\"_new\" rel=\"noopener\">www.vilaprag.cz<\/a> und nicht f\u00fcr andere Websites, auf die der Benutzer durch Links auf der Originalseite zugreifen kann, und entsprechen der Empfehlung Nr. 2\/2001 \u00fcber bestimmte Mindestanforderungen f\u00fcr die Online-Erhebung personenbezogener Daten in der Europ\u00e4ischen Union, die am 17. Mai 2001 vom Artikel 29-Datenschutzausschuss angenommen wurde.<\/p>\n<div class=\"flex flex-grow flex-col gap-3\">\n<div class=\"min-h-[20px] flex flex-col items-start gap-4 whitespace-pre-wrap\">\n<div class=\"markdown prose w-full break-words dark:prose-invert dark\">\n<p><strong>DATENVERANTWORTLICHER<\/strong><\/p>\n<p>Gem\u00e4\u00df Artikel 4, Punkt 7 der DSGVO 2016\/679 ist der Datenverantwortliche LEVI, spol. s r.o. mit Sitz in Brno, Pis\u00e1rky, Kalvodova 121\/23 PLZ 60200, Tel.: +420554721170, E-Mail: <a href=\"mailto:info@vilaprag.cz\" target=\"_new\" rel=\"noopener\">info@vilaprag.cz<\/a>.<\/p>\n<p><strong>DATENSCHUTZBEAUFTRAGTER<\/strong><\/p>\n<p>Gem\u00e4\u00df Artikel 37 der DSGVO 2016\/679 hat Michal Sorge offiziell einen Datenschutzbeauftragten (im Folgenden DSB) ernannt, dessen Kontaktdaten lauten: <a href=\"mailto:manager@vilaprag.cz\" target=\"_new\" rel=\"noopener\">manager@vilaprag.cz<\/a>.<\/p>\n<p>Der DSB steht zur Beantwortung von Informationsanfragen von Interessenten bez\u00fcglich der Verarbeitung ihrer personenbezogenen Daten und der Aus\u00fcbung ihrer Rechte zur Verf\u00fcgung.<\/p>\n<p><strong>DATENVERARBEITUNGSORT<\/strong><\/p>\n<p>Die Datenverarbeitung im Zusammenhang mit den von dieser Website bereitgestellten Webdiensten erfolgt am Hauptsitz des Eigent\u00fcmers und des Datenverarbeiters. Daten, die aus diesen Webdiensten stammen, werden nicht an Dritte weitergegeben oder verbreitet.<\/p>\n<p>Mithilfe von Cookies von Drittanbietern k\u00f6nnen Google und andere Unternehmen, die Drittanbieterprofilierungscookies verwenden, auch personenbezogene Daten au\u00dferhalb der Europ\u00e4ischen Gemeinschaft verarbeiten. Weitere Informationen zu diesem Thema finden Sie in der Cookie-Richtlinie.<\/p>\n<p>Personenbezogene Daten, die von Benutzern \u00fcbermittelt werden, die Informationsmaterial anfordern, werden nur zur Erbringung des angeforderten Dienstes oder der angeforderten Dienste verwendet. Die personenbezogenen Daten des Betroffenen, die \u00fcber bestimmte Formulare auf der Website erfasst wurden, k\u00f6nnen an Dienstleister weitergegeben werden, um den Vertrag zu erf\u00fcllen und die angeforderten Dienste zu liefern.<\/p>\n<\/div>\n<\/div>\n<\/div>\n<div class=\"flex flex-grow flex-col gap-3\">\n<div class=\"min-h-[20px] flex flex-col items-start gap-4 whitespace-pre-wrap\">\n<div class=\"markdown prose w-full break-words dark:prose-invert dark\">\n<p><strong>Durchsuchungsdaten<\/strong><\/p>\n<p>Die Computersysteme und Softwareverfahren, die zur Verwaltung dieser Website verwendet werden, erfassen w\u00e4hrend des normalen Betriebs einige personenbezogene Daten, deren \u00dcbertragung bei der Verwendung von Internetprotokollen implizit ist. Diese Daten werden nicht erhoben, um die betroffenen Personen zu identifizieren, k\u00f6nnen jedoch aufgrund ihrer Art bei Verarbeitung und Verwendung in Verbindung mit von Dritten gehaltenen Daten die Identifizierung von Benutzern erm\u00f6glichen. Zu dieser Datenkategorie geh\u00f6ren IP-Adressen oder Domainnamen der von Benutzern verwendeten Computer, die sich mit der Website verbinden, URI-Adressen (Uniform Resource Identifier) der angeforderten Ressourcen, die Zeit der Anforderung, die Methode zur \u00dcbermittlung der Anforderung an den Server, die Gr\u00f6\u00dfe der in Reaktion erhaltenen Datei, der numerische Code, der den Status der vom Server gegebenen Antwort angibt (erfolgreich, Fehler usw.), sowie andere Parameter in Bezug auf das Betriebssystem und die IT-Umgebung. Diese Daten werden nur zur Erstellung anonymer Statistiken \u00fcber die Nutzung der Website und zur \u00dcberpr\u00fcfung ihrer ordnungsgem\u00e4\u00dfen Funktion verwendet. Sie werden unmittelbar nach der Verarbeitung gel\u00f6scht. Die Daten k\u00f6nnten verwendet werden, um die Verantwortlichen bei hypothetischen Computerstraftaten gegen die Website zu identifizieren. In allen anderen F\u00e4llen werden die Webkontaktdaten derzeit nicht l\u00e4nger als drei\u00dfig Tage gespeichert.<\/p>\n<\/div>\n<\/div>\n<\/div>\n<div class=\"flex flex-grow flex-col gap-3\">\n<div class=\"min-h-[20px] flex flex-col items-start gap-4 whitespace-pre-wrap\">\n<div class=\"markdown prose w-full break-words dark:prose-invert dark\">\n<p>Datentypen, die von Benutzern freiwillig \u00fcbermittelt werden<\/p>\n<p>Die optionalen, ausdr\u00fccklichen und freiwilligen E-Mails, die an die auf dieser Website angegebenen Adressen gesendet werden, erfordern zwangsl\u00e4ufig die Erfassung der Absenderadresse, die f\u00fcr die Beantwortung von Anfragen erforderlich ist, sowie aller anderen pers\u00f6nlichen Daten, die in den Nachrichten enthalten sind. Eine Zusammenfassung der spezifischen Informationen wird regelm\u00e4\u00dfig auf den f\u00fcr spezifische On-Demand-Services erstellten Webseiten zur Verf\u00fcgung gestellt oder angezeigt.<\/p>\n<p><strong>Cookies<\/strong><\/p>\n<p>Die Verwendung von Session-Cookies (die nicht dauerhaft auf dem Computer des Benutzers gespeichert sind und gel\u00f6scht werden, wenn der Browser geschlossen wird) ist streng auf die \u00dcbermittlung von Sitzungsidentifikatoren beschr\u00e4nkt (bestehend aus zuf\u00e4lligen vom Server generierten Nummern), die erforderlich sind, um dem Benutzer ein sicheres und effizientes Surferlebnis zu bieten. Die Verwendung von Session-Cookies auf dieser Website vermeidet die Notwendigkeit, andere IT-Techniken zu verwenden, die potenziell nachteilig f\u00fcr die Vertraulichkeit von Benutzerdaten sind, die w\u00e4hrend der Navigation auf der Website erstellt wurden, und erlaubt nicht die Erfassung personenbezogener Daten, die den Benutzer identifizieren.<\/p>\n<p>Um Optionen bez\u00fcglich der Verwendung von Cookies durch LEVI, spol. s r.o. auszuw\u00e4hlen, zu \u00e4ndern oder weitere Informationen zu erhalten, klicken Sie auf die Cookie-Richtlinie.<\/p>\n<\/div>\n<\/div>\n<\/div>\n<p><strong>Verarbeitungsmethoden<\/strong><\/p>\n<p><span style=\"font-weight: 400\">Personenbezogene Daten werden mit automatisierten Werkzeugen f\u00fcr die Zeit verarbeitet, die f\u00fcr die Erreichung der Zwecke, f\u00fcr die sie erhoben wurden, erforderlich ist. Es werden spezifische Sicherheitsma\u00dfnahmen eingehalten, um Datenverlust, unrechtm\u00e4\u00dfige oder inkorrekte Verwendung und unbefugten Zugriff zu verhindern.<\/span><\/p>\n<div class=\"flex flex-grow flex-col gap-3\">\n<div class=\"min-h-[20px] flex flex-col items-start gap-4 whitespace-pre-wrap\">\n<div class=\"markdown prose w-full break-words dark:prose-invert dark\">\n<p><strong>ZWECK, RECHTSGRUNDLAGE UND ART DER BEREITSTELLUNG<\/strong><\/p>\n<\/div>\n<\/div>\n<\/div>\n<div class=\"flex flex-grow flex-col gap-3\">\n<div class=\"min-h-[20px] flex flex-col items-start gap-4 whitespace-pre-wrap\">\n<div class=\"markdown prose w-full break-words dark:prose-invert dark\">\n<p>Die von Ihnen \u00fcber die Website bereitgestellten personenbezogenen Daten werden von LEVI, spol. s r.o. zu folgenden Zwecken verarbeitet:<\/p>\n<ul>\n<li>Zwecke im Zusammenhang mit der Durchf\u00fchrung eines Vertrags, an dem die betroffene Person beteiligt ist, oder der Durchf\u00fchrung von vorvertraglichen Ma\u00dfnahmen auf deren Anfrage (z. B. f\u00fcr Anfragen, die \u00fcber das Kontaktformular eingereicht werden, Buchungsanfragen, Teilnahme an Sonderangeboten usw.). Eine Einwilligung ist nicht erforderlich. Die Rechtsgrundlage ist Artikel 6 Absatz 1b, die Verarbeitung ist zur Erf\u00fcllung eines Vertrags erforderlich, an dem die betroffene Person beteiligt ist, oder um auf Anfrage der betroffenen Person vor dem Abschluss eines Vertrags t\u00e4tig zu werden.<\/li>\n<li>Zwecke im Zusammenhang mit Werbe- und Handelsmaterial, das nach der freiwilligen Registrierung f\u00fcr den Newsletter des Hotels per E-Mail versandt wird. Hierf\u00fcr ist die ausdr\u00fcckliche Einwilligung der betroffenen Person oder die Verwendung von &#8222;Soft-Spam&#8220; (Direktmarketing per E-Mail) erforderlich. Die Rechtsgrundlage ist Artikel 6 Absatz 1b der DSGVO 2016\/679, der die Einwilligung der betroffenen Person oder die Abonnement des Newsletters gem\u00e4\u00df Artikel 6 Absatz 1f der DSGVO 2016\/679 erfordert und ein berechtigtes Interesse des Datenverantwortlichen darstellt.<\/li>\n<li>Zu Profilierungszwecken durch Cookies von Drittanbietern. Hierf\u00fcr ist gem\u00e4\u00df der Cookie-Richtlinie eine Einwilligung erforderlich.<\/li>\n<li>F\u00fcr statistische Forschung und Analyse anonymisierter aggregierter Daten zur Beurteilung der Funktionalit\u00e4t der Website, der Besucherzahl, der Benutzerfreundlichkeit der Website und um diese benutzerfreundlicher und n\u00fctzlicher zu machen. Eine Einwilligung ist nicht erforderlich, da dies keine Verarbeitung personenbezogener Daten beinhaltet.<\/li>\n<li>Zwecke im Zusammenhang mit der Einhaltung von Gesetzen und Vorschriften. Eine Einwilligung ist nicht erforderlich. Die Rechtsgrundlage ist Artikel 6 Absatz 1c der DSGVO 2016\/679.<\/li>\n<li>Zur Feststellung, Aus\u00fcbung oder Verteidigung von Rechtsanspr\u00fcchen vor Gericht oder wann immer Gerichte ihre rechtlichen Funktionen aus\u00fcben. Eine Einwilligung ist nicht erforderlich. Die Rechtsgrundlage ist Artikel 6 Absatz 1f der DSGVO 2016\/679, wenn die Verarbeitung zur Verfolgung der berechtigten Interessen des Verantwortlichen erforderlich ist.<\/li>\n<li>Zur Erf\u00fcllung einer rechtlichen oder beh\u00f6rdlichen Verpflichtung, der der Verantwortliche unterliegt. Eine Einwilligung ist nicht erforderlich. Die Rechtsgrundlage ist Artikel 6 Absatz 1f der DSGVO 2016\/679, wenn die Verarbeitung zur Erf\u00fcllung einer rechtlichen Verpflichtung erforderlich ist, der der Datenverantwortliche unterliegt.<\/li>\n<\/ul>\n<\/div>\n<\/div>\n<\/div>\n<p><strong>Die \u00dcbermittlung von personenbezogenen Daten in Nicht-EU-L\u00e4nder oder internationale Organisationen erfolgt nur in \u00dcbereinstimmung mit den geltenden Rechtsvorschriften und unter Einhaltung der vom Gesetz vorgeschriebenen Garantien.<\/strong><\/p>\n<div class=\"flex flex-grow flex-col gap-3\">\n<div class=\"min-h-[20px] flex flex-col items-start gap-4 whitespace-pre-wrap\">\n<div class=\"markdown prose w-full break-words dark:prose-invert dark\">\n<p>Einige personenbezogene Daten, die vom Betroffenen erhalten wurden, werden an Empf\u00e4nger au\u00dferhalb der Europ\u00e4ischen Gemeinschaft \u00fcbermittelt. LEVI, spol. s r.o. stellt sicher, dass die elektronische und papiergebundene Verarbeitung Ihrer personenbezogenen Daten durch die Empf\u00e4nger in \u00dcbereinstimmung mit dem anwendbaren Recht erfolgt, das au\u00dferhalb der EU Rechtsstatus hat.<\/p>\n<p>Andernfalls unterliegen Daten\u00fcbertragungen einer Angemessenheitsentscheidung oder der Einhaltung der von der Europ\u00e4ischen Kommission genehmigten Standardvertragsklauseln oder, im Falle von \u00dcbertragungen in die USA, der Einhaltung der Privacy Shield-Richtlinien.<\/p>\n<\/div>\n<\/div>\n<\/div>\n<div class=\"flex flex-grow flex-col gap-3\">\n<div class=\"min-h-[20px] flex flex-col items-start gap-4 whitespace-pre-wrap\">\n<div class=\"markdown prose w-full break-words dark:prose-invert dark\">\n<p><strong>Umfang der \u00dcbermittlung von personenbezogenen Daten<\/strong><\/p>\n<\/div>\n<\/div>\n<\/div>\n<div class=\"flex flex-grow flex-col gap-3\">\n<div class=\"min-h-[20px] flex flex-col items-start gap-4 whitespace-pre-wrap\">\n<div class=\"markdown prose w-full break-words dark:prose-invert dark\">\n<p>Die \u00fcber die betreffende Website erworbenen personenbezogenen Daten k\u00f6nnen an folgende Empf\u00e4nger weitergegeben werden:<\/p>\n<ul>\n<li>Personen, die von Michal Sorge zur Verarbeitung autorisiert wurden;<\/li>\n<li>Die Web-Agentur D-Edge (jedes Unternehmen, das an der Verwaltung der Website beteiligt ist), die zur Verwaltung der Website ausgew\u00e4hlt wurde und technischen Support bereitstellt.<\/li>\n<li>\u00d6ffentliche \u00c4mter und Organisationen im Rahmen von rechtlichen und\/oder vertraglichen Verpflichtungen.<\/li>\n<li>Dritte Unternehmen, die die Website hosten.<\/li>\n<\/ul>\n<p>Eine aktualisierte Liste aller externen Manager, die gem\u00e4\u00df Art. 28 der DSGVO 2016\/679 ernannt wurden, kann beim Datenverantwortlichen angefordert werden.<\/p>\n<\/div>\n<\/div>\n<\/div>\n<div class=\"flex flex-grow flex-col gap-3\">\n<div class=\"min-h-[20px] flex flex-col items-start gap-4 whitespace-pre-wrap\">\n<div class=\"markdown prose w-full break-words dark:prose-invert dark\">\n<p><strong>DATENSPEICHERUNG<\/strong><\/p>\n<p>LEVI, spol. s r.o. verarbeitet die personenbezogenen Daten des Nutzers nur f\u00fcr die Zeit, die zur Erreichung der in diesem Dokument dargelegten Zwecke und gem\u00e4\u00df den Bestimmungen des italienischen Rechts erforderlich ist, um die Interessen der Nutzer zu sch\u00fctzen (Artikel 2947 Absatz 1 Buchstabe 3 des italienischen Zivilgesetzbuches).<\/p>\n<p>Der Nutzer bleibt bis zur Aus\u00fcbung seines Rechts auf Widerruf \u00fcber das Abonnement des Newsletters des Unternehmens informiert, das durch Klicken auf einen Link in jeder versendeten E-Mail einfach widerrufen werden kann.<\/p>\n<\/div>\n<\/div>\n<\/div>\n<div class=\"flex flex-grow flex-col gap-3\">\n<div class=\"min-h-[20px] flex flex-col items-start gap-4 whitespace-pre-wrap\">\n<div class=\"markdown prose w-full break-words dark:prose-invert dark\">\n<p><strong>AUTOMATISIERTE VERARBEITUNG<\/strong><\/p>\n<p>LEVI, spol. s r.o. sendet keine personalisierten E-Mails, nutzt jedoch Profiling-Cookies. Informationen \u00fcber die verwendeten Profiling-Cookies und deren Interaktion mit sozialen Medien finden Sie in der Cookie-Richtlinie.<\/p>\n<\/div>\n<\/div>\n<\/div>\n<p>Das Sicherheitssystem der Buchungsplattform FastBooking verwendet die bei der Buchung angegebenen Kreditkartendetails gem\u00e4\u00df dem PCI-DSS-Sicherheitsprotokoll (Payment Card Industry Data Security Standard). Alle w\u00e4hrend einer SSL-Sitzung an diese Seite \u00fcbermittelten Informationen sind verschl\u00fcsselt und vor Offenlegung f\u00fcr Dritte gesch\u00fctzt.<\/p>\n<p><strong>RECHTE DER BETROFFENEN<\/strong><\/p>\n<div class=\"relative flex w-[calc(100%-50px)] flex-col gap-1 md:gap-3 lg:w-[calc(100%-115px)]\">\n<div class=\"flex flex-grow flex-col gap-3\">\n<div class=\"min-h-[20px] flex flex-col items-start gap-4 whitespace-pre-wrap\">\n<div class=\"markdown prose w-full break-words dark:prose-invert dark\">\n<p>Der Nutzer kann die in den Artikeln 15 ff. der DSGVO 2016\/679 genannten Rechte frei aus\u00fcben oder:<\/p>\n<\/div>\n<\/div>\n<\/div>\n<p>Sie k\u00f6nnen ihre Einwilligung jederzeit widerrufen. Nutzer k\u00f6nnen ihre Einwilligung zur Verarbeitung ihrer personenbezogenen Daten wie oben beschrieben widerrufen.<br \/>\ndas Recht, der Verarbeitung ihrer Daten zu widersprechen. Nutzer k\u00f6nnen der Verarbeitung ihrer Daten widersprechen, wenn sie auf einer anderen Rechtsgrundlage als der Einwilligung durchgef\u00fchrt wird.<br \/>\ndas Recht auf Zugang zu ihren Daten. Nutzer haben das Recht, Informationen dar\u00fcber zu erhalten, welche Daten vom Verantwortlichen verarbeitet werden und \u00fcber bestimmte Aspekte der Verarbeitungsmethodik informiert zu werden sowie eine Kopie der verarbeiteten Daten zu erhalten.<br \/>\ndas Recht auf Berichtigung ungenauer personenbezogener Daten. Nutzer k\u00f6nnen \u00fcberpr\u00fcfen, ob ihre Daten korrekt sind, und ihre Aktualisierung oder Korrektur bei Bedarf verlangen.<br \/>\ndas Recht auf Einschr\u00e4nkung der Verarbeitung. In bestimmten Umst\u00e4nden k\u00f6nnen Nutzer verlangen, dass Einschr\u00e4nkungen bei der Verarbeitung ihrer Daten gesetzt werden. In diesem Fall darf der Verantwortliche die Daten nicht zu einem anderen Zweck als der Speicherung verarbeiten.<br \/>\ndas Recht auf L\u00f6schung oder Entfernung ihrer personenbezogenen Daten. In bestimmten Umst\u00e4nden k\u00f6nnen Nutzer die L\u00f6schung ihrer Daten durch den Verantwortlichen beantragen.<br \/>\ndas Recht auf \u00dcbertragbarkeit der Daten. Nutzer haben das Recht, ihre Daten in einem strukturierten, g\u00e4ngigen und maschinenlesbaren Format zu erhalten, sofern dies technisch machbar ist, und sie ohne Behinderung an einen anderen Verantwortlichen zu \u00fcbertragen. Diese Bestimmung gilt, wenn die Daten automatisch verarbeitet werden und die Verarbeitung auf der Einwilligung des Nutzers, einem Vertrag, an dem der Nutzer beteiligt ist, oder damit verbundenen vertraglichen Bestimmungen beruht.<br \/>\ndas Recht, eine Beschwerde einzureichen. Nutzer k\u00f6nnen eine Beschwerde bei der zust\u00e4ndigen Aufsichtsbeh\u00f6rde f\u00fcr den Schutz personenbezogener Daten einreichen oder rechtliche Schritte einleiten.<\/p>\n<\/div>\n<p>&nbsp;<\/p>\n<p><strong>Wie Sie Ihre Rechte aus\u00fcben k\u00f6nnen<\/strong><\/p>\n<p><span style=\"font-weight: 400\">LEVI, spol. s r.o. hat einen organisatorischen Prozess eingerichtet, um die Aus\u00fcbung der Rechte der betroffenen Parteien zu erleichtern. Kontaktieren Sie einfach die Gesch\u00e4ftsleitung des Unternehmens unter: <a href=\"mailto:manager@vilaprag.cz\" target=\"_new\" rel=\"noopener\">manager@vilaprag.cz<\/a>.<\/span><\/p>\n<p>&nbsp;<\/p>\n<p><strong>AKTUALISIERUNGEN UND \u00dcBERARBEITUNGEN<\/strong><\/p>\n<p><span style=\"font-weight: 400\">Die Datenschutzrichtlinie wurde am 1.11.2022 auf Revision 1 aktualisiert und kann zuk\u00fcnftigen \u00dcberarbeitungen unterliegen.<\/span><\/p>\n<p>&nbsp;<\/p>\n","protected":false},"excerpt":{"rendered":"<p>Diese Seite beschreibt, wie diese Website in Bezug auf die Verarbeitung personenbezogener Daten von Benutzern verwaltet wird. Dies ist eine Information gem\u00e4\u00df Art. 13 der EU-Verordnung 2016\/679, die am 25. Mai 2018 in Kraft getreten ist &#8211; die Datenschutz-Grundverordnung (DSGVO) &#8211; und f\u00fcr diejenigen gilt, die mit den Webdiensten von Vila Prag interagieren, die elektronisch [&hellip;]<\/p>\n","protected":false},"author":525,"featured_media":0,"parent":0,"menu_order":996,"comment_status":"closed","ping_status":"closed","template":"template-default-4.php","meta":{"footnotes":""},"categories":[],"class_list":["post-526","page","type-page","status-publish","hentry"],"yoast_head":"<!-- This site is optimized with the Yoast SEO plugin v26.9 - https:\/\/yoast.com\/product\/yoast-seo-wordpress\/ -->\n<title>Impressum - Vila Prag<\/title>\n<meta name=\"description\" content=\"Diese Seite beschreibt, wie diese Website in Bezug auf die Verarbeitung personenbezogener Daten von Benutzern verwaltet wird. Dies ist eine Information gem\u00e4\u00df Art\" \/>\n<meta name=\"robots\" content=\"index, follow, max-snippet:-1, max-image-preview:large, max-video-preview:-1\" \/>\n<link rel=\"canonical\" href=\"https:\/\/www.vilaprag.cz\/de\/impressum\/\" \/>\n<meta property=\"og:locale\" content=\"de_DE\" \/>\n<meta property=\"og:type\" content=\"article\" \/>\n<meta property=\"og:title\" content=\"Impressum - Vila Prag\" \/>\n<meta property=\"og:description\" content=\"Diese Seite beschreibt, wie diese Website in Bezug auf die Verarbeitung personenbezogener Daten von Benutzern verwaltet wird. Dies ist eine Information gem\u00e4\u00df Art\" \/>\n<meta property=\"og:url\" content=\"https:\/\/www.vilaprag.cz\/de\/impressum\/\" \/>\n<meta property=\"og:site_name\" content=\"Vila Prag\" \/>\n<meta property=\"article:modified_time\" content=\"2023-08-16T17:24:37+00:00\" \/>\n<meta name=\"twitter:card\" content=\"summary_large_image\" \/>\n<meta name=\"twitter:label1\" content=\"Gesch\u00e4tzte Lesezeit\" \/>\n\t<meta name=\"twitter:data1\" content=\"10 Minuten\" \/>\n<script type=\"application\/ld+json\" class=\"yoast-schema-graph\">{\"@context\":\"https:\/\/schema.org\",\"@graph\":[{\"@type\":\"WebPage\",\"@id\":\"https:\/\/www.vilaprag.cz\/de\/impressum\/\",\"url\":\"https:\/\/www.vilaprag.cz\/de\/impressum\/\",\"name\":\"Impressum - Vila Prag\",\"isPartOf\":{\"@id\":\"https:\/\/www.vilaprag.cz\/de\/#website\"},\"datePublished\":\"2023-03-28T13:07:46+00:00\",\"dateModified\":\"2023-08-16T17:24:37+00:00\",\"description\":\"Diese Seite beschreibt, wie diese Website in Bezug auf die Verarbeitung personenbezogener Daten von Benutzern verwaltet wird. Dies ist eine Information gem\u00e4\u00df Art\",\"breadcrumb\":{\"@id\":\"https:\/\/www.vilaprag.cz\/de\/impressum\/#breadcrumb\"},\"inLanguage\":\"de-DE\",\"potentialAction\":[{\"@type\":\"ReadAction\",\"target\":[\"https:\/\/www.vilaprag.cz\/de\/impressum\/\"]}]},{\"@type\":\"BreadcrumbList\",\"@id\":\"https:\/\/www.vilaprag.cz\/de\/impressum\/#breadcrumb\",\"itemListElement\":[{\"@type\":\"ListItem\",\"position\":1,\"name\":\"Home\",\"item\":\"https:\/\/www.vilaprag.cz\/de\/\"},{\"@type\":\"ListItem\",\"position\":2,\"name\":\"Impressum\"}]},{\"@type\":\"WebSite\",\"@id\":\"https:\/\/www.vilaprag.cz\/de\/#website\",\"url\":\"https:\/\/www.vilaprag.cz\/de\/\",\"name\":\"Vila Prag\",\"description\":\"Just another ms.decms.eu site\",\"potentialAction\":[{\"@type\":\"SearchAction\",\"target\":{\"@type\":\"EntryPoint\",\"urlTemplate\":\"https:\/\/www.vilaprag.cz\/de\/?s={search_term_string}\"},\"query-input\":{\"@type\":\"PropertyValueSpecification\",\"valueRequired\":true,\"valueName\":\"search_term_string\"}}],\"inLanguage\":\"de-DE\"}]}<\/script>\n<!-- \/ Yoast SEO plugin. -->","yoast_head_json":{"title":"Impressum - Vila Prag","description":"Diese Seite beschreibt, wie diese Website in Bezug auf die Verarbeitung personenbezogener Daten von Benutzern verwaltet wird. Dies ist eine Information gem\u00e4\u00df Art","robots":{"index":"index","follow":"follow","max-snippet":"max-snippet:-1","max-image-preview":"max-image-preview:large","max-video-preview":"max-video-preview:-1"},"canonical":"https:\/\/www.vilaprag.cz\/de\/impressum\/","og_locale":"de_DE","og_type":"article","og_title":"Impressum - Vila Prag","og_description":"Diese Seite beschreibt, wie diese Website in Bezug auf die Verarbeitung personenbezogener Daten von Benutzern verwaltet wird. Dies ist eine Information gem\u00e4\u00df Art","og_url":"https:\/\/www.vilaprag.cz\/de\/impressum\/","og_site_name":"Vila Prag","article_modified_time":"2023-08-16T17:24:37+00:00","twitter_card":"summary_large_image","twitter_misc":{"Gesch\u00e4tzte Lesezeit":"10 Minuten"},"schema":{"@context":"https:\/\/schema.org","@graph":[{"@type":"WebPage","@id":"https:\/\/www.vilaprag.cz\/de\/impressum\/","url":"https:\/\/www.vilaprag.cz\/de\/impressum\/","name":"Impressum - Vila Prag","isPartOf":{"@id":"https:\/\/www.vilaprag.cz\/de\/#website"},"datePublished":"2023-03-28T13:07:46+00:00","dateModified":"2023-08-16T17:24:37+00:00","description":"Diese Seite beschreibt, wie diese Website in Bezug auf die Verarbeitung personenbezogener Daten von Benutzern verwaltet wird. Dies ist eine Information gem\u00e4\u00df Art","breadcrumb":{"@id":"https:\/\/www.vilaprag.cz\/de\/impressum\/#breadcrumb"},"inLanguage":"de-DE","potentialAction":[{"@type":"ReadAction","target":["https:\/\/www.vilaprag.cz\/de\/impressum\/"]}]},{"@type":"BreadcrumbList","@id":"https:\/\/www.vilaprag.cz\/de\/impressum\/#breadcrumb","itemListElement":[{"@type":"ListItem","position":1,"name":"Home","item":"https:\/\/www.vilaprag.cz\/de\/"},{"@type":"ListItem","position":2,"name":"Impressum"}]},{"@type":"WebSite","@id":"https:\/\/www.vilaprag.cz\/de\/#website","url":"https:\/\/www.vilaprag.cz\/de\/","name":"Vila Prag","description":"Just another ms.decms.eu site","potentialAction":[{"@type":"SearchAction","target":{"@type":"EntryPoint","urlTemplate":"https:\/\/www.vilaprag.cz\/de\/?s={search_term_string}"},"query-input":{"@type":"PropertyValueSpecification","valueRequired":true,"valueName":"search_term_string"}}],"inLanguage":"de-DE"}]}},"acf":[],"_links":{"self":[{"href":"https:\/\/www.vilaprag.cz\/de\/wp-json\/wp\/v2\/pages\/526","targetHints":{"allow":["GET"]}}],"collection":[{"href":"https:\/\/www.vilaprag.cz\/de\/wp-json\/wp\/v2\/pages"}],"about":[{"href":"https:\/\/www.vilaprag.cz\/de\/wp-json\/wp\/v2\/types\/page"}],"author":[{"embeddable":true,"href":"https:\/\/www.vilaprag.cz\/de\/wp-json\/wp\/v2\/users\/525"}],"replies":[{"embeddable":true,"href":"https:\/\/www.vilaprag.cz\/de\/wp-json\/wp\/v2\/comments?post=526"}],"version-history":[{"count":0,"href":"https:\/\/www.vilaprag.cz\/de\/wp-json\/wp\/v2\/pages\/526\/revisions"}],"wp:attachment":[{"href":"https:\/\/www.vilaprag.cz\/de\/wp-json\/wp\/v2\/media?parent=526"}],"wp:term":[{"taxonomy":"category","embeddable":true,"href":"https:\/\/www.vilaprag.cz\/de\/wp-json\/wp\/v2\/categories?post=526"}],"curies":[{"name":"wp","href":"https:\/\/api.w.org\/{rel}","templated":true}]}}