{"id":518,"date":"2023-03-27T09:44:16","date_gmt":"2023-03-27T09:44:16","guid":{"rendered":"https:\/\/www.vilaprag.cz\/?page_id=518"},"modified":"2024-12-19T15:41:19","modified_gmt":"2024-12-19T15:41:19","slug":"uber-jaroslav-dietl","status":"publish","type":"page","link":"https:\/\/www.vilaprag.cz\/de\/uber-uns\/uber-jaroslav-dietl\/","title":{"rendered":"\u00dcber Jaroslav Dietl"},"content":{"rendered":"<p>Jaroslav Dietl (22. Mai 1929, Zagreb &#8211; 29. Juni 1985, Prag) war ein tschechischer Autor von Fernsehserien, Drehb\u00fcchern f\u00fcr Film und Fernsehen, Dramatiker und Dramaturg, der haupts\u00e4chlich w\u00e4hrend der Zeit der Normalisierung arbeitete.<\/p>\n<p>Dietl gilt als der erste tschechische Autor, der Mehr-Generationen-Dramaserien im gro\u00dfen Stil schuf. Das Schema seiner Erz\u00e4hlung basierte auf bestimmten sozialen Umgebungen wie Gesundheit, Landwirtschaft, Industrie und Handel, die das Verhalten und die Beziehungen seiner Charaktere umrahmten.<\/p>\n","protected":false},"excerpt":{"rendered":"<p>Jaroslav Dietl (22. Mai 1929, Zagreb &#8211; 29. Juni 1985, Prag) war ein tschechischer Autor von Fernsehserien, Drehb\u00fcchern f\u00fcr Film und Fernsehen, Dramatiker und Dramaturg, der haupts\u00e4chlich w\u00e4hrend der Zeit der Normalisierung arbeitete. Dietl gilt als der erste tschechische Autor, der Mehr-Generationen-Dramaserien im gro\u00dfen Stil schuf. Das Schema seiner Erz\u00e4hlung basierte auf bestimmten sozialen Umgebungen [&hellip;]<\/p>\n","protected":false},"author":525,"featured_media":0,"parent":515,"menu_order":3,"comment_status":"closed","ping_status":"closed","template":"template-default-3.php","meta":{"footnotes":""},"categories":[],"class_list":["post-518","page","type-page","status-publish","hentry"],"yoast_head":"<!-- This site is optimized with the Yoast SEO plugin v26.9 - https:\/\/yoast.com\/product\/yoast-seo-wordpress\/ -->\n<title>\u00dcber Jaroslav Dietl - Vila Prag<\/title>\n<meta name=\"description\" content=\"Jaroslav Dietl (22. Mai 1929, Zagreb - 29\" \/>\n<meta name=\"robots\" content=\"index, follow, max-snippet:-1, max-image-preview:large, max-video-preview:-1\" \/>\n<link rel=\"canonical\" href=\"https:\/\/www.vilaprag.cz\/de\/uber-uns\/uber-jaroslav-dietl\/\" \/>\n<meta property=\"og:locale\" content=\"de_DE\" \/>\n<meta property=\"og:type\" content=\"article\" \/>\n<meta property=\"og:title\" content=\"\u00dcber Jaroslav Dietl - Vila Prag\" \/>\n<meta property=\"og:description\" content=\"Jaroslav Dietl (22. Mai 1929, Zagreb - 29\" \/>\n<meta property=\"og:url\" content=\"https:\/\/www.vilaprag.cz\/de\/uber-uns\/uber-jaroslav-dietl\/\" \/>\n<meta property=\"og:site_name\" content=\"Vila Prag\" \/>\n<meta property=\"article:modified_time\" content=\"2024-12-19T15:41:19+00:00\" \/>\n<meta name=\"twitter:card\" content=\"summary_large_image\" \/>\n<meta name=\"twitter:label1\" content=\"Gesch\u00e4tzte Lesezeit\" \/>\n\t<meta name=\"twitter:data1\" content=\"1 Minute\" \/>\n<script type=\"application\/ld+json\" class=\"yoast-schema-graph\">{\"@context\":\"https:\/\/schema.org\",\"@graph\":[{\"@type\":\"WebPage\",\"@id\":\"https:\/\/www.vilaprag.cz\/de\/uber-uns\/uber-jaroslav-dietl\/\",\"url\":\"https:\/\/www.vilaprag.cz\/de\/uber-uns\/uber-jaroslav-dietl\/\",\"name\":\"\u00dcber Jaroslav Dietl - Vila Prag\",\"isPartOf\":{\"@id\":\"https:\/\/www.vilaprag.cz\/de\/#website\"},\"datePublished\":\"2023-03-27T09:44:16+00:00\",\"dateModified\":\"2024-12-19T15:41:19+00:00\",\"description\":\"Jaroslav Dietl (22. Mai 1929, Zagreb - 29\",\"breadcrumb\":{\"@id\":\"https:\/\/www.vilaprag.cz\/de\/uber-uns\/uber-jaroslav-dietl\/#breadcrumb\"},\"inLanguage\":\"de-DE\",\"potentialAction\":[{\"@type\":\"ReadAction\",\"target\":[\"https:\/\/www.vilaprag.cz\/de\/uber-uns\/uber-jaroslav-dietl\/\"]}]},{\"@type\":\"BreadcrumbList\",\"@id\":\"https:\/\/www.vilaprag.cz\/de\/uber-uns\/uber-jaroslav-dietl\/#breadcrumb\",\"itemListElement\":[{\"@type\":\"ListItem\",\"position\":1,\"name\":\"Home\",\"item\":\"https:\/\/www.vilaprag.cz\/de\/\"},{\"@type\":\"ListItem\",\"position\":2,\"name\":\"\u00dcber uns\",\"item\":\"https:\/\/www.vilaprag.cz\/de\/uber-uns\/\"},{\"@type\":\"ListItem\",\"position\":3,\"name\":\"\u00dcber Jaroslav Dietl\"}]},{\"@type\":\"WebSite\",\"@id\":\"https:\/\/www.vilaprag.cz\/de\/#website\",\"url\":\"https:\/\/www.vilaprag.cz\/de\/\",\"name\":\"Vila Prag\",\"description\":\"Just another ms.decms.eu site\",\"potentialAction\":[{\"@type\":\"SearchAction\",\"target\":{\"@type\":\"EntryPoint\",\"urlTemplate\":\"https:\/\/www.vilaprag.cz\/de\/?s={search_term_string}\"},\"query-input\":{\"@type\":\"PropertyValueSpecification\",\"valueRequired\":true,\"valueName\":\"search_term_string\"}}],\"inLanguage\":\"de-DE\"}]}<\/script>\n<!-- \/ Yoast SEO plugin. -->","yoast_head_json":{"title":"\u00dcber Jaroslav Dietl - Vila Prag","description":"Jaroslav Dietl (22. Mai 1929, Zagreb - 29","robots":{"index":"index","follow":"follow","max-snippet":"max-snippet:-1","max-image-preview":"max-image-preview:large","max-video-preview":"max-video-preview:-1"},"canonical":"https:\/\/www.vilaprag.cz\/de\/uber-uns\/uber-jaroslav-dietl\/","og_locale":"de_DE","og_type":"article","og_title":"\u00dcber Jaroslav Dietl - Vila Prag","og_description":"Jaroslav Dietl (22. Mai 1929, Zagreb - 29","og_url":"https:\/\/www.vilaprag.cz\/de\/uber-uns\/uber-jaroslav-dietl\/","og_site_name":"Vila Prag","article_modified_time":"2024-12-19T15:41:19+00:00","twitter_card":"summary_large_image","twitter_misc":{"Gesch\u00e4tzte Lesezeit":"1 Minute"},"schema":{"@context":"https:\/\/schema.org","@graph":[{"@type":"WebPage","@id":"https:\/\/www.vilaprag.cz\/de\/uber-uns\/uber-jaroslav-dietl\/","url":"https:\/\/www.vilaprag.cz\/de\/uber-uns\/uber-jaroslav-dietl\/","name":"\u00dcber Jaroslav Dietl - Vila Prag","isPartOf":{"@id":"https:\/\/www.vilaprag.cz\/de\/#website"},"datePublished":"2023-03-27T09:44:16+00:00","dateModified":"2024-12-19T15:41:19+00:00","description":"Jaroslav Dietl (22. Mai 1929, Zagreb - 29","breadcrumb":{"@id":"https:\/\/www.vilaprag.cz\/de\/uber-uns\/uber-jaroslav-dietl\/#breadcrumb"},"inLanguage":"de-DE","potentialAction":[{"@type":"ReadAction","target":["https:\/\/www.vilaprag.cz\/de\/uber-uns\/uber-jaroslav-dietl\/"]}]},{"@type":"BreadcrumbList","@id":"https:\/\/www.vilaprag.cz\/de\/uber-uns\/uber-jaroslav-dietl\/#breadcrumb","itemListElement":[{"@type":"ListItem","position":1,"name":"Home","item":"https:\/\/www.vilaprag.cz\/de\/"},{"@type":"ListItem","position":2,"name":"\u00dcber uns","item":"https:\/\/www.vilaprag.cz\/de\/uber-uns\/"},{"@type":"ListItem","position":3,"name":"\u00dcber Jaroslav Dietl"}]},{"@type":"WebSite","@id":"https:\/\/www.vilaprag.cz\/de\/#website","url":"https:\/\/www.vilaprag.cz\/de\/","name":"Vila Prag","description":"Just another ms.decms.eu site","potentialAction":[{"@type":"SearchAction","target":{"@type":"EntryPoint","urlTemplate":"https:\/\/www.vilaprag.cz\/de\/?s={search_term_string}"},"query-input":{"@type":"PropertyValueSpecification","valueRequired":true,"valueName":"search_term_string"}}],"inLanguage":"de-DE"}]}},"acf":[],"_links":{"self":[{"href":"https:\/\/www.vilaprag.cz\/de\/wp-json\/wp\/v2\/pages\/518","targetHints":{"allow":["GET"]}}],"collection":[{"href":"https:\/\/www.vilaprag.cz\/de\/wp-json\/wp\/v2\/pages"}],"about":[{"href":"https:\/\/www.vilaprag.cz\/de\/wp-json\/wp\/v2\/types\/page"}],"author":[{"embeddable":true,"href":"https:\/\/www.vilaprag.cz\/de\/wp-json\/wp\/v2\/users\/525"}],"replies":[{"embeddable":true,"href":"https:\/\/www.vilaprag.cz\/de\/wp-json\/wp\/v2\/comments?post=518"}],"version-history":[{"count":0,"href":"https:\/\/www.vilaprag.cz\/de\/wp-json\/wp\/v2\/pages\/518\/revisions"}],"up":[{"embeddable":true,"href":"https:\/\/www.vilaprag.cz\/de\/wp-json\/wp\/v2\/pages\/515"}],"wp:attachment":[{"href":"https:\/\/www.vilaprag.cz\/de\/wp-json\/wp\/v2\/media?parent=518"}],"wp:term":[{"taxonomy":"category","embeddable":true,"href":"https:\/\/www.vilaprag.cz\/de\/wp-json\/wp\/v2\/categories?post=518"}],"curies":[{"name":"wp","href":"https:\/\/api.w.org\/{rel}","templated":true}]}}