{"id":515,"date":"2023-03-27T09:41:15","date_gmt":"2023-03-27T09:41:15","guid":{"rendered":"https:\/\/www.vilaprag.cz\/?page_id=515"},"modified":"2023-04-11T07:56:54","modified_gmt":"2023-04-11T07:56:54","slug":"uber-uns","status":"publish","type":"page","link":"https:\/\/www.vilaprag.cz\/de\/uber-uns\/","title":{"rendered":"\u00dcber uns"},"content":{"rendered":"<p>Die Villa Prag befindet sich in einer ruhigen Sackgasse in der Stra\u00dfe <strong>Pod Habrovou<\/strong>, in der urspr\u00fcnglichen Villenentwicklung des Gartenbezirks Barrandov mit viel Gr\u00fcn. Jeder, der die Villa besucht hat, kann die einzigartige Atmosph\u00e4re dieses Ortes sp\u00fcren.<\/p>\n<p>Die Villa wurde als Wohnhaus des bekannten tschechischen Drehbuchautors <a href=\"https:\/\/www.vilaprag.cz\/de\/uber-uns\/uber-jaroslav-dietl\/\">Jaroslav Dietl<\/a> erbaut und der Abdruck seiner Kreativit\u00e4t ist im Haus und seiner Umgebung sp\u00fcrbar.<\/p>\n<p><strong>Die Villa wurde im Jahr 2010 einer Gesamtrenovierung unterzogen<\/strong> und die urspr\u00fcngliche Idee des Architekten <em>Jan Kaplicky<\/em> wurde erneuert. Leider wurden einige &#8222;lustige&#8220; Aspekte wie z.B. ein Speiseaufzug, Rohrleitungen zur W\u00e4scherei und so weiter nicht erhalten, da sie nicht dem zeitgem\u00e4\u00dfen Gebrauch dienten.<\/p>\n<p>Aber man kann sehen, dass dieses Haus sehr besonders ist und wir sind sehr geehrt, Sie als unseren Gast willkommen zu hei\u00dfen. Die Villa kann viele Zwecke erf\u00fcllen. Es ist ein gro\u00dfartiger Ort, um mit Ihrer Familie oder Freunden zu bleiben, aber es kann auch die notwendige Atmosph\u00e4re f\u00fcr Ihre Firmenpr\u00e4sentation und jedes andere unvergessliche Ereignis bieten.<\/p>\n","protected":false},"excerpt":{"rendered":"<p>Die Villa Prag befindet sich in einer ruhigen Sackgasse in der Stra\u00dfe Pod Habrovou, in der urspr\u00fcnglichen Villenentwicklung des Gartenbezirks Barrandov mit viel Gr\u00fcn. Jeder, der die Villa besucht hat, kann die einzigartige Atmosph\u00e4re dieses Ortes sp\u00fcren. Die Villa wurde als Wohnhaus des bekannten tschechischen Drehbuchautors Jaroslav Dietl erbaut und der Abdruck seiner Kreativit\u00e4t ist [&hellip;]<\/p>\n","protected":false},"author":525,"featured_media":0,"parent":0,"menu_order":2,"comment_status":"closed","ping_status":"closed","template":"template-default-2.php","meta":{"footnotes":""},"categories":[],"class_list":["post-515","page","type-page","status-publish","hentry"],"yoast_head":"<!-- This site is optimized with the Yoast SEO plugin v26.9 - https:\/\/yoast.com\/product\/yoast-seo-wordpress\/ -->\n<title>\u00dcber uns - Vila Prag<\/title>\n<meta name=\"description\" content=\"Die Villa Prag befindet sich in einer ruhigen Sackgasse in der Stra\u00dfe Pod Habrovou, in der urspr\u00fcnglichen Villenentwicklung des Gartenbezirks Barrandov mit viel Gr\u00fcn. Jeder, der die Villa besucht hat, kann die einzigartige Atmosph\u00e4re dieses Ortes sp\u00fcren.  Die Villa wurde als Wohnhaus des bekannten tschechischen Drehbuchautors Jaroslav Dietl erbaut und der Abdruck seiner Kreativit\u00e4t ist im Haus und seiner Umgebung sp\u00fcrbar.  Die Villa wurde im Jahr 2010 einer Gesamtrenovierung unterzogen und die urspr\u00fcngliche Idee des Architekten Jan Kaplicky wurde erneuert\" \/>\n<meta name=\"robots\" content=\"index, follow, max-snippet:-1, max-image-preview:large, max-video-preview:-1\" \/>\n<link rel=\"canonical\" href=\"https:\/\/www.vilaprag.cz\/de\/uber-uns\/\" \/>\n<meta property=\"og:locale\" content=\"de_DE\" \/>\n<meta property=\"og:type\" content=\"article\" \/>\n<meta property=\"og:title\" content=\"\u00dcber uns - Vila Prag\" \/>\n<meta property=\"og:description\" content=\"Die Villa Prag befindet sich in einer ruhigen Sackgasse in der Stra\u00dfe Pod Habrovou, in der urspr\u00fcnglichen Villenentwicklung des Gartenbezirks Barrandov mit viel Gr\u00fcn. Jeder, der die Villa besucht hat, kann die einzigartige Atmosph\u00e4re dieses Ortes sp\u00fcren.  Die Villa wurde als Wohnhaus des bekannten tschechischen Drehbuchautors Jaroslav Dietl erbaut und der Abdruck seiner Kreativit\u00e4t ist im Haus und seiner Umgebung sp\u00fcrbar.  Die Villa wurde im Jahr 2010 einer Gesamtrenovierung unterzogen und die urspr\u00fcngliche Idee des Architekten Jan Kaplicky wurde erneuert\" \/>\n<meta property=\"og:url\" content=\"https:\/\/www.vilaprag.cz\/de\/uber-uns\/\" \/>\n<meta property=\"og:site_name\" content=\"Vila Prag\" \/>\n<meta property=\"article:modified_time\" content=\"2023-04-11T07:56:54+00:00\" \/>\n<meta name=\"twitter:card\" content=\"summary_large_image\" \/>\n<meta name=\"twitter:label1\" content=\"Gesch\u00e4tzte Lesezeit\" \/>\n\t<meta name=\"twitter:data1\" content=\"1 Minute\" \/>\n<script type=\"application\/ld+json\" class=\"yoast-schema-graph\">{\"@context\":\"https:\/\/schema.org\",\"@graph\":[{\"@type\":\"WebPage\",\"@id\":\"https:\/\/www.vilaprag.cz\/de\/uber-uns\/\",\"url\":\"https:\/\/www.vilaprag.cz\/de\/uber-uns\/\",\"name\":\"\u00dcber uns - Vila Prag\",\"isPartOf\":{\"@id\":\"https:\/\/www.vilaprag.cz\/de\/#website\"},\"datePublished\":\"2023-03-27T09:41:15+00:00\",\"dateModified\":\"2023-04-11T07:56:54+00:00\",\"description\":\"Die Villa Prag befindet sich in einer ruhigen Sackgasse in der Stra\u00dfe Pod Habrovou, in der urspr\u00fcnglichen Villenentwicklung des Gartenbezirks Barrandov mit viel Gr\u00fcn. Jeder, der die Villa besucht hat, kann die einzigartige Atmosph\u00e4re dieses Ortes sp\u00fcren. Die Villa wurde als Wohnhaus des bekannten tschechischen Drehbuchautors Jaroslav Dietl erbaut und der Abdruck seiner Kreativit\u00e4t ist im Haus und seiner Umgebung sp\u00fcrbar. Die Villa wurde im Jahr 2010 einer Gesamtrenovierung unterzogen und die urspr\u00fcngliche Idee des Architekten Jan Kaplicky wurde erneuert\",\"breadcrumb\":{\"@id\":\"https:\/\/www.vilaprag.cz\/de\/uber-uns\/#breadcrumb\"},\"inLanguage\":\"de-DE\",\"potentialAction\":[{\"@type\":\"ReadAction\",\"target\":[\"https:\/\/www.vilaprag.cz\/de\/uber-uns\/\"]}]},{\"@type\":\"BreadcrumbList\",\"@id\":\"https:\/\/www.vilaprag.cz\/de\/uber-uns\/#breadcrumb\",\"itemListElement\":[{\"@type\":\"ListItem\",\"position\":1,\"name\":\"Home\",\"item\":\"https:\/\/www.vilaprag.cz\/de\/\"},{\"@type\":\"ListItem\",\"position\":2,\"name\":\"\u00dcber uns\"}]},{\"@type\":\"WebSite\",\"@id\":\"https:\/\/www.vilaprag.cz\/de\/#website\",\"url\":\"https:\/\/www.vilaprag.cz\/de\/\",\"name\":\"Vila Prag\",\"description\":\"Just another ms.decms.eu site\",\"potentialAction\":[{\"@type\":\"SearchAction\",\"target\":{\"@type\":\"EntryPoint\",\"urlTemplate\":\"https:\/\/www.vilaprag.cz\/de\/?s={search_term_string}\"},\"query-input\":{\"@type\":\"PropertyValueSpecification\",\"valueRequired\":true,\"valueName\":\"search_term_string\"}}],\"inLanguage\":\"de-DE\"}]}<\/script>\n<!-- \/ Yoast SEO plugin. -->","yoast_head_json":{"title":"\u00dcber uns - Vila Prag","description":"Die Villa Prag befindet sich in einer ruhigen Sackgasse in der Stra\u00dfe Pod Habrovou, in der urspr\u00fcnglichen Villenentwicklung des Gartenbezirks Barrandov mit viel Gr\u00fcn. Jeder, der die Villa besucht hat, kann die einzigartige Atmosph\u00e4re dieses Ortes sp\u00fcren.  Die Villa wurde als Wohnhaus des bekannten tschechischen Drehbuchautors Jaroslav Dietl erbaut und der Abdruck seiner Kreativit\u00e4t ist im Haus und seiner Umgebung sp\u00fcrbar.  Die Villa wurde im Jahr 2010 einer Gesamtrenovierung unterzogen und die urspr\u00fcngliche Idee des Architekten Jan Kaplicky wurde erneuert","robots":{"index":"index","follow":"follow","max-snippet":"max-snippet:-1","max-image-preview":"max-image-preview:large","max-video-preview":"max-video-preview:-1"},"canonical":"https:\/\/www.vilaprag.cz\/de\/uber-uns\/","og_locale":"de_DE","og_type":"article","og_title":"\u00dcber uns - Vila Prag","og_description":"Die Villa Prag befindet sich in einer ruhigen Sackgasse in der Stra\u00dfe Pod Habrovou, in der urspr\u00fcnglichen Villenentwicklung des Gartenbezirks Barrandov mit viel Gr\u00fcn. Jeder, der die Villa besucht hat, kann die einzigartige Atmosph\u00e4re dieses Ortes sp\u00fcren.  Die Villa wurde als Wohnhaus des bekannten tschechischen Drehbuchautors Jaroslav Dietl erbaut und der Abdruck seiner Kreativit\u00e4t ist im Haus und seiner Umgebung sp\u00fcrbar.  Die Villa wurde im Jahr 2010 einer Gesamtrenovierung unterzogen und die urspr\u00fcngliche Idee des Architekten Jan Kaplicky wurde erneuert","og_url":"https:\/\/www.vilaprag.cz\/de\/uber-uns\/","og_site_name":"Vila Prag","article_modified_time":"2023-04-11T07:56:54+00:00","twitter_card":"summary_large_image","twitter_misc":{"Gesch\u00e4tzte Lesezeit":"1 Minute"},"schema":{"@context":"https:\/\/schema.org","@graph":[{"@type":"WebPage","@id":"https:\/\/www.vilaprag.cz\/de\/uber-uns\/","url":"https:\/\/www.vilaprag.cz\/de\/uber-uns\/","name":"\u00dcber uns - Vila Prag","isPartOf":{"@id":"https:\/\/www.vilaprag.cz\/de\/#website"},"datePublished":"2023-03-27T09:41:15+00:00","dateModified":"2023-04-11T07:56:54+00:00","description":"Die Villa Prag befindet sich in einer ruhigen Sackgasse in der Stra\u00dfe Pod Habrovou, in der urspr\u00fcnglichen Villenentwicklung des Gartenbezirks Barrandov mit viel Gr\u00fcn. Jeder, der die Villa besucht hat, kann die einzigartige Atmosph\u00e4re dieses Ortes sp\u00fcren. Die Villa wurde als Wohnhaus des bekannten tschechischen Drehbuchautors Jaroslav Dietl erbaut und der Abdruck seiner Kreativit\u00e4t ist im Haus und seiner Umgebung sp\u00fcrbar. Die Villa wurde im Jahr 2010 einer Gesamtrenovierung unterzogen und die urspr\u00fcngliche Idee des Architekten Jan Kaplicky wurde erneuert","breadcrumb":{"@id":"https:\/\/www.vilaprag.cz\/de\/uber-uns\/#breadcrumb"},"inLanguage":"de-DE","potentialAction":[{"@type":"ReadAction","target":["https:\/\/www.vilaprag.cz\/de\/uber-uns\/"]}]},{"@type":"BreadcrumbList","@id":"https:\/\/www.vilaprag.cz\/de\/uber-uns\/#breadcrumb","itemListElement":[{"@type":"ListItem","position":1,"name":"Home","item":"https:\/\/www.vilaprag.cz\/de\/"},{"@type":"ListItem","position":2,"name":"\u00dcber uns"}]},{"@type":"WebSite","@id":"https:\/\/www.vilaprag.cz\/de\/#website","url":"https:\/\/www.vilaprag.cz\/de\/","name":"Vila Prag","description":"Just another ms.decms.eu site","potentialAction":[{"@type":"SearchAction","target":{"@type":"EntryPoint","urlTemplate":"https:\/\/www.vilaprag.cz\/de\/?s={search_term_string}"},"query-input":{"@type":"PropertyValueSpecification","valueRequired":true,"valueName":"search_term_string"}}],"inLanguage":"de-DE"}]}},"acf":[],"_links":{"self":[{"href":"https:\/\/www.vilaprag.cz\/de\/wp-json\/wp\/v2\/pages\/515","targetHints":{"allow":["GET"]}}],"collection":[{"href":"https:\/\/www.vilaprag.cz\/de\/wp-json\/wp\/v2\/pages"}],"about":[{"href":"https:\/\/www.vilaprag.cz\/de\/wp-json\/wp\/v2\/types\/page"}],"author":[{"embeddable":true,"href":"https:\/\/www.vilaprag.cz\/de\/wp-json\/wp\/v2\/users\/525"}],"replies":[{"embeddable":true,"href":"https:\/\/www.vilaprag.cz\/de\/wp-json\/wp\/v2\/comments?post=515"}],"version-history":[{"count":0,"href":"https:\/\/www.vilaprag.cz\/de\/wp-json\/wp\/v2\/pages\/515\/revisions"}],"wp:attachment":[{"href":"https:\/\/www.vilaprag.cz\/de\/wp-json\/wp\/v2\/media?parent=515"}],"wp:term":[{"taxonomy":"category","embeddable":true,"href":"https:\/\/www.vilaprag.cz\/de\/wp-json\/wp\/v2\/categories?post=515"}],"curies":[{"name":"wp","href":"https:\/\/api.w.org\/{rel}","templated":true}]}}