{"id":496,"date":"2023-03-27T09:22:57","date_gmt":"2023-03-27T09:22:57","guid":{"rendered":"https:\/\/www.vilaprag.cz\/?page_id=496"},"modified":"2023-04-10T14:04:10","modified_gmt":"2023-04-10T14:04:10","slug":"zimmer-4","status":"publish","type":"page","link":"https:\/\/www.vilaprag.cz\/de\/zimmer\/zimmer-4\/","title":{"rendered":"Zimmer 4"},"content":{"rendered":"<p>Das Classic-Zimmer im zweiten Stock verf\u00fcgt \u00fcber ein <strong>Einzelbett<\/strong> und ein <strong>Hotel-Sessel<\/strong> steht auch zur Verf\u00fcgung.<\/p>\n<p>Die Gesamtfl\u00e4che des Zimmers betr\u00e4gt <strong>7,5 m2<\/strong>.<\/p>\n","protected":false},"excerpt":{"rendered":"<p>Das Classic-Zimmer im zweiten Stock verf\u00fcgt \u00fcber ein Einzelbett und ein Hotel-Sessel steht auch zur Verf\u00fcgung. Die Gesamtfl\u00e4che des Zimmers betr\u00e4gt 7,5 m2.<\/p>\n","protected":false},"author":525,"featured_media":497,"parent":486,"menu_order":8,"comment_status":"closed","ping_status":"closed","template":"template-single-room.php","meta":{"footnotes":""},"categories":[],"class_list":["post-496","page","type-page","status-publish","has-post-thumbnail","hentry"],"yoast_head":"<!-- This site is optimized with the Yoast SEO plugin v26.9 - https:\/\/yoast.com\/product\/yoast-seo-wordpress\/ -->\n<title>Zimmer 4 - Vila Prag<\/title>\n<meta name=\"description\" content=\"Das Classic-Zimmer im zweiten Stock verf\u00fcgt \u00fcber ein Einzelbett und ein Hotel-Sessel steht auch zur Verf\u00fcgung.  Die Gesamtfl\u00e4che des Zimmers betr\u00e4gt 7,5 m2..\" \/>\n<meta name=\"robots\" content=\"index, follow, max-snippet:-1, max-image-preview:large, max-video-preview:-1\" \/>\n<link rel=\"canonical\" href=\"https:\/\/www.vilaprag.cz\/de\/zimmer\/zimmer-4\/\" \/>\n<meta property=\"og:locale\" content=\"de_DE\" \/>\n<meta property=\"og:type\" content=\"article\" \/>\n<meta property=\"og:title\" content=\"Zimmer 4 - Vila Prag\" \/>\n<meta property=\"og:description\" content=\"Das Classic-Zimmer im zweiten Stock verf\u00fcgt \u00fcber ein Einzelbett und ein Hotel-Sessel steht auch zur Verf\u00fcgung.  Die Gesamtfl\u00e4che des Zimmers betr\u00e4gt 7,5 m2..\" \/>\n<meta property=\"og:url\" content=\"https:\/\/www.vilaprag.cz\/de\/zimmer\/zimmer-4\/\" \/>\n<meta property=\"og:site_name\" content=\"Vila Prag\" \/>\n<meta property=\"article:modified_time\" content=\"2023-04-10T14:04:10+00:00\" \/>\n<meta property=\"og:image\" content=\"http:\/\/www.vilaprag.cz\/wp-content\/uploads\/sites\/473\/2022\/08\/IMG_20220801_164232.jpg\" \/>\n\t<meta property=\"og:image:width\" content=\"1600\" \/>\n\t<meta property=\"og:image:height\" content=\"1200\" \/>\n\t<meta property=\"og:image:type\" content=\"image\/jpeg\" \/>\n<meta name=\"twitter:card\" content=\"summary_large_image\" \/>\n<meta name=\"twitter:label1\" content=\"Gesch\u00e4tzte Lesezeit\" \/>\n\t<meta name=\"twitter:data1\" content=\"1 Minute\" \/>\n<script type=\"application\/ld+json\" class=\"yoast-schema-graph\">{\"@context\":\"https:\/\/schema.org\",\"@graph\":[{\"@type\":\"WebPage\",\"@id\":\"https:\/\/www.vilaprag.cz\/de\/zimmer\/zimmer-4\/\",\"url\":\"https:\/\/www.vilaprag.cz\/de\/zimmer\/zimmer-4\/\",\"name\":\"Zimmer 4 - Vila Prag\",\"isPartOf\":{\"@id\":\"https:\/\/www.vilaprag.cz\/de\/#website\"},\"primaryImageOfPage\":{\"@id\":\"https:\/\/www.vilaprag.cz\/de\/zimmer\/zimmer-4\/#primaryimage\"},\"image\":{\"@id\":\"https:\/\/www.vilaprag.cz\/de\/zimmer\/zimmer-4\/#primaryimage\"},\"thumbnailUrl\":\"https:\/\/www.vilaprag.cz\/wp-content\/uploads\/sites\/473\/2022\/08\/IMG_20220801_164232.jpg\",\"datePublished\":\"2023-03-27T09:22:57+00:00\",\"dateModified\":\"2023-04-10T14:04:10+00:00\",\"description\":\"Das Classic-Zimmer im zweiten Stock verf\u00fcgt \u00fcber ein Einzelbett und ein Hotel-Sessel steht auch zur Verf\u00fcgung. Die Gesamtfl\u00e4che des Zimmers betr\u00e4gt 7,5 m2..\",\"breadcrumb\":{\"@id\":\"https:\/\/www.vilaprag.cz\/de\/zimmer\/zimmer-4\/#breadcrumb\"},\"inLanguage\":\"de-DE\",\"potentialAction\":[{\"@type\":\"ReadAction\",\"target\":[\"https:\/\/www.vilaprag.cz\/de\/zimmer\/zimmer-4\/\"]}]},{\"@type\":\"ImageObject\",\"inLanguage\":\"de-DE\",\"@id\":\"https:\/\/www.vilaprag.cz\/de\/zimmer\/zimmer-4\/#primaryimage\",\"url\":\"https:\/\/www.vilaprag.cz\/wp-content\/uploads\/sites\/473\/2022\/08\/IMG_20220801_164232.jpg\",\"contentUrl\":\"https:\/\/www.vilaprag.cz\/wp-content\/uploads\/sites\/473\/2022\/08\/IMG_20220801_164232.jpg\",\"width\":1600,\"height\":1200},{\"@type\":\"BreadcrumbList\",\"@id\":\"https:\/\/www.vilaprag.cz\/de\/zimmer\/zimmer-4\/#breadcrumb\",\"itemListElement\":[{\"@type\":\"ListItem\",\"position\":1,\"name\":\"Home\",\"item\":\"https:\/\/www.vilaprag.cz\/de\/\"},{\"@type\":\"ListItem\",\"position\":2,\"name\":\"Zimmer\",\"item\":\"https:\/\/www.vilaprag.cz\/de\/zimmer\/\"},{\"@type\":\"ListItem\",\"position\":3,\"name\":\"Zimmer 4\"}]},{\"@type\":\"WebSite\",\"@id\":\"https:\/\/www.vilaprag.cz\/de\/#website\",\"url\":\"https:\/\/www.vilaprag.cz\/de\/\",\"name\":\"Vila Prag\",\"description\":\"Just another ms.decms.eu site\",\"potentialAction\":[{\"@type\":\"SearchAction\",\"target\":{\"@type\":\"EntryPoint\",\"urlTemplate\":\"https:\/\/www.vilaprag.cz\/de\/?s={search_term_string}\"},\"query-input\":{\"@type\":\"PropertyValueSpecification\",\"valueRequired\":true,\"valueName\":\"search_term_string\"}}],\"inLanguage\":\"de-DE\"}]}<\/script>\n<!-- \/ Yoast SEO plugin. -->","yoast_head_json":{"title":"Zimmer 4 - Vila Prag","description":"Das Classic-Zimmer im zweiten Stock verf\u00fcgt \u00fcber ein Einzelbett und ein Hotel-Sessel steht auch zur Verf\u00fcgung.  Die Gesamtfl\u00e4che des Zimmers betr\u00e4gt 7,5 m2..","robots":{"index":"index","follow":"follow","max-snippet":"max-snippet:-1","max-image-preview":"max-image-preview:large","max-video-preview":"max-video-preview:-1"},"canonical":"https:\/\/www.vilaprag.cz\/de\/zimmer\/zimmer-4\/","og_locale":"de_DE","og_type":"article","og_title":"Zimmer 4 - Vila Prag","og_description":"Das Classic-Zimmer im zweiten Stock verf\u00fcgt \u00fcber ein Einzelbett und ein Hotel-Sessel steht auch zur Verf\u00fcgung.  Die Gesamtfl\u00e4che des Zimmers betr\u00e4gt 7,5 m2..","og_url":"https:\/\/www.vilaprag.cz\/de\/zimmer\/zimmer-4\/","og_site_name":"Vila Prag","article_modified_time":"2023-04-10T14:04:10+00:00","og_image":[{"width":1600,"height":1200,"url":"http:\/\/www.vilaprag.cz\/wp-content\/uploads\/sites\/473\/2022\/08\/IMG_20220801_164232.jpg","type":"image\/jpeg"}],"twitter_card":"summary_large_image","twitter_misc":{"Gesch\u00e4tzte Lesezeit":"1 Minute"},"schema":{"@context":"https:\/\/schema.org","@graph":[{"@type":"WebPage","@id":"https:\/\/www.vilaprag.cz\/de\/zimmer\/zimmer-4\/","url":"https:\/\/www.vilaprag.cz\/de\/zimmer\/zimmer-4\/","name":"Zimmer 4 - Vila Prag","isPartOf":{"@id":"https:\/\/www.vilaprag.cz\/de\/#website"},"primaryImageOfPage":{"@id":"https:\/\/www.vilaprag.cz\/de\/zimmer\/zimmer-4\/#primaryimage"},"image":{"@id":"https:\/\/www.vilaprag.cz\/de\/zimmer\/zimmer-4\/#primaryimage"},"thumbnailUrl":"https:\/\/www.vilaprag.cz\/wp-content\/uploads\/sites\/473\/2022\/08\/IMG_20220801_164232.jpg","datePublished":"2023-03-27T09:22:57+00:00","dateModified":"2023-04-10T14:04:10+00:00","description":"Das Classic-Zimmer im zweiten Stock verf\u00fcgt \u00fcber ein Einzelbett und ein Hotel-Sessel steht auch zur Verf\u00fcgung. Die Gesamtfl\u00e4che des Zimmers betr\u00e4gt 7,5 m2..","breadcrumb":{"@id":"https:\/\/www.vilaprag.cz\/de\/zimmer\/zimmer-4\/#breadcrumb"},"inLanguage":"de-DE","potentialAction":[{"@type":"ReadAction","target":["https:\/\/www.vilaprag.cz\/de\/zimmer\/zimmer-4\/"]}]},{"@type":"ImageObject","inLanguage":"de-DE","@id":"https:\/\/www.vilaprag.cz\/de\/zimmer\/zimmer-4\/#primaryimage","url":"https:\/\/www.vilaprag.cz\/wp-content\/uploads\/sites\/473\/2022\/08\/IMG_20220801_164232.jpg","contentUrl":"https:\/\/www.vilaprag.cz\/wp-content\/uploads\/sites\/473\/2022\/08\/IMG_20220801_164232.jpg","width":1600,"height":1200},{"@type":"BreadcrumbList","@id":"https:\/\/www.vilaprag.cz\/de\/zimmer\/zimmer-4\/#breadcrumb","itemListElement":[{"@type":"ListItem","position":1,"name":"Home","item":"https:\/\/www.vilaprag.cz\/de\/"},{"@type":"ListItem","position":2,"name":"Zimmer","item":"https:\/\/www.vilaprag.cz\/de\/zimmer\/"},{"@type":"ListItem","position":3,"name":"Zimmer 4"}]},{"@type":"WebSite","@id":"https:\/\/www.vilaprag.cz\/de\/#website","url":"https:\/\/www.vilaprag.cz\/de\/","name":"Vila Prag","description":"Just another ms.decms.eu site","potentialAction":[{"@type":"SearchAction","target":{"@type":"EntryPoint","urlTemplate":"https:\/\/www.vilaprag.cz\/de\/?s={search_term_string}"},"query-input":{"@type":"PropertyValueSpecification","valueRequired":true,"valueName":"search_term_string"}}],"inLanguage":"de-DE"}]}},"acf":[],"_links":{"self":[{"href":"https:\/\/www.vilaprag.cz\/de\/wp-json\/wp\/v2\/pages\/496","targetHints":{"allow":["GET"]}}],"collection":[{"href":"https:\/\/www.vilaprag.cz\/de\/wp-json\/wp\/v2\/pages"}],"about":[{"href":"https:\/\/www.vilaprag.cz\/de\/wp-json\/wp\/v2\/types\/page"}],"author":[{"embeddable":true,"href":"https:\/\/www.vilaprag.cz\/de\/wp-json\/wp\/v2\/users\/525"}],"replies":[{"embeddable":true,"href":"https:\/\/www.vilaprag.cz\/de\/wp-json\/wp\/v2\/comments?post=496"}],"version-history":[{"count":0,"href":"https:\/\/www.vilaprag.cz\/de\/wp-json\/wp\/v2\/pages\/496\/revisions"}],"up":[{"embeddable":true,"href":"https:\/\/www.vilaprag.cz\/de\/wp-json\/wp\/v2\/pages\/486"}],"wp:featuredmedia":[{"embeddable":true,"href":"https:\/\/www.vilaprag.cz\/de\/wp-json\/wp\/v2\/media\/497"}],"wp:attachment":[{"href":"https:\/\/www.vilaprag.cz\/de\/wp-json\/wp\/v2\/media?parent=496"}],"wp:term":[{"taxonomy":"category","embeddable":true,"href":"https:\/\/www.vilaprag.cz\/de\/wp-json\/wp\/v2\/categories?post=496"}],"curies":[{"name":"wp","href":"https:\/\/api.w.org\/{rel}","templated":true}]}}