{"id":492,"date":"2023-03-27T09:12:45","date_gmt":"2023-03-27T09:12:45","guid":{"rendered":"https:\/\/www.vilaprag.cz\/?page_id=492"},"modified":"2023-04-10T13:39:57","modified_gmt":"2023-04-10T13:39:57","slug":"zimmer-2","status":"publish","type":"page","link":"https:\/\/www.vilaprag.cz\/de\/zimmer\/zimmer-2\/","title":{"rendered":"Zimmer 2"},"content":{"rendered":"<div class=\"flex flex-grow flex-col gap-3\">\n<div class=\"min-h-[20px] flex flex-col items-start gap-4 whitespace-pre-wrap\">\n<div class=\"markdown prose w-full break-words dark:prose-invert light\">\n<p>Das Zimmer befindet sich im <strong>2. Stock<\/strong> des Geb\u00e4udes.<\/p>\n<p>Die Gesamtfl\u00e4che des Zimmers betr\u00e4gt <strong>17,5 m2<\/strong> und es enth\u00e4lt ein <strong>Doppelbett<\/strong>.<\/p>\n<\/div>\n<\/div>\n<\/div>\n<div id=\"s3gt_translate_tooltip_mini\" class=\"s3gt_translate_tooltip_mini_box\" style=\"background: initial !important;border: initial !important;border-radius: initial !important;border-spacing: initial !important;border-collapse: initial !important;direction: ltr !important;flex-direction: initial !important;font-weight: initial !important;height: initial !important;letter-spacing: initial !important;min-width: initial !important;max-width: initial !important;min-height: initial !important;max-height: initial !important;margin: auto !important;padding: initial !important;text-align: initial !important;width: initial !important;color: inherit !important;font-size: 13px !important;font-family: X-LocaleSpecific, sans-serif, Tahoma, Helvetica !important;line-height: 13px !important;vertical-align: top !important\">\n<div id=\"s3gt_translate_tooltip_mini_logo\" class=\"s3gt_translate_tooltip_mini\" title=\"P\u0159elo\u017eit vybran\u00fd text\"><\/div>\n<div id=\"s3gt_translate_tooltip_mini_sound\" class=\"s3gt_translate_tooltip_mini\" title=\"Spustit\"><\/div>\n<div id=\"s3gt_translate_tooltip_mini_copy\" class=\"s3gt_translate_tooltip_mini\" title=\"Zkop\u00edrovat text do schr\u00e1nky\"><\/div>\n<\/div>\n","protected":false},"excerpt":{"rendered":"<p>Das Zimmer befindet sich im 2. Stock des Geb\u00e4udes. Die Gesamtfl\u00e4che des Zimmers betr\u00e4gt 17,5 m2 und es enth\u00e4lt ein Doppelbett.<\/p>\n","protected":false},"author":525,"featured_media":493,"parent":486,"menu_order":6,"comment_status":"closed","ping_status":"closed","template":"template-single-room.php","meta":{"footnotes":""},"categories":[],"class_list":["post-492","page","type-page","status-publish","has-post-thumbnail","hentry"],"yoast_head":"<!-- This site is optimized with the Yoast SEO plugin v26.9 - https:\/\/yoast.com\/product\/yoast-seo-wordpress\/ -->\n<title>Zimmer 2 - Vila Prag<\/title>\n<meta name=\"description\" content=\"Das Zimmer befindet sich im 2. Stock des Geb\u00e4udes.  Die Gesamtfl\u00e4che des Zimmers betr\u00e4gt 17,5 m2 und es enth\u00e4lt ein Doppelbett.\" \/>\n<meta name=\"robots\" content=\"index, follow, max-snippet:-1, max-image-preview:large, max-video-preview:-1\" \/>\n<link rel=\"canonical\" href=\"https:\/\/www.vilaprag.cz\/de\/zimmer\/zimmer-2\/\" \/>\n<meta property=\"og:locale\" content=\"de_DE\" \/>\n<meta property=\"og:type\" content=\"article\" \/>\n<meta property=\"og:title\" content=\"Zimmer 2 - Vila Prag\" \/>\n<meta property=\"og:description\" content=\"Das Zimmer befindet sich im 2. Stock des Geb\u00e4udes.  Die Gesamtfl\u00e4che des Zimmers betr\u00e4gt 17,5 m2 und es enth\u00e4lt ein Doppelbett.\" \/>\n<meta property=\"og:url\" content=\"https:\/\/www.vilaprag.cz\/de\/zimmer\/zimmer-2\/\" \/>\n<meta property=\"og:site_name\" content=\"Vila Prag\" \/>\n<meta property=\"article:modified_time\" content=\"2023-04-10T13:39:57+00:00\" \/>\n<meta property=\"og:image\" content=\"http:\/\/www.vilaprag.cz\/wp-content\/uploads\/sites\/473\/2022\/10\/white-towel-bed-decoration-bedroom-interior-scaled.jpg\" \/>\n\t<meta property=\"og:image:width\" content=\"2560\" \/>\n\t<meta property=\"og:image:height\" content=\"1636\" \/>\n\t<meta property=\"og:image:type\" content=\"image\/jpeg\" \/>\n<meta name=\"twitter:card\" content=\"summary_large_image\" \/>\n<meta name=\"twitter:label1\" content=\"Gesch\u00e4tzte Lesezeit\" \/>\n\t<meta name=\"twitter:data1\" content=\"1 Minute\" \/>\n<script type=\"application\/ld+json\" class=\"yoast-schema-graph\">{\"@context\":\"https:\/\/schema.org\",\"@graph\":[{\"@type\":\"WebPage\",\"@id\":\"https:\/\/www.vilaprag.cz\/de\/zimmer\/zimmer-2\/\",\"url\":\"https:\/\/www.vilaprag.cz\/de\/zimmer\/zimmer-2\/\",\"name\":\"Zimmer 2 - Vila Prag\",\"isPartOf\":{\"@id\":\"https:\/\/www.vilaprag.cz\/de\/#website\"},\"primaryImageOfPage\":{\"@id\":\"https:\/\/www.vilaprag.cz\/de\/zimmer\/zimmer-2\/#primaryimage\"},\"image\":{\"@id\":\"https:\/\/www.vilaprag.cz\/de\/zimmer\/zimmer-2\/#primaryimage\"},\"thumbnailUrl\":\"https:\/\/www.vilaprag.cz\/wp-content\/uploads\/sites\/473\/2022\/10\/white-towel-bed-decoration-bedroom-interior-scaled.jpg\",\"datePublished\":\"2023-03-27T09:12:45+00:00\",\"dateModified\":\"2023-04-10T13:39:57+00:00\",\"description\":\"Das Zimmer befindet sich im 2. Stock des Geb\u00e4udes. Die Gesamtfl\u00e4che des Zimmers betr\u00e4gt 17,5 m2 und es enth\u00e4lt ein Doppelbett.\",\"breadcrumb\":{\"@id\":\"https:\/\/www.vilaprag.cz\/de\/zimmer\/zimmer-2\/#breadcrumb\"},\"inLanguage\":\"de-DE\",\"potentialAction\":[{\"@type\":\"ReadAction\",\"target\":[\"https:\/\/www.vilaprag.cz\/de\/zimmer\/zimmer-2\/\"]}]},{\"@type\":\"ImageObject\",\"inLanguage\":\"de-DE\",\"@id\":\"https:\/\/www.vilaprag.cz\/de\/zimmer\/zimmer-2\/#primaryimage\",\"url\":\"https:\/\/www.vilaprag.cz\/wp-content\/uploads\/sites\/473\/2022\/10\/white-towel-bed-decoration-bedroom-interior-scaled.jpg\",\"contentUrl\":\"https:\/\/www.vilaprag.cz\/wp-content\/uploads\/sites\/473\/2022\/10\/white-towel-bed-decoration-bedroom-interior-scaled.jpg\",\"width\":2560,\"height\":1636},{\"@type\":\"BreadcrumbList\",\"@id\":\"https:\/\/www.vilaprag.cz\/de\/zimmer\/zimmer-2\/#breadcrumb\",\"itemListElement\":[{\"@type\":\"ListItem\",\"position\":1,\"name\":\"Home\",\"item\":\"https:\/\/www.vilaprag.cz\/de\/\"},{\"@type\":\"ListItem\",\"position\":2,\"name\":\"Zimmer\",\"item\":\"https:\/\/www.vilaprag.cz\/de\/zimmer\/\"},{\"@type\":\"ListItem\",\"position\":3,\"name\":\"Zimmer 2\"}]},{\"@type\":\"WebSite\",\"@id\":\"https:\/\/www.vilaprag.cz\/de\/#website\",\"url\":\"https:\/\/www.vilaprag.cz\/de\/\",\"name\":\"Vila Prag\",\"description\":\"Just another ms.decms.eu site\",\"potentialAction\":[{\"@type\":\"SearchAction\",\"target\":{\"@type\":\"EntryPoint\",\"urlTemplate\":\"https:\/\/www.vilaprag.cz\/de\/?s={search_term_string}\"},\"query-input\":{\"@type\":\"PropertyValueSpecification\",\"valueRequired\":true,\"valueName\":\"search_term_string\"}}],\"inLanguage\":\"de-DE\"}]}<\/script>\n<!-- \/ Yoast SEO plugin. -->","yoast_head_json":{"title":"Zimmer 2 - Vila Prag","description":"Das Zimmer befindet sich im 2. Stock des Geb\u00e4udes.  Die Gesamtfl\u00e4che des Zimmers betr\u00e4gt 17,5 m2 und es enth\u00e4lt ein Doppelbett.","robots":{"index":"index","follow":"follow","max-snippet":"max-snippet:-1","max-image-preview":"max-image-preview:large","max-video-preview":"max-video-preview:-1"},"canonical":"https:\/\/www.vilaprag.cz\/de\/zimmer\/zimmer-2\/","og_locale":"de_DE","og_type":"article","og_title":"Zimmer 2 - Vila Prag","og_description":"Das Zimmer befindet sich im 2. Stock des Geb\u00e4udes.  Die Gesamtfl\u00e4che des Zimmers betr\u00e4gt 17,5 m2 und es enth\u00e4lt ein Doppelbett.","og_url":"https:\/\/www.vilaprag.cz\/de\/zimmer\/zimmer-2\/","og_site_name":"Vila Prag","article_modified_time":"2023-04-10T13:39:57+00:00","og_image":[{"width":2560,"height":1636,"url":"http:\/\/www.vilaprag.cz\/wp-content\/uploads\/sites\/473\/2022\/10\/white-towel-bed-decoration-bedroom-interior-scaled.jpg","type":"image\/jpeg"}],"twitter_card":"summary_large_image","twitter_misc":{"Gesch\u00e4tzte Lesezeit":"1 Minute"},"schema":{"@context":"https:\/\/schema.org","@graph":[{"@type":"WebPage","@id":"https:\/\/www.vilaprag.cz\/de\/zimmer\/zimmer-2\/","url":"https:\/\/www.vilaprag.cz\/de\/zimmer\/zimmer-2\/","name":"Zimmer 2 - Vila Prag","isPartOf":{"@id":"https:\/\/www.vilaprag.cz\/de\/#website"},"primaryImageOfPage":{"@id":"https:\/\/www.vilaprag.cz\/de\/zimmer\/zimmer-2\/#primaryimage"},"image":{"@id":"https:\/\/www.vilaprag.cz\/de\/zimmer\/zimmer-2\/#primaryimage"},"thumbnailUrl":"https:\/\/www.vilaprag.cz\/wp-content\/uploads\/sites\/473\/2022\/10\/white-towel-bed-decoration-bedroom-interior-scaled.jpg","datePublished":"2023-03-27T09:12:45+00:00","dateModified":"2023-04-10T13:39:57+00:00","description":"Das Zimmer befindet sich im 2. Stock des Geb\u00e4udes. Die Gesamtfl\u00e4che des Zimmers betr\u00e4gt 17,5 m2 und es enth\u00e4lt ein Doppelbett.","breadcrumb":{"@id":"https:\/\/www.vilaprag.cz\/de\/zimmer\/zimmer-2\/#breadcrumb"},"inLanguage":"de-DE","potentialAction":[{"@type":"ReadAction","target":["https:\/\/www.vilaprag.cz\/de\/zimmer\/zimmer-2\/"]}]},{"@type":"ImageObject","inLanguage":"de-DE","@id":"https:\/\/www.vilaprag.cz\/de\/zimmer\/zimmer-2\/#primaryimage","url":"https:\/\/www.vilaprag.cz\/wp-content\/uploads\/sites\/473\/2022\/10\/white-towel-bed-decoration-bedroom-interior-scaled.jpg","contentUrl":"https:\/\/www.vilaprag.cz\/wp-content\/uploads\/sites\/473\/2022\/10\/white-towel-bed-decoration-bedroom-interior-scaled.jpg","width":2560,"height":1636},{"@type":"BreadcrumbList","@id":"https:\/\/www.vilaprag.cz\/de\/zimmer\/zimmer-2\/#breadcrumb","itemListElement":[{"@type":"ListItem","position":1,"name":"Home","item":"https:\/\/www.vilaprag.cz\/de\/"},{"@type":"ListItem","position":2,"name":"Zimmer","item":"https:\/\/www.vilaprag.cz\/de\/zimmer\/"},{"@type":"ListItem","position":3,"name":"Zimmer 2"}]},{"@type":"WebSite","@id":"https:\/\/www.vilaprag.cz\/de\/#website","url":"https:\/\/www.vilaprag.cz\/de\/","name":"Vila Prag","description":"Just another ms.decms.eu site","potentialAction":[{"@type":"SearchAction","target":{"@type":"EntryPoint","urlTemplate":"https:\/\/www.vilaprag.cz\/de\/?s={search_term_string}"},"query-input":{"@type":"PropertyValueSpecification","valueRequired":true,"valueName":"search_term_string"}}],"inLanguage":"de-DE"}]}},"acf":[],"_links":{"self":[{"href":"https:\/\/www.vilaprag.cz\/de\/wp-json\/wp\/v2\/pages\/492","targetHints":{"allow":["GET"]}}],"collection":[{"href":"https:\/\/www.vilaprag.cz\/de\/wp-json\/wp\/v2\/pages"}],"about":[{"href":"https:\/\/www.vilaprag.cz\/de\/wp-json\/wp\/v2\/types\/page"}],"author":[{"embeddable":true,"href":"https:\/\/www.vilaprag.cz\/de\/wp-json\/wp\/v2\/users\/525"}],"replies":[{"embeddable":true,"href":"https:\/\/www.vilaprag.cz\/de\/wp-json\/wp\/v2\/comments?post=492"}],"version-history":[{"count":0,"href":"https:\/\/www.vilaprag.cz\/de\/wp-json\/wp\/v2\/pages\/492\/revisions"}],"up":[{"embeddable":true,"href":"https:\/\/www.vilaprag.cz\/de\/wp-json\/wp\/v2\/pages\/486"}],"wp:featuredmedia":[{"embeddable":true,"href":"https:\/\/www.vilaprag.cz\/de\/wp-json\/wp\/v2\/media\/493"}],"wp:attachment":[{"href":"https:\/\/www.vilaprag.cz\/de\/wp-json\/wp\/v2\/media?parent=492"}],"wp:term":[{"taxonomy":"category","embeddable":true,"href":"https:\/\/www.vilaprag.cz\/de\/wp-json\/wp\/v2\/categories?post=492"}],"curies":[{"name":"wp","href":"https:\/\/api.w.org\/{rel}","templated":true}]}}