{"id":481,"date":"2023-03-27T08:57:50","date_gmt":"2023-03-27T08:57:50","guid":{"rendered":"https:\/\/www.vilaprag.cz\/?page_id=481"},"modified":"2023-04-10T12:40:57","modified_gmt":"2023-04-10T12:40:57","slug":"terrasse-mit-grill","status":"publish","type":"page","link":"https:\/\/www.vilaprag.cz\/de\/dienstleistungen\/terrasse-mit-grill\/","title":{"rendered":"Terrasse mit Grill"},"content":{"rendered":"<p>Annehmlichkeiten auf der TerrasseEine sch\u00f6ne, ger\u00e4umige Terrasse mit einem Grundst\u00fcck von 400 m2.<br \/>\nIm Garten gibt es einen Grill zum Organisieren eines Barbecues, einen Kamin, der nicht nur funktional, sondern auch optisch ansprechend ist.<br \/>\nDer Blick von der Terrasse geht auf einen gro\u00dfen Garten.<br \/>\nDie Terrasse bietet absolute Privatsph\u00e4re.<\/p>\n","protected":false},"excerpt":{"rendered":"<p>Annehmlichkeiten auf der TerrasseEine sch\u00f6ne, ger\u00e4umige Terrasse mit einem Grundst\u00fcck von 400 m2. Im Garten gibt es einen Grill zum Organisieren eines Barbecues, einen Kamin, der nicht nur funktional, sondern auch optisch ansprechend ist. Der Blick von der Terrasse geht auf einen gro\u00dfen Garten. Die Terrasse bietet absolute Privatsph\u00e4re.<\/p>\n","protected":false},"author":525,"featured_media":482,"parent":463,"menu_order":0,"comment_status":"closed","ping_status":"closed","template":"template-services.php","meta":{"footnotes":""},"categories":[],"class_list":["post-481","page","type-page","status-publish","has-post-thumbnail","hentry"],"yoast_head":"<!-- This site is optimized with the Yoast SEO plugin v26.9 - https:\/\/yoast.com\/product\/yoast-seo-wordpress\/ -->\n<title>Terrasse mit Grill - Vila Prag<\/title>\n<meta name=\"description\" content=\"Annehmlichkeiten auf der TerrasseEine sch\u00f6ne, ger\u00e4umige Terrasse mit einem Grundst\u00fcck von 400 m2. Im Garten gibt es einen Grill zum Organisieren eines Barbecues, einen Kamin, der nicht nur funktional, sondern auch optisch ansprechend ist. Der Blick von der Terrasse geht auf einen gro\u00dfen Garten. Die Terrasse bietet absolute Privatsph\u00e4re..\" \/>\n<meta name=\"robots\" content=\"index, follow, max-snippet:-1, max-image-preview:large, max-video-preview:-1\" \/>\n<link rel=\"canonical\" href=\"https:\/\/www.vilaprag.cz\/de\/dienstleistungen\/terrasse-mit-grill\/\" \/>\n<meta property=\"og:locale\" content=\"de_DE\" \/>\n<meta property=\"og:type\" content=\"article\" \/>\n<meta property=\"og:title\" content=\"Terrasse mit Grill - Vila Prag\" \/>\n<meta property=\"og:description\" content=\"Annehmlichkeiten auf der TerrasseEine sch\u00f6ne, ger\u00e4umige Terrasse mit einem Grundst\u00fcck von 400 m2. Im Garten gibt es einen Grill zum Organisieren eines Barbecues, einen Kamin, der nicht nur funktional, sondern auch optisch ansprechend ist. Der Blick von der Terrasse geht auf einen gro\u00dfen Garten. Die Terrasse bietet absolute Privatsph\u00e4re..\" \/>\n<meta property=\"og:url\" content=\"https:\/\/www.vilaprag.cz\/de\/dienstleistungen\/terrasse-mit-grill\/\" \/>\n<meta property=\"og:site_name\" content=\"Vila Prag\" \/>\n<meta property=\"article:modified_time\" content=\"2023-04-10T12:40:57+00:00\" \/>\n<meta property=\"og:image\" content=\"http:\/\/www.vilaprag.cz\/wp-content\/uploads\/sites\/473\/2022\/08\/IMG_20220801_172357.jpg\" \/>\n\t<meta property=\"og:image:width\" content=\"1600\" \/>\n\t<meta property=\"og:image:height\" content=\"1200\" \/>\n\t<meta property=\"og:image:type\" content=\"image\/jpeg\" \/>\n<meta name=\"twitter:card\" content=\"summary_large_image\" \/>\n<meta name=\"twitter:label1\" content=\"Gesch\u00e4tzte Lesezeit\" \/>\n\t<meta name=\"twitter:data1\" content=\"1 Minute\" \/>\n<script type=\"application\/ld+json\" class=\"yoast-schema-graph\">{\"@context\":\"https:\/\/schema.org\",\"@graph\":[{\"@type\":\"WebPage\",\"@id\":\"https:\/\/www.vilaprag.cz\/de\/dienstleistungen\/terrasse-mit-grill\/\",\"url\":\"https:\/\/www.vilaprag.cz\/de\/dienstleistungen\/terrasse-mit-grill\/\",\"name\":\"Terrasse mit Grill - Vila Prag\",\"isPartOf\":{\"@id\":\"https:\/\/www.vilaprag.cz\/de\/#website\"},\"primaryImageOfPage\":{\"@id\":\"https:\/\/www.vilaprag.cz\/de\/dienstleistungen\/terrasse-mit-grill\/#primaryimage\"},\"image\":{\"@id\":\"https:\/\/www.vilaprag.cz\/de\/dienstleistungen\/terrasse-mit-grill\/#primaryimage\"},\"thumbnailUrl\":\"https:\/\/www.vilaprag.cz\/wp-content\/uploads\/sites\/473\/2022\/08\/IMG_20220801_172357.jpg\",\"datePublished\":\"2023-03-27T08:57:50+00:00\",\"dateModified\":\"2023-04-10T12:40:57+00:00\",\"description\":\"Annehmlichkeiten auf der TerrasseEine sch\u00f6ne, ger\u00e4umige Terrasse mit einem Grundst\u00fcck von 400 m2. Im Garten gibt es einen Grill zum Organisieren eines Barbecues, einen Kamin, der nicht nur funktional, sondern auch optisch ansprechend ist. Der Blick von der Terrasse geht auf einen gro\u00dfen Garten. Die Terrasse bietet absolute Privatsph\u00e4re..\",\"breadcrumb\":{\"@id\":\"https:\/\/www.vilaprag.cz\/de\/dienstleistungen\/terrasse-mit-grill\/#breadcrumb\"},\"inLanguage\":\"de-DE\",\"potentialAction\":[{\"@type\":\"ReadAction\",\"target\":[\"https:\/\/www.vilaprag.cz\/de\/dienstleistungen\/terrasse-mit-grill\/\"]}]},{\"@type\":\"ImageObject\",\"inLanguage\":\"de-DE\",\"@id\":\"https:\/\/www.vilaprag.cz\/de\/dienstleistungen\/terrasse-mit-grill\/#primaryimage\",\"url\":\"https:\/\/www.vilaprag.cz\/wp-content\/uploads\/sites\/473\/2022\/08\/IMG_20220801_172357.jpg\",\"contentUrl\":\"https:\/\/www.vilaprag.cz\/wp-content\/uploads\/sites\/473\/2022\/08\/IMG_20220801_172357.jpg\",\"width\":1600,\"height\":1200},{\"@type\":\"BreadcrumbList\",\"@id\":\"https:\/\/www.vilaprag.cz\/de\/dienstleistungen\/terrasse-mit-grill\/#breadcrumb\",\"itemListElement\":[{\"@type\":\"ListItem\",\"position\":1,\"name\":\"Home\",\"item\":\"https:\/\/www.vilaprag.cz\/de\/\"},{\"@type\":\"ListItem\",\"position\":2,\"name\":\"Dienstleistungen\",\"item\":\"https:\/\/www.vilaprag.cz\/de\/dienstleistungen\/\"},{\"@type\":\"ListItem\",\"position\":3,\"name\":\"Terrasse mit Grill\"}]},{\"@type\":\"WebSite\",\"@id\":\"https:\/\/www.vilaprag.cz\/de\/#website\",\"url\":\"https:\/\/www.vilaprag.cz\/de\/\",\"name\":\"Vila Prag\",\"description\":\"Just another ms.decms.eu site\",\"potentialAction\":[{\"@type\":\"SearchAction\",\"target\":{\"@type\":\"EntryPoint\",\"urlTemplate\":\"https:\/\/www.vilaprag.cz\/de\/?s={search_term_string}\"},\"query-input\":{\"@type\":\"PropertyValueSpecification\",\"valueRequired\":true,\"valueName\":\"search_term_string\"}}],\"inLanguage\":\"de-DE\"}]}<\/script>\n<!-- \/ Yoast SEO plugin. -->","yoast_head_json":{"title":"Terrasse mit Grill - Vila Prag","description":"Annehmlichkeiten auf der TerrasseEine sch\u00f6ne, ger\u00e4umige Terrasse mit einem Grundst\u00fcck von 400 m2. Im Garten gibt es einen Grill zum Organisieren eines Barbecues, einen Kamin, der nicht nur funktional, sondern auch optisch ansprechend ist. Der Blick von der Terrasse geht auf einen gro\u00dfen Garten. Die Terrasse bietet absolute Privatsph\u00e4re..","robots":{"index":"index","follow":"follow","max-snippet":"max-snippet:-1","max-image-preview":"max-image-preview:large","max-video-preview":"max-video-preview:-1"},"canonical":"https:\/\/www.vilaprag.cz\/de\/dienstleistungen\/terrasse-mit-grill\/","og_locale":"de_DE","og_type":"article","og_title":"Terrasse mit Grill - Vila Prag","og_description":"Annehmlichkeiten auf der TerrasseEine sch\u00f6ne, ger\u00e4umige Terrasse mit einem Grundst\u00fcck von 400 m2. Im Garten gibt es einen Grill zum Organisieren eines Barbecues, einen Kamin, der nicht nur funktional, sondern auch optisch ansprechend ist. Der Blick von der Terrasse geht auf einen gro\u00dfen Garten. Die Terrasse bietet absolute Privatsph\u00e4re..","og_url":"https:\/\/www.vilaprag.cz\/de\/dienstleistungen\/terrasse-mit-grill\/","og_site_name":"Vila Prag","article_modified_time":"2023-04-10T12:40:57+00:00","og_image":[{"width":1600,"height":1200,"url":"http:\/\/www.vilaprag.cz\/wp-content\/uploads\/sites\/473\/2022\/08\/IMG_20220801_172357.jpg","type":"image\/jpeg"}],"twitter_card":"summary_large_image","twitter_misc":{"Gesch\u00e4tzte Lesezeit":"1 Minute"},"schema":{"@context":"https:\/\/schema.org","@graph":[{"@type":"WebPage","@id":"https:\/\/www.vilaprag.cz\/de\/dienstleistungen\/terrasse-mit-grill\/","url":"https:\/\/www.vilaprag.cz\/de\/dienstleistungen\/terrasse-mit-grill\/","name":"Terrasse mit Grill - Vila Prag","isPartOf":{"@id":"https:\/\/www.vilaprag.cz\/de\/#website"},"primaryImageOfPage":{"@id":"https:\/\/www.vilaprag.cz\/de\/dienstleistungen\/terrasse-mit-grill\/#primaryimage"},"image":{"@id":"https:\/\/www.vilaprag.cz\/de\/dienstleistungen\/terrasse-mit-grill\/#primaryimage"},"thumbnailUrl":"https:\/\/www.vilaprag.cz\/wp-content\/uploads\/sites\/473\/2022\/08\/IMG_20220801_172357.jpg","datePublished":"2023-03-27T08:57:50+00:00","dateModified":"2023-04-10T12:40:57+00:00","description":"Annehmlichkeiten auf der TerrasseEine sch\u00f6ne, ger\u00e4umige Terrasse mit einem Grundst\u00fcck von 400 m2. Im Garten gibt es einen Grill zum Organisieren eines Barbecues, einen Kamin, der nicht nur funktional, sondern auch optisch ansprechend ist. Der Blick von der Terrasse geht auf einen gro\u00dfen Garten. Die Terrasse bietet absolute Privatsph\u00e4re..","breadcrumb":{"@id":"https:\/\/www.vilaprag.cz\/de\/dienstleistungen\/terrasse-mit-grill\/#breadcrumb"},"inLanguage":"de-DE","potentialAction":[{"@type":"ReadAction","target":["https:\/\/www.vilaprag.cz\/de\/dienstleistungen\/terrasse-mit-grill\/"]}]},{"@type":"ImageObject","inLanguage":"de-DE","@id":"https:\/\/www.vilaprag.cz\/de\/dienstleistungen\/terrasse-mit-grill\/#primaryimage","url":"https:\/\/www.vilaprag.cz\/wp-content\/uploads\/sites\/473\/2022\/08\/IMG_20220801_172357.jpg","contentUrl":"https:\/\/www.vilaprag.cz\/wp-content\/uploads\/sites\/473\/2022\/08\/IMG_20220801_172357.jpg","width":1600,"height":1200},{"@type":"BreadcrumbList","@id":"https:\/\/www.vilaprag.cz\/de\/dienstleistungen\/terrasse-mit-grill\/#breadcrumb","itemListElement":[{"@type":"ListItem","position":1,"name":"Home","item":"https:\/\/www.vilaprag.cz\/de\/"},{"@type":"ListItem","position":2,"name":"Dienstleistungen","item":"https:\/\/www.vilaprag.cz\/de\/dienstleistungen\/"},{"@type":"ListItem","position":3,"name":"Terrasse mit Grill"}]},{"@type":"WebSite","@id":"https:\/\/www.vilaprag.cz\/de\/#website","url":"https:\/\/www.vilaprag.cz\/de\/","name":"Vila Prag","description":"Just another ms.decms.eu site","potentialAction":[{"@type":"SearchAction","target":{"@type":"EntryPoint","urlTemplate":"https:\/\/www.vilaprag.cz\/de\/?s={search_term_string}"},"query-input":{"@type":"PropertyValueSpecification","valueRequired":true,"valueName":"search_term_string"}}],"inLanguage":"de-DE"}]}},"acf":[],"_links":{"self":[{"href":"https:\/\/www.vilaprag.cz\/de\/wp-json\/wp\/v2\/pages\/481","targetHints":{"allow":["GET"]}}],"collection":[{"href":"https:\/\/www.vilaprag.cz\/de\/wp-json\/wp\/v2\/pages"}],"about":[{"href":"https:\/\/www.vilaprag.cz\/de\/wp-json\/wp\/v2\/types\/page"}],"author":[{"embeddable":true,"href":"https:\/\/www.vilaprag.cz\/de\/wp-json\/wp\/v2\/users\/525"}],"replies":[{"embeddable":true,"href":"https:\/\/www.vilaprag.cz\/de\/wp-json\/wp\/v2\/comments?post=481"}],"version-history":[{"count":0,"href":"https:\/\/www.vilaprag.cz\/de\/wp-json\/wp\/v2\/pages\/481\/revisions"}],"up":[{"embeddable":true,"href":"https:\/\/www.vilaprag.cz\/de\/wp-json\/wp\/v2\/pages\/463"}],"wp:featuredmedia":[{"embeddable":true,"href":"https:\/\/www.vilaprag.cz\/de\/wp-json\/wp\/v2\/media\/482"}],"wp:attachment":[{"href":"https:\/\/www.vilaprag.cz\/de\/wp-json\/wp\/v2\/media?parent=481"}],"wp:term":[{"taxonomy":"category","embeddable":true,"href":"https:\/\/www.vilaprag.cz\/de\/wp-json\/wp\/v2\/categories?post=481"}],"curies":[{"name":"wp","href":"https:\/\/api.w.org\/{rel}","templated":true}]}}