{"id":465,"date":"2023-03-27T08:38:11","date_gmt":"2023-03-27T08:38:11","guid":{"rendered":"https:\/\/www.vilaprag.cz\/?page_id=465"},"modified":"2023-04-10T12:34:55","modified_gmt":"2023-04-10T12:34:55","slug":"schwimmbad","status":"publish","type":"page","link":"https:\/\/www.vilaprag.cz\/de\/dienstleistungen\/schwimmbad\/","title":{"rendered":"Schwimmbad"},"content":{"rendered":"<div class=\"flex flex-grow flex-col gap-3\">\n<div class=\"min-h-[20px] flex flex-col items-start gap-4 whitespace-pre-wrap\">\n<div class=\"markdown prose w-full break-words dark:prose-invert light\">\n<p>Das Schwimmbad in der Gr\u00f6\u00dfe von xyz mit Salzwasser und einer Temperatur von 28\u00b0C ist eine ideale Wahl zur Entspannung nach einem anstrengenden Arbeitstag oder einer Reise durch Prag.<\/p>\n<p>Das Schwimmbad ist verglast, so dass es m\u00f6glich ist, die Sterne \u00fcber Kopf zu beobachten oder tags\u00fcber die Sonne zu genie\u00dfen.<\/p>\n<\/div>\n<\/div>\n<\/div>\n","protected":false},"excerpt":{"rendered":"<p>Das Schwimmbad in der Gr\u00f6\u00dfe von xyz mit Salzwasser und einer Temperatur von 28\u00b0C ist eine ideale Wahl zur Entspannung nach einem anstrengenden Arbeitstag oder einer Reise durch Prag. Das Schwimmbad ist verglast, so dass es m\u00f6glich ist, die Sterne \u00fcber Kopf zu beobachten oder tags\u00fcber die Sonne zu genie\u00dfen.<\/p>\n","protected":false},"author":525,"featured_media":466,"parent":463,"menu_order":0,"comment_status":"closed","ping_status":"closed","template":"template-services.php","meta":{"footnotes":""},"categories":[],"class_list":["post-465","page","type-page","status-publish","has-post-thumbnail","hentry"],"yoast_head":"<!-- This site is optimized with the Yoast SEO plugin v26.9 - https:\/\/yoast.com\/product\/yoast-seo-wordpress\/ -->\n<title>Schwimmbad - Vila Prag<\/title>\n<meta name=\"description\" content=\"Das Schwimmbad in der Gr\u00f6\u00dfe von xyz mit Salzwasser und einer Temperatur von 28\u00b0C ist eine ideale Wahl zur Entspannung nach einem anstrengenden Arbeitstag oder einer Reise durch Prag.  Das Schwimmbad ist verglast, so dass es m\u00f6glich ist, die Sterne \u00fcber Kopf zu beobachten oder tags\u00fcber die Sonne zu genie\u00dfen.    .\" \/>\n<meta name=\"robots\" content=\"index, follow, max-snippet:-1, max-image-preview:large, max-video-preview:-1\" \/>\n<link rel=\"canonical\" href=\"https:\/\/www.vilaprag.cz\/de\/dienstleistungen\/schwimmbad\/\" \/>\n<meta property=\"og:locale\" content=\"de_DE\" \/>\n<meta property=\"og:type\" content=\"article\" \/>\n<meta property=\"og:title\" content=\"Schwimmbad - Vila Prag\" \/>\n<meta property=\"og:description\" content=\"Das Schwimmbad in der Gr\u00f6\u00dfe von xyz mit Salzwasser und einer Temperatur von 28\u00b0C ist eine ideale Wahl zur Entspannung nach einem anstrengenden Arbeitstag oder einer Reise durch Prag.  Das Schwimmbad ist verglast, so dass es m\u00f6glich ist, die Sterne \u00fcber Kopf zu beobachten oder tags\u00fcber die Sonne zu genie\u00dfen.    .\" \/>\n<meta property=\"og:url\" content=\"https:\/\/www.vilaprag.cz\/de\/dienstleistungen\/schwimmbad\/\" \/>\n<meta property=\"og:site_name\" content=\"Vila Prag\" \/>\n<meta property=\"article:modified_time\" content=\"2023-04-10T12:34:55+00:00\" \/>\n<meta property=\"og:image\" content=\"http:\/\/www.vilaprag.cz\/wp-content\/uploads\/sites\/473\/2022\/08\/IMG_20220801_160722.jpg\" \/>\n\t<meta property=\"og:image:width\" content=\"1600\" \/>\n\t<meta property=\"og:image:height\" content=\"1200\" \/>\n\t<meta property=\"og:image:type\" content=\"image\/jpeg\" \/>\n<meta name=\"twitter:card\" content=\"summary_large_image\" \/>\n<meta name=\"twitter:label1\" content=\"Gesch\u00e4tzte Lesezeit\" \/>\n\t<meta name=\"twitter:data1\" content=\"1 Minute\" \/>\n<script type=\"application\/ld+json\" class=\"yoast-schema-graph\">{\"@context\":\"https:\/\/schema.org\",\"@graph\":[{\"@type\":\"WebPage\",\"@id\":\"https:\/\/www.vilaprag.cz\/de\/dienstleistungen\/schwimmbad\/\",\"url\":\"https:\/\/www.vilaprag.cz\/de\/dienstleistungen\/schwimmbad\/\",\"name\":\"Schwimmbad - Vila Prag\",\"isPartOf\":{\"@id\":\"https:\/\/www.vilaprag.cz\/de\/#website\"},\"primaryImageOfPage\":{\"@id\":\"https:\/\/www.vilaprag.cz\/de\/dienstleistungen\/schwimmbad\/#primaryimage\"},\"image\":{\"@id\":\"https:\/\/www.vilaprag.cz\/de\/dienstleistungen\/schwimmbad\/#primaryimage\"},\"thumbnailUrl\":\"https:\/\/www.vilaprag.cz\/wp-content\/uploads\/sites\/473\/2022\/08\/IMG_20220801_160722.jpg\",\"datePublished\":\"2023-03-27T08:38:11+00:00\",\"dateModified\":\"2023-04-10T12:34:55+00:00\",\"description\":\"Das Schwimmbad in der Gr\u00f6\u00dfe von xyz mit Salzwasser und einer Temperatur von 28\u00b0C ist eine ideale Wahl zur Entspannung nach einem anstrengenden Arbeitstag oder einer Reise durch Prag. Das Schwimmbad ist verglast, so dass es m\u00f6glich ist, die Sterne \u00fcber Kopf zu beobachten oder tags\u00fcber die Sonne zu genie\u00dfen. .\",\"breadcrumb\":{\"@id\":\"https:\/\/www.vilaprag.cz\/de\/dienstleistungen\/schwimmbad\/#breadcrumb\"},\"inLanguage\":\"de-DE\",\"potentialAction\":[{\"@type\":\"ReadAction\",\"target\":[\"https:\/\/www.vilaprag.cz\/de\/dienstleistungen\/schwimmbad\/\"]}]},{\"@type\":\"ImageObject\",\"inLanguage\":\"de-DE\",\"@id\":\"https:\/\/www.vilaprag.cz\/de\/dienstleistungen\/schwimmbad\/#primaryimage\",\"url\":\"https:\/\/www.vilaprag.cz\/wp-content\/uploads\/sites\/473\/2022\/08\/IMG_20220801_160722.jpg\",\"contentUrl\":\"https:\/\/www.vilaprag.cz\/wp-content\/uploads\/sites\/473\/2022\/08\/IMG_20220801_160722.jpg\",\"width\":1600,\"height\":1200},{\"@type\":\"BreadcrumbList\",\"@id\":\"https:\/\/www.vilaprag.cz\/de\/dienstleistungen\/schwimmbad\/#breadcrumb\",\"itemListElement\":[{\"@type\":\"ListItem\",\"position\":1,\"name\":\"Home\",\"item\":\"https:\/\/www.vilaprag.cz\/de\/\"},{\"@type\":\"ListItem\",\"position\":2,\"name\":\"Dienstleistungen\",\"item\":\"https:\/\/www.vilaprag.cz\/de\/dienstleistungen\/\"},{\"@type\":\"ListItem\",\"position\":3,\"name\":\"Schwimmbad\"}]},{\"@type\":\"WebSite\",\"@id\":\"https:\/\/www.vilaprag.cz\/de\/#website\",\"url\":\"https:\/\/www.vilaprag.cz\/de\/\",\"name\":\"Vila Prag\",\"description\":\"Just another ms.decms.eu site\",\"potentialAction\":[{\"@type\":\"SearchAction\",\"target\":{\"@type\":\"EntryPoint\",\"urlTemplate\":\"https:\/\/www.vilaprag.cz\/de\/?s={search_term_string}\"},\"query-input\":{\"@type\":\"PropertyValueSpecification\",\"valueRequired\":true,\"valueName\":\"search_term_string\"}}],\"inLanguage\":\"de-DE\"}]}<\/script>\n<!-- \/ Yoast SEO plugin. -->","yoast_head_json":{"title":"Schwimmbad - Vila Prag","description":"Das Schwimmbad in der Gr\u00f6\u00dfe von xyz mit Salzwasser und einer Temperatur von 28\u00b0C ist eine ideale Wahl zur Entspannung nach einem anstrengenden Arbeitstag oder einer Reise durch Prag.  Das Schwimmbad ist verglast, so dass es m\u00f6glich ist, die Sterne \u00fcber Kopf zu beobachten oder tags\u00fcber die Sonne zu genie\u00dfen.    .","robots":{"index":"index","follow":"follow","max-snippet":"max-snippet:-1","max-image-preview":"max-image-preview:large","max-video-preview":"max-video-preview:-1"},"canonical":"https:\/\/www.vilaprag.cz\/de\/dienstleistungen\/schwimmbad\/","og_locale":"de_DE","og_type":"article","og_title":"Schwimmbad - Vila Prag","og_description":"Das Schwimmbad in der Gr\u00f6\u00dfe von xyz mit Salzwasser und einer Temperatur von 28\u00b0C ist eine ideale Wahl zur Entspannung nach einem anstrengenden Arbeitstag oder einer Reise durch Prag.  Das Schwimmbad ist verglast, so dass es m\u00f6glich ist, die Sterne \u00fcber Kopf zu beobachten oder tags\u00fcber die Sonne zu genie\u00dfen.    .","og_url":"https:\/\/www.vilaprag.cz\/de\/dienstleistungen\/schwimmbad\/","og_site_name":"Vila Prag","article_modified_time":"2023-04-10T12:34:55+00:00","og_image":[{"width":1600,"height":1200,"url":"http:\/\/www.vilaprag.cz\/wp-content\/uploads\/sites\/473\/2022\/08\/IMG_20220801_160722.jpg","type":"image\/jpeg"}],"twitter_card":"summary_large_image","twitter_misc":{"Gesch\u00e4tzte Lesezeit":"1 Minute"},"schema":{"@context":"https:\/\/schema.org","@graph":[{"@type":"WebPage","@id":"https:\/\/www.vilaprag.cz\/de\/dienstleistungen\/schwimmbad\/","url":"https:\/\/www.vilaprag.cz\/de\/dienstleistungen\/schwimmbad\/","name":"Schwimmbad - Vila Prag","isPartOf":{"@id":"https:\/\/www.vilaprag.cz\/de\/#website"},"primaryImageOfPage":{"@id":"https:\/\/www.vilaprag.cz\/de\/dienstleistungen\/schwimmbad\/#primaryimage"},"image":{"@id":"https:\/\/www.vilaprag.cz\/de\/dienstleistungen\/schwimmbad\/#primaryimage"},"thumbnailUrl":"https:\/\/www.vilaprag.cz\/wp-content\/uploads\/sites\/473\/2022\/08\/IMG_20220801_160722.jpg","datePublished":"2023-03-27T08:38:11+00:00","dateModified":"2023-04-10T12:34:55+00:00","description":"Das Schwimmbad in der Gr\u00f6\u00dfe von xyz mit Salzwasser und einer Temperatur von 28\u00b0C ist eine ideale Wahl zur Entspannung nach einem anstrengenden Arbeitstag oder einer Reise durch Prag. Das Schwimmbad ist verglast, so dass es m\u00f6glich ist, die Sterne \u00fcber Kopf zu beobachten oder tags\u00fcber die Sonne zu genie\u00dfen. .","breadcrumb":{"@id":"https:\/\/www.vilaprag.cz\/de\/dienstleistungen\/schwimmbad\/#breadcrumb"},"inLanguage":"de-DE","potentialAction":[{"@type":"ReadAction","target":["https:\/\/www.vilaprag.cz\/de\/dienstleistungen\/schwimmbad\/"]}]},{"@type":"ImageObject","inLanguage":"de-DE","@id":"https:\/\/www.vilaprag.cz\/de\/dienstleistungen\/schwimmbad\/#primaryimage","url":"https:\/\/www.vilaprag.cz\/wp-content\/uploads\/sites\/473\/2022\/08\/IMG_20220801_160722.jpg","contentUrl":"https:\/\/www.vilaprag.cz\/wp-content\/uploads\/sites\/473\/2022\/08\/IMG_20220801_160722.jpg","width":1600,"height":1200},{"@type":"BreadcrumbList","@id":"https:\/\/www.vilaprag.cz\/de\/dienstleistungen\/schwimmbad\/#breadcrumb","itemListElement":[{"@type":"ListItem","position":1,"name":"Home","item":"https:\/\/www.vilaprag.cz\/de\/"},{"@type":"ListItem","position":2,"name":"Dienstleistungen","item":"https:\/\/www.vilaprag.cz\/de\/dienstleistungen\/"},{"@type":"ListItem","position":3,"name":"Schwimmbad"}]},{"@type":"WebSite","@id":"https:\/\/www.vilaprag.cz\/de\/#website","url":"https:\/\/www.vilaprag.cz\/de\/","name":"Vila Prag","description":"Just another ms.decms.eu site","potentialAction":[{"@type":"SearchAction","target":{"@type":"EntryPoint","urlTemplate":"https:\/\/www.vilaprag.cz\/de\/?s={search_term_string}"},"query-input":{"@type":"PropertyValueSpecification","valueRequired":true,"valueName":"search_term_string"}}],"inLanguage":"de-DE"}]}},"acf":[],"_links":{"self":[{"href":"https:\/\/www.vilaprag.cz\/de\/wp-json\/wp\/v2\/pages\/465","targetHints":{"allow":["GET"]}}],"collection":[{"href":"https:\/\/www.vilaprag.cz\/de\/wp-json\/wp\/v2\/pages"}],"about":[{"href":"https:\/\/www.vilaprag.cz\/de\/wp-json\/wp\/v2\/types\/page"}],"author":[{"embeddable":true,"href":"https:\/\/www.vilaprag.cz\/de\/wp-json\/wp\/v2\/users\/525"}],"replies":[{"embeddable":true,"href":"https:\/\/www.vilaprag.cz\/de\/wp-json\/wp\/v2\/comments?post=465"}],"version-history":[{"count":0,"href":"https:\/\/www.vilaprag.cz\/de\/wp-json\/wp\/v2\/pages\/465\/revisions"}],"up":[{"embeddable":true,"href":"https:\/\/www.vilaprag.cz\/de\/wp-json\/wp\/v2\/pages\/463"}],"wp:featuredmedia":[{"embeddable":true,"href":"https:\/\/www.vilaprag.cz\/de\/wp-json\/wp\/v2\/media\/466"}],"wp:attachment":[{"href":"https:\/\/www.vilaprag.cz\/de\/wp-json\/wp\/v2\/media?parent=465"}],"wp:term":[{"taxonomy":"category","embeddable":true,"href":"https:\/\/www.vilaprag.cz\/de\/wp-json\/wp\/v2\/categories?post=465"}],"curies":[{"name":"wp","href":"https:\/\/api.w.org\/{rel}","templated":true}]}}