{"id":456,"date":"2023-03-27T09:07:31","date_gmt":"2023-03-27T09:07:31","guid":{"rendered":"https:\/\/www.vilaprag.cz\/?page_id=456"},"modified":"2023-08-17T08:48:56","modified_gmt":"2023-08-17T08:48:56","slug":"ihr-aufenthalt-in-prag","status":"publish","type":"page","link":"https:\/\/www.vilaprag.cz\/de\/","title":{"rendered":"Ihr Aufenthalt in Prag"},"content":{"rendered":"<div class=\"flex flex-grow flex-col gap-3\">\n<div class=\"min-h-[20px] flex flex-col items-start gap-4 whitespace-pre-wrap\">\n<div class=\"markdown prose w-full break-words dark:prose-invert light\">\n<p>Die Villa Prag befindet sich am Ende der Sackgasse Pod Habrovou, in einem ruhigen Teil von Barrandov.<\/p>\n<p>Im Jahr 2010 wurde sie einer umfassenden Renovierung unterzogen, bei der die urspr\u00fcngliche Idee des Architekten Jan Kaplick\u00fd, der die Villa f\u00fcr Jaroslav Dietl entworfen hatte, erneuert wurde.<\/p>\n<p>Es ist ein gro\u00dfartiger Ort, um mit Ihrer Familie oder Freunden zu \u00fcbernachten, aber es kann auch die notwendige Atmosph\u00e4re f\u00fcr Ihre Firmenpr\u00e4sentation und andere unvergessliche Veranstaltungen bieten.<\/p>\n<p>Jeder, der die Villa besucht hat, kann die einzigartige Atmosph\u00e4re dieses Ortes sp\u00fcren.<\/p>\n<\/div>\n<\/div>\n<\/div>\n","protected":false},"excerpt":{"rendered":"<p>Die Villa Prag befindet sich am Ende der Sackgasse Pod Habrovou, in einem ruhigen Teil von Barrandov. Im Jahr 2010 wurde sie einer umfassenden Renovierung unterzogen, bei der die urspr\u00fcngliche Idee des Architekten Jan Kaplick\u00fd, der die Villa f\u00fcr Jaroslav Dietl entworfen hatte, erneuert wurde. Es ist ein gro\u00dfartiger Ort, um mit Ihrer Familie oder [&hellip;]<\/p>\n","protected":false},"author":525,"featured_media":0,"parent":0,"menu_order":-1,"comment_status":"closed","ping_status":"closed","template":"","meta":{"footnotes":""},"categories":[],"class_list":["post-456","page","type-page","status-publish","hentry"],"yoast_head":"<!-- This site is optimized with the Yoast SEO plugin v26.9 - https:\/\/yoast.com\/product\/yoast-seo-wordpress\/ -->\n<title>Ihr Aufenthalt in Prag - Vila Prag<\/title>\n<meta name=\"description\" content=\"Die Villa Prag befindet sich am Ende der Sackgasse Pod Habrovou, in einem ruhigen Teil von Barrandov.  Im Jahr 2010 wurde sie einer umfassenden Renovierung unterzogen, bei der die urspr\u00fcngliche Idee des Architekten Jan Kaplick\u00fd, der die Villa f\u00fcr Jaroslav Dietl entworfen hatte, erneuert wurde.  Es ist ein gro\u00dfartiger Ort, um mit Ihrer Familie oder Freunden zu \u00fcbernachten, aber es kann auch die notwendige Atmosph\u00e4re f\u00fcr Ihre Firmenpr\u00e4sentation und andere unvergessliche Veranstaltungen bieten.  Jeder, der die Villa besucht hat, kann die einzigartige Atmosph\u00e4re dieses Ortes sp\u00fcren.    .\" \/>\n<meta name=\"robots\" content=\"index, follow, max-snippet:-1, max-image-preview:large, max-video-preview:-1\" \/>\n<link rel=\"canonical\" href=\"https:\/\/www.vilaprag.cz\/de\/\" \/>\n<meta property=\"og:locale\" content=\"de_DE\" \/>\n<meta property=\"og:type\" content=\"article\" \/>\n<meta property=\"og:title\" content=\"Ihr Aufenthalt in Prag - Vila Prag\" \/>\n<meta property=\"og:description\" content=\"Die Villa Prag befindet sich am Ende der Sackgasse Pod Habrovou, in einem ruhigen Teil von Barrandov.  Im Jahr 2010 wurde sie einer umfassenden Renovierung unterzogen, bei der die urspr\u00fcngliche Idee des Architekten Jan Kaplick\u00fd, der die Villa f\u00fcr Jaroslav Dietl entworfen hatte, erneuert wurde.  Es ist ein gro\u00dfartiger Ort, um mit Ihrer Familie oder Freunden zu \u00fcbernachten, aber es kann auch die notwendige Atmosph\u00e4re f\u00fcr Ihre Firmenpr\u00e4sentation und andere unvergessliche Veranstaltungen bieten.  Jeder, der die Villa besucht hat, kann die einzigartige Atmosph\u00e4re dieses Ortes sp\u00fcren.    .\" \/>\n<meta property=\"og:url\" content=\"https:\/\/www.vilaprag.cz\/de\/\" \/>\n<meta property=\"og:site_name\" content=\"Vila Prag\" \/>\n<meta property=\"article:modified_time\" content=\"2023-08-17T08:48:56+00:00\" \/>\n<meta name=\"twitter:card\" content=\"summary_large_image\" \/>\n<meta name=\"twitter:label1\" content=\"Gesch\u00e4tzte Lesezeit\" \/>\n\t<meta name=\"twitter:data1\" content=\"1 Minute\" \/>\n<script type=\"application\/ld+json\" class=\"yoast-schema-graph\">{\"@context\":\"https:\/\/schema.org\",\"@graph\":[{\"@type\":\"WebPage\",\"@id\":\"https:\/\/www.vilaprag.cz\/de\/\",\"url\":\"https:\/\/www.vilaprag.cz\/de\/\",\"name\":\"Ihr Aufenthalt in Prag - Vila Prag\",\"isPartOf\":{\"@id\":\"https:\/\/www.vilaprag.cz\/de\/#website\"},\"datePublished\":\"2023-03-27T09:07:31+00:00\",\"dateModified\":\"2023-08-17T08:48:56+00:00\",\"description\":\"Die Villa Prag befindet sich am Ende der Sackgasse Pod Habrovou, in einem ruhigen Teil von Barrandov. Im Jahr 2010 wurde sie einer umfassenden Renovierung unterzogen, bei der die urspr\u00fcngliche Idee des Architekten Jan Kaplick\u00fd, der die Villa f\u00fcr Jaroslav Dietl entworfen hatte, erneuert wurde. Es ist ein gro\u00dfartiger Ort, um mit Ihrer Familie oder Freunden zu \u00fcbernachten, aber es kann auch die notwendige Atmosph\u00e4re f\u00fcr Ihre Firmenpr\u00e4sentation und andere unvergessliche Veranstaltungen bieten. Jeder, der die Villa besucht hat, kann die einzigartige Atmosph\u00e4re dieses Ortes sp\u00fcren. .\",\"breadcrumb\":{\"@id\":\"https:\/\/www.vilaprag.cz\/de\/#breadcrumb\"},\"inLanguage\":\"de-DE\",\"potentialAction\":[{\"@type\":\"ReadAction\",\"target\":[\"https:\/\/www.vilaprag.cz\/de\/\"]}]},{\"@type\":\"BreadcrumbList\",\"@id\":\"https:\/\/www.vilaprag.cz\/de\/#breadcrumb\",\"itemListElement\":[{\"@type\":\"ListItem\",\"position\":1,\"name\":\"Home\",\"item\":\"https:\/\/www.vilaprag.cz\/de\/\"},{\"@type\":\"ListItem\",\"position\":2,\"name\":\"Ihr Aufenthalt in Prag\"}]},{\"@type\":\"WebSite\",\"@id\":\"https:\/\/www.vilaprag.cz\/de\/#website\",\"url\":\"https:\/\/www.vilaprag.cz\/de\/\",\"name\":\"Vila Prag\",\"description\":\"Just another ms.decms.eu site\",\"potentialAction\":[{\"@type\":\"SearchAction\",\"target\":{\"@type\":\"EntryPoint\",\"urlTemplate\":\"https:\/\/www.vilaprag.cz\/de\/?s={search_term_string}\"},\"query-input\":{\"@type\":\"PropertyValueSpecification\",\"valueRequired\":true,\"valueName\":\"search_term_string\"}}],\"inLanguage\":\"de-DE\"}]}<\/script>\n<!-- \/ Yoast SEO plugin. -->","yoast_head_json":{"title":"Ihr Aufenthalt in Prag - Vila Prag","description":"Die Villa Prag befindet sich am Ende der Sackgasse Pod Habrovou, in einem ruhigen Teil von Barrandov.  Im Jahr 2010 wurde sie einer umfassenden Renovierung unterzogen, bei der die urspr\u00fcngliche Idee des Architekten Jan Kaplick\u00fd, der die Villa f\u00fcr Jaroslav Dietl entworfen hatte, erneuert wurde.  Es ist ein gro\u00dfartiger Ort, um mit Ihrer Familie oder Freunden zu \u00fcbernachten, aber es kann auch die notwendige Atmosph\u00e4re f\u00fcr Ihre Firmenpr\u00e4sentation und andere unvergessliche Veranstaltungen bieten.  Jeder, der die Villa besucht hat, kann die einzigartige Atmosph\u00e4re dieses Ortes sp\u00fcren.    .","robots":{"index":"index","follow":"follow","max-snippet":"max-snippet:-1","max-image-preview":"max-image-preview:large","max-video-preview":"max-video-preview:-1"},"canonical":"https:\/\/www.vilaprag.cz\/de\/","og_locale":"de_DE","og_type":"article","og_title":"Ihr Aufenthalt in Prag - Vila Prag","og_description":"Die Villa Prag befindet sich am Ende der Sackgasse Pod Habrovou, in einem ruhigen Teil von Barrandov.  Im Jahr 2010 wurde sie einer umfassenden Renovierung unterzogen, bei der die urspr\u00fcngliche Idee des Architekten Jan Kaplick\u00fd, der die Villa f\u00fcr Jaroslav Dietl entworfen hatte, erneuert wurde.  Es ist ein gro\u00dfartiger Ort, um mit Ihrer Familie oder Freunden zu \u00fcbernachten, aber es kann auch die notwendige Atmosph\u00e4re f\u00fcr Ihre Firmenpr\u00e4sentation und andere unvergessliche Veranstaltungen bieten.  Jeder, der die Villa besucht hat, kann die einzigartige Atmosph\u00e4re dieses Ortes sp\u00fcren.    .","og_url":"https:\/\/www.vilaprag.cz\/de\/","og_site_name":"Vila Prag","article_modified_time":"2023-08-17T08:48:56+00:00","twitter_card":"summary_large_image","twitter_misc":{"Gesch\u00e4tzte Lesezeit":"1 Minute"},"schema":{"@context":"https:\/\/schema.org","@graph":[{"@type":"WebPage","@id":"https:\/\/www.vilaprag.cz\/de\/","url":"https:\/\/www.vilaprag.cz\/de\/","name":"Ihr Aufenthalt in Prag - Vila Prag","isPartOf":{"@id":"https:\/\/www.vilaprag.cz\/de\/#website"},"datePublished":"2023-03-27T09:07:31+00:00","dateModified":"2023-08-17T08:48:56+00:00","description":"Die Villa Prag befindet sich am Ende der Sackgasse Pod Habrovou, in einem ruhigen Teil von Barrandov. Im Jahr 2010 wurde sie einer umfassenden Renovierung unterzogen, bei der die urspr\u00fcngliche Idee des Architekten Jan Kaplick\u00fd, der die Villa f\u00fcr Jaroslav Dietl entworfen hatte, erneuert wurde. Es ist ein gro\u00dfartiger Ort, um mit Ihrer Familie oder Freunden zu \u00fcbernachten, aber es kann auch die notwendige Atmosph\u00e4re f\u00fcr Ihre Firmenpr\u00e4sentation und andere unvergessliche Veranstaltungen bieten. Jeder, der die Villa besucht hat, kann die einzigartige Atmosph\u00e4re dieses Ortes sp\u00fcren. .","breadcrumb":{"@id":"https:\/\/www.vilaprag.cz\/de\/#breadcrumb"},"inLanguage":"de-DE","potentialAction":[{"@type":"ReadAction","target":["https:\/\/www.vilaprag.cz\/de\/"]}]},{"@type":"BreadcrumbList","@id":"https:\/\/www.vilaprag.cz\/de\/#breadcrumb","itemListElement":[{"@type":"ListItem","position":1,"name":"Home","item":"https:\/\/www.vilaprag.cz\/de\/"},{"@type":"ListItem","position":2,"name":"Ihr Aufenthalt in Prag"}]},{"@type":"WebSite","@id":"https:\/\/www.vilaprag.cz\/de\/#website","url":"https:\/\/www.vilaprag.cz\/de\/","name":"Vila Prag","description":"Just another ms.decms.eu site","potentialAction":[{"@type":"SearchAction","target":{"@type":"EntryPoint","urlTemplate":"https:\/\/www.vilaprag.cz\/de\/?s={search_term_string}"},"query-input":{"@type":"PropertyValueSpecification","valueRequired":true,"valueName":"search_term_string"}}],"inLanguage":"de-DE"}]}},"acf":[],"_links":{"self":[{"href":"https:\/\/www.vilaprag.cz\/de\/wp-json\/wp\/v2\/pages\/456","targetHints":{"allow":["GET"]}}],"collection":[{"href":"https:\/\/www.vilaprag.cz\/de\/wp-json\/wp\/v2\/pages"}],"about":[{"href":"https:\/\/www.vilaprag.cz\/de\/wp-json\/wp\/v2\/types\/page"}],"author":[{"embeddable":true,"href":"https:\/\/www.vilaprag.cz\/de\/wp-json\/wp\/v2\/users\/525"}],"replies":[{"embeddable":true,"href":"https:\/\/www.vilaprag.cz\/de\/wp-json\/wp\/v2\/comments?post=456"}],"version-history":[{"count":0,"href":"https:\/\/www.vilaprag.cz\/de\/wp-json\/wp\/v2\/pages\/456\/revisions"}],"wp:attachment":[{"href":"https:\/\/www.vilaprag.cz\/de\/wp-json\/wp\/v2\/media?parent=456"}],"wp:term":[{"taxonomy":"category","embeddable":true,"href":"https:\/\/www.vilaprag.cz\/de\/wp-json\/wp\/v2\/categories?post=456"}],"curies":[{"name":"wp","href":"https:\/\/api.w.org\/{rel}","templated":true}]}}