{"id":420,"date":"2022-11-02T14:27:57","date_gmt":"2022-11-02T14:27:57","guid":{"rendered":"https:\/\/vila-prag.ms.decms.eu\/cookie-policy-preferences\/"},"modified":"2025-05-16T13:22:01","modified_gmt":"2025-05-16T13:22:01","slug":"zasady-pouzivani-souboru-cookies-a-preference","status":"publish","type":"page","link":"https:\/\/www.vilaprag.cz\/cs\/zasady-pouzivani-souboru-cookies-a-preference\/","title":{"rendered":"Z\u00e1sady Pou\u017e\u00edv\u00e1n\u00ed Soubor\u016f Cookies A Preference"},"content":{"rendered":"<p><strong>LEVI, spol. s r.o.: pou\u017e\u00edv\u00e1n\u00ed cookies<\/strong><\/p>\n<p>Upozor\u0148ujeme, \u017ee hotel LEVI, spol. s r.o. pou\u017e\u00edv\u00e1 na sv\u00e9m webu <a href=\"https:\/\/www.vilaprag.cz\/\">https:\/\/www.vilaprag.cz\/<\/a> cookies nebo jin\u00e9 sledovac\u00ed prvky.<\/p>\n<p>Tyto sledovac\u00ed prvky mohou b\u00fdt na va\u0161em za\u0159\u00edzen\u00ed nainstalov\u00e1ny podle preferenc\u00ed, kter\u00e9 jste si nastavili nebo m\u016f\u017eete kdykoliv nastavit v\u00a0souladu s\u00a0t\u011bmito z\u00e1sadami.<\/p>\n<ol>\n<li><strong>Jak\u00fd je v\u00fdznam z\u00e1sad pou\u017e\u00edv\u00e1n\u00ed soubor\u016f cookies?<\/strong><\/li>\n<\/ol>\n<p>LEVI, spol. s r.o. usiluje o zaji\u0161t\u011bn\u00ed transparentnosti a poskytov\u00e1n\u00ed informac\u00ed. Za t\u00edmto \u00fa\u010delem stanovil tyto z\u00e1sady, kter\u00e9 v\u00e1m pom\u016f\u017eou:<\/p>\n<ul>\n<li>Zjistit p\u016fvod a\u00a0\u00fa\u010del informac\u00ed zpracov\u00e1van\u00fdch p\u0159i prohl\u00ed\u017een\u00ed<br \/>\n<a href=\"https:\/\/www.vilaprag.cz\/\">https:\/\/www.vilaprag.cz\/<\/a><\/li>\n<li>Poznat va\u0161e pr\u00e1va v souvislosti s cookies a jin\u00fdmi sledovac\u00edmi prvky, kter\u00e9 pou\u017e\u00edv\u00e1 LEVI, spol. s r.o.<\/li>\n<\/ul>\n<ol start=\"2\">\n<li><strong>Co je to soubor cookie?<\/strong><\/li>\n<\/ol>\n<p>Cookies a\u00a0dal\u0161\u00ed podobn\u00e9 sledovac\u00ed prvky jsou datov\u00e9 pakety, kter\u00e9 pou\u017e\u00edvaj\u00ed servery k\u00a0odes\u00edl\u00e1n\u00ed informac\u00ed prohl\u00ed\u017ee\u010di u\u017eivatele a\u00a0n\u00e1sledn\u011b tyto informace odes\u00edlaj\u00ed zp\u011bt serveru.<br \/>\nMezi tyto informace se \u0159ad\u00ed nap\u0159\u00edklad identifik\u00e1tor relace, jazyk, datum vypr\u0161en\u00ed platnosti, pole odezvy a\u00a0dal\u0161\u00ed typy informac\u00ed.<br \/>\nB\u011bhem doby sv\u00e9 platnosti slou\u017e\u00ed cookies k\u00a0ukl\u00e1d\u00e1n\u00ed informac\u00ed p\u0159i prohl\u00ed\u017een\u00ed r\u016fzn\u00fdch str\u00e1nek na webu nebo kdy\u017e se na web vr\u00e1t\u00edte pozd\u011bji.<\/p>\n<p>Existuj\u00ed r\u016fzn\u00e9 typy cookies:<\/p>\n<ul>\n<li>Cookies pro udr\u017eov\u00e1n\u00ed relace, kter\u00e9 jsou vymaz\u00e1ny p\u0159i zav\u0159en\u00ed prohl\u00ed\u017ee\u010de nebo webu.<\/li>\n<li>Trval\u00e9 cookies, kter\u00e9 z\u016fstanou ulo\u017eeny v\u00a0za\u0159\u00edzen\u00ed do vypr\u0161en\u00ed platnosti nebo dokud je neodstran\u00edte v\u00a0nastaven\u00ed prohl\u00ed\u017ee\u010de.<\/li>\n<\/ul>\n<ol start=\"3\">\n<li><strong>Pro\u010d pou\u017e\u00edvat cookies?<\/strong><\/li>\n<\/ol>\n<p>Cookies a\u00a0dal\u0161\u00ed sledovac\u00ed prvky pou\u017e\u00edv\u00e1me p\u0159edev\u0161\u00edm pro n\u00e1sleduj\u00edc\u00ed \u00fa\u010dely:<\/p>\n<p><em>Nezbytn\u00e9 cookies jsou nutn\u00e9 pro prohl\u00ed\u017een\u00ed <\/em><a href=\"https:\/\/www.vilaprag.cz\/\">https:\/\/www.vilaprag.cz\/<\/a> <em>a\u00a0mo\u017enost vyu\u017e\u00edvat ve\u0161ker\u00e9 funkce, zejm\u00e9na:<\/em><\/p>\n<ul>\n<li>Ov\u011b\u0159ov\u00e1n\u00ed n\u00e1v\u0161t\u011bvn\u00edk\u016f webu a\u00a0souvisej\u00edc\u00edch bezpe\u010dnostn\u00edch opat\u0159en\u00ed a\u00a0zaji\u0161t\u011bn\u00ed \u0159\u00e1dn\u00e9ho fungov\u00e1n\u00ed ov\u011b\u0159ovac\u00edho modulu.<\/li>\n<li>Optimalizace u\u017eivatelsk\u00e9ho z\u00e1\u017eitku a\u00a0usnadn\u011bn\u00ed prohl\u00ed\u017een\u00ed, zejm\u00e9na ur\u010den\u00edm \u201etechnick\u00fdch tras\u201c pro prohl\u00ed\u017een\u00ed.<\/li>\n<li>Ukl\u00e1d\u00e1n\u00ed informac\u00ed ohledn\u011b informa\u010dn\u00edho banneru \u201ecookies\u201c zobrazen\u00e9ho n\u00e1v\u0161t\u011bvn\u00edk\u016fm webu, kte\u0159\u00ed n\u00e1sledn\u011b pokra\u010duj\u00ed v\u00a0prohl\u00ed\u017een\u00ed pot\u00e9, co odsouhlas\u00ed pou\u017e\u00edv\u00e1n\u00ed cookies na sv\u00e9m za\u0159\u00edzen\u00ed.<\/li>\n<\/ul>\n<p>Zaveden\u00ed bezpe\u010dnostn\u00ed opat\u0159en\u00ed (nap\u0159\u00edklad pokud budete po\u017e\u00e1d\u00e1ni, abyste se znovu p\u0159ihl\u00e1sili pro zobrazen\u00ed obsahu nebo slu\u017eby po uplynut\u00ed ur\u010dit\u00e9 doby, nebo abychom zajistili z\u00e1kladn\u00ed provoz <a href=\"https:\/\/www.vilaprag.cz\/\">https:\/\/www.vilaprag.cz\/<\/a> a vyu\u017e\u00edv\u00e1n\u00ed hlavn\u00edch funkc\u00ed, jako je sledov\u00e1n\u00ed v\u00fdkonu a\u00a0chyb p\u0159i prohl\u00ed\u017een\u00ed, spr\u00e1va u\u017eivatelsk\u00fdch relac\u00ed atd.).<\/p>\n<p>Funk\u010dn\u00ed cookies, ur\u010den\u00e9 zejm\u00e9na k:<\/p>\n<ul>\n<li>P\u0159izp\u016fsoben\u00ed <a href=\"https:\/\/www.vilaprag.cz\/\">https:\/\/www.vilaprag.cz\/<\/a> podle preferenc\u00ed nastaven\u00fdch na va\u0161em za\u0159\u00edzen\u00ed (jazyk, m\u011bna, rozli\u0161en\u00ed, pou\u017eit\u00fd opera\u010dn\u00ed syst\u00e9m, konfigurace a\u00a0nastaven\u00ed zobrazen\u00ed webu podle pou\u017eit\u00e9ho za\u0159\u00edzen\u00ed a\u00a0jeho um\u00edst\u011bn\u00ed atd.).<\/li>\n<li>Ukl\u00e1d\u00e1n\u00ed konkr\u00e9tn\u00edch informac\u00ed, kter\u00e9 zad\u00e1te p\u0159i prohl\u00ed\u017een\u00ed <a href=\"https:\/\/www.vilaprag.cz\/\">https:\/\/www.vilaprag.cz\/<\/a> za \u00fa\u010delem usnadn\u011bn\u00ed a\u00a0p\u0159izp\u016fsoben\u00ed sv\u00e9 dal\u0161\u00ed n\u00e1v\u0161t\u011bvy (v\u010detn\u011b zobrazen\u00ed jm\u00e9na a\u00a0p\u0159\u00edjmen\u00ed n\u00e1v\u0161t\u011bvn\u00edka, pokud m\u00e1 n\u00e1v\u0161t\u011bvn\u00edk u\u017eivatelsk\u00fd \u00fa\u010det).<\/li>\n<li>Umo\u017en\u011bn\u00ed rychlej\u0161\u00edho p\u0159\u00edstupu na va\u0161e osobn\u00ed str\u00e1nky ulo\u017een\u00edm p\u0159ihla\u0161ovac\u00edch \u00fadaj\u016f nebo informac\u00ed, kter\u00e9 jste p\u0159edt\u00edm zadali.<\/li>\n<\/ul>\n<p><em>Cookies pro sledov\u00e1n\u00ed n\u00e1v\u0161t\u011bvn\u00edk\u016f slou\u017e\u00ed k\u00a0usnadn\u011bn\u00ed prohl\u00ed\u017een\u00ed t\u00edm, \u017ee n\u00e1m pom\u00e1haj\u00ed porozum\u011bt\u00a0 va\u0161\u00ed interakci s\u00a0<\/em><a href=\"https:\/\/www.vilaprag.cz\/\">https:\/\/www.vilaprag.cz\/<\/a><em> (nejnav\u0161t\u011bvovan\u011bj\u0161\u00ed str\u00e1nky, pou\u017eit\u00e9 aplikace atd.); tyto cookies mohou shroma\u017e\u010fovat statistiky nebo testovat r\u016fzn\u00e9 zp\u016fsoby zobrazov\u00e1n\u00ed informac\u00ed za \u00fa\u010delem zlep\u0161en\u00ed relevance a\u00a0pou\u017eitelnosti na\u0161ich slu\u017eeb.<\/em><\/p>\n<p>Reklamn\u00ed cookies jsou ur\u010deny k\u00a0tomu (i) aby v\u00e1m na relevantn\u00edch m\u00edstech zobrazovaly relevantn\u00ed c\u00edlen\u00fd obsah (nejlep\u0161\u00ed nab\u00eddky, jin\u00e9 destinace atd.) na z\u00e1klad\u011b va\u0161ich z\u00e1jm\u016f, chov\u00e1n\u00ed p\u0159i prohl\u00ed\u017een\u00ed, preferenc\u00ed a\u00a0dal\u0161\u00edch faktor\u016f, a (ii) ke sn\u00ed\u017een\u00ed po\u010dtu zobrazovan\u00fdch reklam.<\/p>\n<p><em>Affiliate cookies identifikuj\u00ed weby t\u0159et\u00edch stran, kter\u00e9 p\u0159esm\u011brovaly n\u00e1v\u0161t\u011bvn\u00edka na <\/em><a href=\"https:\/\/www.vilaprag.cz\/\">https:\/\/www.vilaprag.cz\/<\/a><em>.<\/em><\/p>\n<p><em>Cookies soci\u00e1ln\u00edch s\u00edt\u00ed nastaven\u00e9 t\u0159et\u00edmi stranami v\u00e1m umo\u017e\u0148uj\u00ed sd\u00edlet v\u00e1\u0161 n\u00e1zor ohledn\u011b obsahu na <\/em><a href=\"https:\/\/www.vilaprag.cz\/\">https:\/\/www.vilaprag.cz\/<\/a> <em>na soci\u00e1ln\u00edch s\u00edt\u00edch (nap\u0159\u00edklad tla\u010d\u00edtka \u201eSd\u00edlet\u201c nebo \u201eL\u00edb\u00ed se mi\u201c pro soci\u00e1ln\u00ed s\u00edt\u011b).<\/em><\/p>\n<p>Aplikace soci\u00e1ln\u00edch s\u00edt\u00ed na <a href=\"https:\/\/www.vilaprag.cz\/\">https:\/\/www.vilaprag.cz\/<\/a>, mohou v\u00a0n\u011bkter\u00fdch p\u0159\u00edpadech umo\u017enit doty\u010dn\u00fdm soci\u00e1ln\u00edm s\u00edt\u00edm, aby v\u00e1s identifikovaly, i\u00a0kdy\u017e jste na tla\u010d\u00edtko aplikace neklikli. Tento typ tla\u010d\u00edtka umo\u017e\u0148uje soci\u00e1ln\u00ed s\u00edti sledovat va\u0161e chov\u00e1n\u00ed na <a href=\"https:\/\/www.vilaprag.cz\/\">https:\/\/www.vilaprag.cz\/<\/a> jednodu\u0161e t\u00edm, \u017ee m\u00e1te na sv\u00e9m za\u0159\u00edzen\u00ed povolen \u00fa\u010det dan\u00e9 soci\u00e1ln\u00ed s\u00edt\u011b (otev\u0159en\u00e1 relace) b\u011bhem prohl\u00ed\u017een\u00ed.<\/p>\n<p>Doporu\u010dujeme v\u00e1m, abyste si p\u0159e\u010detli z\u00e1sady t\u011bchto soci\u00e1ln\u00edch s\u00edt\u00ed a\u00a0dozv\u011bd\u011bli se, jak\u00fdm zp\u016fsobem pou\u017e\u00edvaj\u00ed shroma\u017e\u010fovan\u00e9 informace o\u00a0prohl\u00ed\u017een\u00ed, zejm\u00e9na pokud jde o\u00a0reklamu. Tyto z\u00e1sady v\u00e1m mus\u00ed v\u00fdslovn\u011b umo\u017enit prov\u00e1d\u011bt volby na t\u011bchto soci\u00e1ln\u00edch s\u00edt\u00edch, zejm\u00e9na nastaven\u00ed u\u017eivatelsk\u00fdch \u00fa\u010dt\u016f pro ka\u017edou z\u00a0nich.<\/p>\n<ol start=\"4\">\n<li><strong>Souhlas<\/strong><\/li>\n<\/ol>\n<p>Instalace ur\u010dit\u00fdch cookies podl\u00e9h\u00e1 va\u0161emu souhlasu. P\u0159i prvn\u00ed n\u00e1v\u0161t\u011bv\u011b <a href=\"https:\/\/www.vilaprag.cz\/\">https:\/\/www.vilaprag.cz\/<\/a> se v\u00e1s mimo jin\u00e9 zept\u00e1me, jestli souhlas\u00edte s\u00a0instalac\u00ed tohoto typu cookies, jejich\u017e aktivace prob\u011bhne a\u017e po ud\u011blen\u00ed souhlasu.<\/p>\n<p>Tento proces prob\u00edh\u00e1 formou banneru na na domovsk\u00e9 str\u00e1nce <a href=\"https:\/\/www.vilaprag.cz\/\">https:\/\/www.vilaprag.cz\/<\/a>, kter\u00fd v\u00e1s informuje, \u017ee pokra\u010dov\u00e1n\u00edm v\u00a0prohl\u00ed\u017een\u00ed souhlas\u00edte s\u00a0instalac\u00ed cookies vy\u017eaduj\u00edc\u00edch souhlas na va\u0161em za\u0159\u00edzen\u00ed.<\/p>\n<p>Sv\u016fj souhlas m\u016f\u017eete kdykoliv odvolat podle postupu uveden\u00e9ho v\u00a0\u010d\u00e1sti Odstran\u011bn\u00ed a\/nebo zablokov\u00e1n\u00ed cookies.<\/p>\n<ol start=\"5\">\n<li><strong>Odstran\u011bn\u00ed a\/nebo zablokov\u00e1n\u00ed cookies<\/strong><\/li>\n<\/ol>\n<p>Cookies a\u00a0dal\u0161\u00edch sledovac\u00ed prvky m\u016f\u017eete odstranit n\u011bkolika zp\u016fsoby.<\/p>\n<p><strong>Nastaven\u00ed prohl\u00ed\u017ee\u010de<\/strong><\/p>\n<p>P\u0159esto\u017ee v\u011bt\u0161ina prohl\u00ed\u017ee\u010d\u016f je ve v\u00fdchoz\u00edm nastaven\u00ed nastavena tak, aby p\u0159ij\u00edmala cookies, m\u016f\u017eete se rozhodnout p\u0159ijmout v\u0161echny cookies, v\u017edy je blokovat nebo p\u0159ijmout jen cookies konkr\u00e9tn\u00edch odes\u00edlatel\u016f.<\/p>\n<p>Sv\u016fj prohl\u00ed\u017ee\u010d m\u016f\u017eete tak\u00e9 nastavit tak, aby v\u00a0jednotliv\u00fdch p\u0159\u00edpadech p\u0159ij\u00edmal nebo blokoval cookies je\u0161t\u011b p\u0159edt\u00edm, ne\u017e se ulo\u017e\u00ed na za\u0159\u00edzen\u00ed. Cookies m\u016f\u017eete tak\u00e9 pravideln\u011b mazat p\u0159\u00edmo v\u00a0prohl\u00ed\u017ee\u010di. Nezapome\u0148te nastavit prohl\u00ed\u017ee\u010de v\u00a0r\u016fzn\u00fdch za\u0159\u00edzen\u00edch (na tabletech, chytr\u00fdch telefonech, po\u010d\u00edta\u010d\u00edch atd.).<\/p>\n<p>Spr\u00e1va cookies a\u00a0va\u0161e p\u0159edvolby a\u00a0nastaven\u00ed se u\u00a0ka\u017ed\u00e9ho prohl\u00ed\u017ee\u010de li\u0161\u00ed. V\u00edce informac\u00ed se dozv\u00edte v\u00a0N\u00e1pov\u011bd\u011b prohl\u00ed\u017ee\u010de, kde najdete tak\u00e9 postup pro zm\u011bnu p\u0159edvoleb cookies. Nap\u0159\u00edklad:<\/p>\n<ul>\n<li>Microsoft Edge\u2122:<br \/>\n<a href=\"https:\/\/support.microsoft.com\/en-us\/windows\/microsoft-edge-browsing-data-and-privacy-bb8174ba-9d73-dcf2-9b4a-c582b4e640dd\">https:\/\/support.microsoft.com\/en-us\/windows\/microsoft-edge-browsing-data-and-privacy-bb8174ba-9d73-dcf2-9b4a-c582b4e640dd<\/a><\/li>\n<li>Safari\u2122: <a href=\"https:\/\/support.apple.com\/guide\/safari\/manage-cookies-and-website-data-sfri11471\/mac\">https:\/\/support.apple.com\/guide\/safari\/manage-cookies-and-website-data-sfri11471\/mac<\/a><\/li>\n<li>Chrome\u2122:<br \/>\n<u>https:\/\/support.google.com\/chrome\/answer\/95647<\/u><\/li>\n<li>Firefox\u2122:<br \/>\n<a href=\"https:\/\/support.mozilla.org\/en-US\/kb\/block-websites-storing-cookies-site-data-firefox\">https:\/\/support.mozilla.org\/en-US\/kb\/block-websites-storing-cookies-site-data-firefox<\/a><\/li>\n<li>Opera\u2122:<br \/>\n<a href=\"https:\/\/help.opera.com\/en\/latest\/web-preferences\/#cookies\">https:\/\/help.opera.com\/en\/latest\/web-preferences\/#cookies<\/a><\/li>\n<\/ul>\n<p>Ulo\u017een\u00ed cookies do va\u0161eho za\u0159\u00edzen\u00ed z\u00e1vis\u00ed na va\u0161em rozhodnut\u00ed, kter\u00e9 m\u016f\u017eete kdykoliv a\u00a0bezplatn\u011b zm\u011bnit v\u00a0nastaven\u00ed prohl\u00ed\u017ee\u010de.<\/p>\n<p>Pokud m\u00e1te v\u00a0prohl\u00ed\u017ee\u010di nastaveno p\u0159ij\u00edm\u00e1n\u00ed cookies pro za\u0159\u00edzen\u00ed, mohou b\u00fdt cookies na str\u00e1nk\u00e1ch a\u00a0v\u00a0obsahu do\u010dasn\u011b ulo\u017eeny na vyhrazen\u00e9m m\u00edst\u011b ve va\u0161em za\u0159\u00edzen\u00ed. Zobrazit je m\u016f\u017ee pouze jejich vydavatel.<\/p>\n<p>Prohl\u00ed\u017ee\u010d v\u0161ak m\u016f\u017eete nastavit tak, aby cookies automaticky blokoval. Pamatujte, \u017ee pokud nastav\u00edte prohl\u00ed\u017ee\u010d na blokov\u00e1n\u00ed cookies, ztrat\u00edte p\u0159\u00edstup k\u00a0n\u011bkter\u00fdm funkc\u00edm, str\u00e1nk\u00e1m a\u00a0dal\u0161\u00edm m\u00edst\u016fm na webu <a href=\"https:\/\/www.vilaprag.cz\/\">https:\/\/www.vilaprag.cz\/<\/a> a\u00a0v\u00a0tomto p\u0159\u00edpad\u011b neneseme odpov\u011bdnost.<\/p>\n<p><strong>Specializovan\u00e9 reklamn\u00ed platformy<\/strong><\/p>\n<p>N\u011bkter\u00e9 profesion\u00e1ln\u00ed reklamn\u00ed platformy v\u00e1m umo\u017e\u0148uj\u00ed p\u0159ij\u00edmat nebo blokovat cookies pou\u017e\u00edvan\u00e9 spole\u010dnostmi, kter\u00e9 zobrazuj\u00ed relevantn\u00ed reklamy. Tyto centralizovan\u00e9 mechanismy neblokuj\u00ed zobrazov\u00e1n\u00ed reklam; jednodu\u0161e br\u00e1n\u00ed instalaci cookies, kter\u00e9 p\u0159izp\u016fsobuj\u00ed reklamy va\u0161im z\u00e1jm\u016fm.<\/p>\n<p>M\u016f\u017eete nap\u0159\u00edklad nav\u0161t\u00edvit <a href=\"http:\/\/www.youronlinechoices.com\/\">\u00a0<\/a><a href=\"http:\/\/www.youronlinechoices.com\/\">http:\/\/www.youronlinechoices.com<\/a> a\u00a0zak\u00e1zat instalaci t\u011bchto cookies do va\u0161eho za\u0159\u00edzen\u00ed. Provozovatelem tohoto webu je spole\u010dnost, kter\u00e1 se zam\u011b\u0159uje na reklamu, sdru\u017euj\u00edc\u00ed se v\u00a0r\u00e1mci Evropsk\u00e9 aliance pro interaktivn\u00ed digit\u00e1ln\u00ed reklamu (EDAA) a\u00a0spravovan\u00e1 ve Francii \u00fa\u0159adem Interactive Advertising Bureau France.<\/p>\n<p>&nbsp;<\/p>\n","protected":false},"excerpt":{"rendered":"<p>LEVI, spol. s r.o.: pou\u017e\u00edv\u00e1n\u00ed cookies Upozor\u0148ujeme, \u017ee hotel LEVI, spol. s r.o. pou\u017e\u00edv\u00e1 na sv\u00e9m webu https:\/\/www.vilaprag.cz\/ cookies nebo jin\u00e9 sledovac\u00ed prvky. Tyto sledovac\u00ed prvky mohou b\u00fdt na va\u0161em za\u0159\u00edzen\u00ed nainstalov\u00e1ny podle preferenc\u00ed, kter\u00e9 jste si nastavili nebo m\u016f\u017eete kdykoliv nastavit v\u00a0souladu s\u00a0t\u011bmito z\u00e1sadami. Jak\u00fd je v\u00fdznam z\u00e1sad pou\u017e\u00edv\u00e1n\u00ed soubor\u016f cookies? LEVI, spol. s [&hellip;]<\/p>\n","protected":false},"author":479,"featured_media":0,"parent":0,"menu_order":990,"comment_status":"closed","ping_status":"closed","template":"template-default-2.php","meta":{"footnotes":""},"categories":[],"class_list":["post-420","page","type-page","status-publish","hentry"],"yoast_head":"<!-- This site is optimized with the Yoast SEO plugin v26.9 - https:\/\/yoast.com\/product\/yoast-seo-wordpress\/ -->\n<title>Z\u00e1sady Pou\u017e\u00edv\u00e1n\u00ed Soubor\u016f Cookies A Preference - Vila Prag<\/title>\n<meta name=\"description\" content=\"LEVI, spol. s r.o.: pou\u017e\u00edv\u00e1n\u00ed cookies  Upozor\u0148ujeme, \u017ee hotel LEVI, spol\" \/>\n<meta name=\"robots\" content=\"index, follow, max-snippet:-1, max-image-preview:large, max-video-preview:-1\" \/>\n<link rel=\"canonical\" href=\"https:\/\/www.vilaprag.cz\/cs\/zasady-pouzivani-souboru-cookies-a-preference\/\" \/>\n<meta property=\"og:locale\" content=\"cs_CZ\" \/>\n<meta property=\"og:type\" content=\"article\" \/>\n<meta property=\"og:title\" content=\"Z\u00e1sady Pou\u017e\u00edv\u00e1n\u00ed Soubor\u016f Cookies A Preference - Vila Prag\" \/>\n<meta property=\"og:description\" content=\"LEVI, spol. s r.o.: pou\u017e\u00edv\u00e1n\u00ed cookies  Upozor\u0148ujeme, \u017ee hotel LEVI, spol\" \/>\n<meta property=\"og:url\" content=\"https:\/\/www.vilaprag.cz\/cs\/zasady-pouzivani-souboru-cookies-a-preference\/\" \/>\n<meta property=\"og:site_name\" content=\"Vila Prag\" \/>\n<meta property=\"article:modified_time\" content=\"2025-05-16T13:22:01+00:00\" \/>\n<meta name=\"twitter:card\" content=\"summary_large_image\" \/>\n<meta name=\"twitter:label1\" content=\"Odhadovan\u00e1 doba \u010dten\u00ed\" \/>\n\t<meta name=\"twitter:data1\" content=\"5 minut\" \/>\n<script type=\"application\/ld+json\" class=\"yoast-schema-graph\">{\"@context\":\"https:\/\/schema.org\",\"@graph\":[{\"@type\":\"WebPage\",\"@id\":\"https:\/\/www.vilaprag.cz\/cs\/zasady-pouzivani-souboru-cookies-a-preference\/\",\"url\":\"https:\/\/www.vilaprag.cz\/cs\/zasady-pouzivani-souboru-cookies-a-preference\/\",\"name\":\"Z\u00e1sady Pou\u017e\u00edv\u00e1n\u00ed Soubor\u016f Cookies A Preference - Vila Prag\",\"isPartOf\":{\"@id\":\"https:\/\/www.vilaprag.cz\/cs\/#website\"},\"datePublished\":\"2022-11-02T14:27:57+00:00\",\"dateModified\":\"2025-05-16T13:22:01+00:00\",\"description\":\"LEVI, spol. s r.o.: pou\u017e\u00edv\u00e1n\u00ed cookies Upozor\u0148ujeme, \u017ee hotel LEVI, spol\",\"breadcrumb\":{\"@id\":\"https:\/\/www.vilaprag.cz\/cs\/zasady-pouzivani-souboru-cookies-a-preference\/#breadcrumb\"},\"inLanguage\":\"cs\",\"potentialAction\":[{\"@type\":\"ReadAction\",\"target\":[\"https:\/\/www.vilaprag.cz\/cs\/zasady-pouzivani-souboru-cookies-a-preference\/\"]}]},{\"@type\":\"BreadcrumbList\",\"@id\":\"https:\/\/www.vilaprag.cz\/cs\/zasady-pouzivani-souboru-cookies-a-preference\/#breadcrumb\",\"itemListElement\":[{\"@type\":\"ListItem\",\"position\":1,\"name\":\"Home\",\"item\":\"https:\/\/www.vilaprag.cz\/cs\/\"},{\"@type\":\"ListItem\",\"position\":2,\"name\":\"Z\u00e1sady Pou\u017e\u00edv\u00e1n\u00ed Soubor\u016f Cookies A Preference\"}]},{\"@type\":\"WebSite\",\"@id\":\"https:\/\/www.vilaprag.cz\/cs\/#website\",\"url\":\"https:\/\/www.vilaprag.cz\/cs\/\",\"name\":\"Vila Prag\",\"description\":\"Just another ms.decms.eu site\",\"potentialAction\":[{\"@type\":\"SearchAction\",\"target\":{\"@type\":\"EntryPoint\",\"urlTemplate\":\"https:\/\/www.vilaprag.cz\/cs\/?s={search_term_string}\"},\"query-input\":{\"@type\":\"PropertyValueSpecification\",\"valueRequired\":true,\"valueName\":\"search_term_string\"}}],\"inLanguage\":\"cs\"}]}<\/script>\n<!-- \/ Yoast SEO plugin. -->","yoast_head_json":{"title":"Z\u00e1sady Pou\u017e\u00edv\u00e1n\u00ed Soubor\u016f Cookies A Preference - Vila Prag","description":"LEVI, spol. s r.o.: pou\u017e\u00edv\u00e1n\u00ed cookies  Upozor\u0148ujeme, \u017ee hotel LEVI, spol","robots":{"index":"index","follow":"follow","max-snippet":"max-snippet:-1","max-image-preview":"max-image-preview:large","max-video-preview":"max-video-preview:-1"},"canonical":"https:\/\/www.vilaprag.cz\/cs\/zasady-pouzivani-souboru-cookies-a-preference\/","og_locale":"cs_CZ","og_type":"article","og_title":"Z\u00e1sady Pou\u017e\u00edv\u00e1n\u00ed Soubor\u016f Cookies A Preference - Vila Prag","og_description":"LEVI, spol. s r.o.: pou\u017e\u00edv\u00e1n\u00ed cookies  Upozor\u0148ujeme, \u017ee hotel LEVI, spol","og_url":"https:\/\/www.vilaprag.cz\/cs\/zasady-pouzivani-souboru-cookies-a-preference\/","og_site_name":"Vila Prag","article_modified_time":"2025-05-16T13:22:01+00:00","twitter_card":"summary_large_image","twitter_misc":{"Odhadovan\u00e1 doba \u010dten\u00ed":"5 minut"},"schema":{"@context":"https:\/\/schema.org","@graph":[{"@type":"WebPage","@id":"https:\/\/www.vilaprag.cz\/cs\/zasady-pouzivani-souboru-cookies-a-preference\/","url":"https:\/\/www.vilaprag.cz\/cs\/zasady-pouzivani-souboru-cookies-a-preference\/","name":"Z\u00e1sady Pou\u017e\u00edv\u00e1n\u00ed Soubor\u016f Cookies A Preference - Vila Prag","isPartOf":{"@id":"https:\/\/www.vilaprag.cz\/cs\/#website"},"datePublished":"2022-11-02T14:27:57+00:00","dateModified":"2025-05-16T13:22:01+00:00","description":"LEVI, spol. s r.o.: pou\u017e\u00edv\u00e1n\u00ed cookies Upozor\u0148ujeme, \u017ee hotel LEVI, spol","breadcrumb":{"@id":"https:\/\/www.vilaprag.cz\/cs\/zasady-pouzivani-souboru-cookies-a-preference\/#breadcrumb"},"inLanguage":"cs","potentialAction":[{"@type":"ReadAction","target":["https:\/\/www.vilaprag.cz\/cs\/zasady-pouzivani-souboru-cookies-a-preference\/"]}]},{"@type":"BreadcrumbList","@id":"https:\/\/www.vilaprag.cz\/cs\/zasady-pouzivani-souboru-cookies-a-preference\/#breadcrumb","itemListElement":[{"@type":"ListItem","position":1,"name":"Home","item":"https:\/\/www.vilaprag.cz\/cs\/"},{"@type":"ListItem","position":2,"name":"Z\u00e1sady Pou\u017e\u00edv\u00e1n\u00ed Soubor\u016f Cookies A Preference"}]},{"@type":"WebSite","@id":"https:\/\/www.vilaprag.cz\/cs\/#website","url":"https:\/\/www.vilaprag.cz\/cs\/","name":"Vila Prag","description":"Just another ms.decms.eu site","potentialAction":[{"@type":"SearchAction","target":{"@type":"EntryPoint","urlTemplate":"https:\/\/www.vilaprag.cz\/cs\/?s={search_term_string}"},"query-input":{"@type":"PropertyValueSpecification","valueRequired":true,"valueName":"search_term_string"}}],"inLanguage":"cs"}]}},"acf":[],"_links":{"self":[{"href":"https:\/\/www.vilaprag.cz\/cs\/wp-json\/wp\/v2\/pages\/420","targetHints":{"allow":["GET"]}}],"collection":[{"href":"https:\/\/www.vilaprag.cz\/cs\/wp-json\/wp\/v2\/pages"}],"about":[{"href":"https:\/\/www.vilaprag.cz\/cs\/wp-json\/wp\/v2\/types\/page"}],"author":[{"embeddable":true,"href":"https:\/\/www.vilaprag.cz\/cs\/wp-json\/wp\/v2\/users\/479"}],"replies":[{"embeddable":true,"href":"https:\/\/www.vilaprag.cz\/cs\/wp-json\/wp\/v2\/comments?post=420"}],"version-history":[{"count":0,"href":"https:\/\/www.vilaprag.cz\/cs\/wp-json\/wp\/v2\/pages\/420\/revisions"}],"wp:attachment":[{"href":"https:\/\/www.vilaprag.cz\/cs\/wp-json\/wp\/v2\/media?parent=420"}],"wp:term":[{"taxonomy":"category","embeddable":true,"href":"https:\/\/www.vilaprag.cz\/cs\/wp-json\/wp\/v2\/categories?post=420"}],"curies":[{"name":"wp","href":"https:\/\/api.w.org\/{rel}","templated":true}]}}