{"id":347,"date":"2022-09-26T16:29:35","date_gmt":"2022-09-26T16:29:35","guid":{"rendered":"https:\/\/vila-prag.ms.decms.eu\/pokoje\/room-5\/"},"modified":"2022-11-02T11:40:33","modified_gmt":"2022-11-02T11:40:33","slug":"pokoj-5","status":"publish","type":"page","link":"https:\/\/www.vilaprag.cz\/cs\/pokoje\/pokoj-5\/","title":{"rendered":"Pokoj 5"},"content":{"rendered":"<p>Ve druh\u00e9m poschod\u00ed se nach\u00e1z\u00ed prostory pokoj Comfort s <strong>kuchy\u0148sk\u00fdm<\/strong> koutem.<\/p>\n<p>Celkov\u00e1 v\u00fdm\u011bra pokoje je <strong>25 m2<\/strong> a m\u00e1 k dispozici <strong>dv\u011b man\u017eelsk\u00e1 l\u016f\u017eka<\/strong>.<\/p>\n","protected":false},"excerpt":{"rendered":"<p>Ve druh\u00e9m poschod\u00ed se nach\u00e1z\u00ed prostory pokoj Comfort s kuchy\u0148sk\u00fdm koutem. Celkov\u00e1 v\u00fdm\u011bra pokoje je 25 m2 a m\u00e1 k dispozici dv\u011b man\u017eelsk\u00e1 l\u016f\u017eka.<\/p>\n","protected":false},"author":479,"featured_media":76,"parent":327,"menu_order":9,"comment_status":"closed","ping_status":"closed","template":"template-single-room.php","meta":{"footnotes":""},"categories":[9],"class_list":["post-347","page","type-page","status-publish","has-post-thumbnail","hentry","category-rooms"],"yoast_head":"<!-- This site is optimized with the Yoast SEO plugin v26.9 - https:\/\/yoast.com\/product\/yoast-seo-wordpress\/ -->\n<title>Pokoj 5 - Vila Prag<\/title>\n<meta name=\"description\" content=\"Ve druh\u00e9m poschod\u00ed se nach\u00e1z\u00ed prostory pokoj Comfort s kuchy\u0148sk\u00fdm koutem.  Celkov\u00e1 v\u00fdm\u011bra pokoje je 25 m2 a m\u00e1 k dispozici dv\u011b man\u017eelsk\u00e1 l\u016f\u017eka..\" \/>\n<meta name=\"robots\" content=\"index, follow, max-snippet:-1, max-image-preview:large, max-video-preview:-1\" \/>\n<link rel=\"canonical\" href=\"https:\/\/www.vilaprag.cz\/cs\/pokoje\/pokoj-5\/\" \/>\n<meta property=\"og:locale\" content=\"cs_CZ\" \/>\n<meta property=\"og:type\" content=\"article\" \/>\n<meta property=\"og:title\" content=\"Pokoj 5 - Vila Prag\" \/>\n<meta property=\"og:description\" content=\"Ve druh\u00e9m poschod\u00ed se nach\u00e1z\u00ed prostory pokoj Comfort s kuchy\u0148sk\u00fdm koutem.  Celkov\u00e1 v\u00fdm\u011bra pokoje je 25 m2 a m\u00e1 k dispozici dv\u011b man\u017eelsk\u00e1 l\u016f\u017eka..\" \/>\n<meta property=\"og:url\" content=\"https:\/\/www.vilaprag.cz\/cs\/pokoje\/pokoj-5\/\" \/>\n<meta property=\"og:site_name\" content=\"Vila Prag\" \/>\n<meta property=\"article:modified_time\" content=\"2022-11-02T11:40:33+00:00\" \/>\n<meta property=\"og:image\" content=\"http:\/\/www.vilaprag.cz\/wp-content\/uploads\/sites\/473\/2022\/08\/IMG_20220801_163849.jpg\" \/>\n\t<meta property=\"og:image:width\" content=\"1594\" \/>\n\t<meta property=\"og:image:height\" content=\"1200\" \/>\n\t<meta property=\"og:image:type\" content=\"image\/jpeg\" \/>\n<meta name=\"twitter:card\" content=\"summary_large_image\" \/>\n<meta name=\"twitter:label1\" content=\"Odhadovan\u00e1 doba \u010dten\u00ed\" \/>\n\t<meta name=\"twitter:data1\" content=\"1 minuta\" \/>\n<script type=\"application\/ld+json\" class=\"yoast-schema-graph\">{\"@context\":\"https:\/\/schema.org\",\"@graph\":[{\"@type\":\"WebPage\",\"@id\":\"https:\/\/www.vilaprag.cz\/cs\/pokoje\/pokoj-5\/\",\"url\":\"https:\/\/www.vilaprag.cz\/cs\/pokoje\/pokoj-5\/\",\"name\":\"Pokoj 5 - Vila Prag\",\"isPartOf\":{\"@id\":\"https:\/\/www.vilaprag.cz\/cs\/#website\"},\"primaryImageOfPage\":{\"@id\":\"https:\/\/www.vilaprag.cz\/cs\/pokoje\/pokoj-5\/#primaryimage\"},\"image\":{\"@id\":\"https:\/\/www.vilaprag.cz\/cs\/pokoje\/pokoj-5\/#primaryimage\"},\"thumbnailUrl\":\"https:\/\/www.vilaprag.cz\/wp-content\/uploads\/sites\/473\/2022\/08\/IMG_20220801_163849.jpg\",\"datePublished\":\"2022-09-26T16:29:35+00:00\",\"dateModified\":\"2022-11-02T11:40:33+00:00\",\"description\":\"Ve druh\u00e9m poschod\u00ed se nach\u00e1z\u00ed prostory pokoj Comfort s kuchy\u0148sk\u00fdm koutem. Celkov\u00e1 v\u00fdm\u011bra pokoje je 25 m2 a m\u00e1 k dispozici dv\u011b man\u017eelsk\u00e1 l\u016f\u017eka..\",\"breadcrumb\":{\"@id\":\"https:\/\/www.vilaprag.cz\/cs\/pokoje\/pokoj-5\/#breadcrumb\"},\"inLanguage\":\"cs\",\"potentialAction\":[{\"@type\":\"ReadAction\",\"target\":[\"https:\/\/www.vilaprag.cz\/cs\/pokoje\/pokoj-5\/\"]}]},{\"@type\":\"ImageObject\",\"inLanguage\":\"cs\",\"@id\":\"https:\/\/www.vilaprag.cz\/cs\/pokoje\/pokoj-5\/#primaryimage\",\"url\":\"https:\/\/www.vilaprag.cz\/wp-content\/uploads\/sites\/473\/2022\/08\/IMG_20220801_163849.jpg\",\"contentUrl\":\"https:\/\/www.vilaprag.cz\/wp-content\/uploads\/sites\/473\/2022\/08\/IMG_20220801_163849.jpg\",\"width\":1594,\"height\":1200},{\"@type\":\"BreadcrumbList\",\"@id\":\"https:\/\/www.vilaprag.cz\/cs\/pokoje\/pokoj-5\/#breadcrumb\",\"itemListElement\":[{\"@type\":\"ListItem\",\"position\":1,\"name\":\"Home\",\"item\":\"https:\/\/www.vilaprag.cz\/cs\/\"},{\"@type\":\"ListItem\",\"position\":2,\"name\":\"Pokoje\",\"item\":\"https:\/\/www.vilaprag.cz\/cs\/pokoje\/\"},{\"@type\":\"ListItem\",\"position\":3,\"name\":\"Pokoj 5\"}]},{\"@type\":\"WebSite\",\"@id\":\"https:\/\/www.vilaprag.cz\/cs\/#website\",\"url\":\"https:\/\/www.vilaprag.cz\/cs\/\",\"name\":\"Vila Prag\",\"description\":\"Just another ms.decms.eu site\",\"potentialAction\":[{\"@type\":\"SearchAction\",\"target\":{\"@type\":\"EntryPoint\",\"urlTemplate\":\"https:\/\/www.vilaprag.cz\/cs\/?s={search_term_string}\"},\"query-input\":{\"@type\":\"PropertyValueSpecification\",\"valueRequired\":true,\"valueName\":\"search_term_string\"}}],\"inLanguage\":\"cs\"}]}<\/script>\n<!-- \/ Yoast SEO plugin. -->","yoast_head_json":{"title":"Pokoj 5 - Vila Prag","description":"Ve druh\u00e9m poschod\u00ed se nach\u00e1z\u00ed prostory pokoj Comfort s kuchy\u0148sk\u00fdm koutem.  Celkov\u00e1 v\u00fdm\u011bra pokoje je 25 m2 a m\u00e1 k dispozici dv\u011b man\u017eelsk\u00e1 l\u016f\u017eka..","robots":{"index":"index","follow":"follow","max-snippet":"max-snippet:-1","max-image-preview":"max-image-preview:large","max-video-preview":"max-video-preview:-1"},"canonical":"https:\/\/www.vilaprag.cz\/cs\/pokoje\/pokoj-5\/","og_locale":"cs_CZ","og_type":"article","og_title":"Pokoj 5 - Vila Prag","og_description":"Ve druh\u00e9m poschod\u00ed se nach\u00e1z\u00ed prostory pokoj Comfort s kuchy\u0148sk\u00fdm koutem.  Celkov\u00e1 v\u00fdm\u011bra pokoje je 25 m2 a m\u00e1 k dispozici dv\u011b man\u017eelsk\u00e1 l\u016f\u017eka..","og_url":"https:\/\/www.vilaprag.cz\/cs\/pokoje\/pokoj-5\/","og_site_name":"Vila Prag","article_modified_time":"2022-11-02T11:40:33+00:00","og_image":[{"width":1594,"height":1200,"url":"http:\/\/www.vilaprag.cz\/wp-content\/uploads\/sites\/473\/2022\/08\/IMG_20220801_163849.jpg","type":"image\/jpeg"}],"twitter_card":"summary_large_image","twitter_misc":{"Odhadovan\u00e1 doba \u010dten\u00ed":"1 minuta"},"schema":{"@context":"https:\/\/schema.org","@graph":[{"@type":"WebPage","@id":"https:\/\/www.vilaprag.cz\/cs\/pokoje\/pokoj-5\/","url":"https:\/\/www.vilaprag.cz\/cs\/pokoje\/pokoj-5\/","name":"Pokoj 5 - Vila Prag","isPartOf":{"@id":"https:\/\/www.vilaprag.cz\/cs\/#website"},"primaryImageOfPage":{"@id":"https:\/\/www.vilaprag.cz\/cs\/pokoje\/pokoj-5\/#primaryimage"},"image":{"@id":"https:\/\/www.vilaprag.cz\/cs\/pokoje\/pokoj-5\/#primaryimage"},"thumbnailUrl":"https:\/\/www.vilaprag.cz\/wp-content\/uploads\/sites\/473\/2022\/08\/IMG_20220801_163849.jpg","datePublished":"2022-09-26T16:29:35+00:00","dateModified":"2022-11-02T11:40:33+00:00","description":"Ve druh\u00e9m poschod\u00ed se nach\u00e1z\u00ed prostory pokoj Comfort s kuchy\u0148sk\u00fdm koutem. Celkov\u00e1 v\u00fdm\u011bra pokoje je 25 m2 a m\u00e1 k dispozici dv\u011b man\u017eelsk\u00e1 l\u016f\u017eka..","breadcrumb":{"@id":"https:\/\/www.vilaprag.cz\/cs\/pokoje\/pokoj-5\/#breadcrumb"},"inLanguage":"cs","potentialAction":[{"@type":"ReadAction","target":["https:\/\/www.vilaprag.cz\/cs\/pokoje\/pokoj-5\/"]}]},{"@type":"ImageObject","inLanguage":"cs","@id":"https:\/\/www.vilaprag.cz\/cs\/pokoje\/pokoj-5\/#primaryimage","url":"https:\/\/www.vilaprag.cz\/wp-content\/uploads\/sites\/473\/2022\/08\/IMG_20220801_163849.jpg","contentUrl":"https:\/\/www.vilaprag.cz\/wp-content\/uploads\/sites\/473\/2022\/08\/IMG_20220801_163849.jpg","width":1594,"height":1200},{"@type":"BreadcrumbList","@id":"https:\/\/www.vilaprag.cz\/cs\/pokoje\/pokoj-5\/#breadcrumb","itemListElement":[{"@type":"ListItem","position":1,"name":"Home","item":"https:\/\/www.vilaprag.cz\/cs\/"},{"@type":"ListItem","position":2,"name":"Pokoje","item":"https:\/\/www.vilaprag.cz\/cs\/pokoje\/"},{"@type":"ListItem","position":3,"name":"Pokoj 5"}]},{"@type":"WebSite","@id":"https:\/\/www.vilaprag.cz\/cs\/#website","url":"https:\/\/www.vilaprag.cz\/cs\/","name":"Vila Prag","description":"Just another ms.decms.eu site","potentialAction":[{"@type":"SearchAction","target":{"@type":"EntryPoint","urlTemplate":"https:\/\/www.vilaprag.cz\/cs\/?s={search_term_string}"},"query-input":{"@type":"PropertyValueSpecification","valueRequired":true,"valueName":"search_term_string"}}],"inLanguage":"cs"}]}},"acf":[],"_links":{"self":[{"href":"https:\/\/www.vilaprag.cz\/cs\/wp-json\/wp\/v2\/pages\/347","targetHints":{"allow":["GET"]}}],"collection":[{"href":"https:\/\/www.vilaprag.cz\/cs\/wp-json\/wp\/v2\/pages"}],"about":[{"href":"https:\/\/www.vilaprag.cz\/cs\/wp-json\/wp\/v2\/types\/page"}],"author":[{"embeddable":true,"href":"https:\/\/www.vilaprag.cz\/cs\/wp-json\/wp\/v2\/users\/479"}],"replies":[{"embeddable":true,"href":"https:\/\/www.vilaprag.cz\/cs\/wp-json\/wp\/v2\/comments?post=347"}],"version-history":[{"count":0,"href":"https:\/\/www.vilaprag.cz\/cs\/wp-json\/wp\/v2\/pages\/347\/revisions"}],"up":[{"embeddable":true,"href":"https:\/\/www.vilaprag.cz\/cs\/wp-json\/wp\/v2\/pages\/327"}],"wp:featuredmedia":[{"embeddable":true,"href":"https:\/\/www.vilaprag.cz\/cs\/wp-json\/wp\/v2\/media\/76"}],"wp:attachment":[{"href":"https:\/\/www.vilaprag.cz\/cs\/wp-json\/wp\/v2\/media?parent=347"}],"wp:term":[{"taxonomy":"category","embeddable":true,"href":"https:\/\/www.vilaprag.cz\/cs\/wp-json\/wp\/v2\/categories?post=347"}],"curies":[{"name":"wp","href":"https:\/\/api.w.org\/{rel}","templated":true}]}}