{"id":341,"date":"2022-09-26T16:13:09","date_gmt":"2022-09-26T16:13:09","guid":{"rendered":"https:\/\/vila-prag.ms.decms.eu\/pokoje\/room-2\/"},"modified":"2022-11-02T11:20:57","modified_gmt":"2022-11-02T11:20:57","slug":"pokoj-2","status":"publish","type":"page","link":"https:\/\/www.vilaprag.cz\/cs\/pokoje\/pokoj-2\/","title":{"rendered":"Pokoj 2"},"content":{"rendered":"<p>Pokoj je um\u00edst\u011bn ve <strong>2. poschod\u00ed<\/strong> budovy.<\/p>\n<p>Celkov\u00e1 plocha pokoje je <strong>17,5 m2<\/strong> a pokoj obsahuje <strong>man\u017eelsk\u00e9 l\u016f\u017eko<\/strong>.<\/p>\n","protected":false},"excerpt":{"rendered":"<p>Pokoj je um\u00edst\u011bn ve 2. poschod\u00ed budovy. Celkov\u00e1 plocha pokoje je 17,5 m2 a pokoj obsahuje man\u017eelsk\u00e9 l\u016f\u017eko.<\/p>\n","protected":false},"author":479,"featured_media":306,"parent":327,"menu_order":6,"comment_status":"closed","ping_status":"closed","template":"template-single-room.php","meta":{"footnotes":""},"categories":[9],"class_list":["post-341","page","type-page","status-publish","has-post-thumbnail","hentry","category-rooms"],"yoast_head":"<!-- This site is optimized with the Yoast SEO plugin v26.9 - https:\/\/yoast.com\/product\/yoast-seo-wordpress\/ -->\n<title>Pokoj 2 - Vila Prag<\/title>\n<meta name=\"description\" content=\"Pokoj je um\u00edst\u011bn ve 2. poschod\u00ed budovy.  Celkov\u00e1 plocha pokoje je 17,5 m2 a pokoj obsahuje man\u017eelsk\u00e9 l\u016f\u017eko.\" \/>\n<meta name=\"robots\" content=\"index, follow, max-snippet:-1, max-image-preview:large, max-video-preview:-1\" \/>\n<link rel=\"canonical\" href=\"https:\/\/www.vilaprag.cz\/cs\/pokoje\/pokoj-2\/\" \/>\n<meta property=\"og:locale\" content=\"cs_CZ\" \/>\n<meta property=\"og:type\" content=\"article\" \/>\n<meta property=\"og:title\" content=\"Pokoj 2 - Vila Prag\" \/>\n<meta property=\"og:description\" content=\"Pokoj je um\u00edst\u011bn ve 2. poschod\u00ed budovy.  Celkov\u00e1 plocha pokoje je 17,5 m2 a pokoj obsahuje man\u017eelsk\u00e9 l\u016f\u017eko.\" \/>\n<meta property=\"og:url\" content=\"https:\/\/www.vilaprag.cz\/cs\/pokoje\/pokoj-2\/\" \/>\n<meta property=\"og:site_name\" content=\"Vila Prag\" \/>\n<meta property=\"article:modified_time\" content=\"2022-11-02T11:20:57+00:00\" \/>\n<meta property=\"og:image\" content=\"http:\/\/www.vilaprag.cz\/wp-content\/uploads\/sites\/473\/2022\/10\/white-towel-bed-decoration-bedroom-interior.jpg\" \/>\n\t<meta property=\"og:image:width\" content=\"2560\" \/>\n\t<meta property=\"og:image:height\" content=\"1636\" \/>\n\t<meta property=\"og:image:type\" content=\"image\/jpeg\" \/>\n<meta name=\"twitter:card\" content=\"summary_large_image\" \/>\n<meta name=\"twitter:label1\" content=\"Odhadovan\u00e1 doba \u010dten\u00ed\" \/>\n\t<meta name=\"twitter:data1\" content=\"1 minuta\" \/>\n<script type=\"application\/ld+json\" class=\"yoast-schema-graph\">{\"@context\":\"https:\/\/schema.org\",\"@graph\":[{\"@type\":\"WebPage\",\"@id\":\"https:\/\/www.vilaprag.cz\/cs\/pokoje\/pokoj-2\/\",\"url\":\"https:\/\/www.vilaprag.cz\/cs\/pokoje\/pokoj-2\/\",\"name\":\"Pokoj 2 - Vila Prag\",\"isPartOf\":{\"@id\":\"https:\/\/www.vilaprag.cz\/cs\/#website\"},\"primaryImageOfPage\":{\"@id\":\"https:\/\/www.vilaprag.cz\/cs\/pokoje\/pokoj-2\/#primaryimage\"},\"image\":{\"@id\":\"https:\/\/www.vilaprag.cz\/cs\/pokoje\/pokoj-2\/#primaryimage\"},\"thumbnailUrl\":\"https:\/\/www.vilaprag.cz\/wp-content\/uploads\/sites\/473\/2022\/10\/white-towel-bed-decoration-bedroom-interior.jpg\",\"datePublished\":\"2022-09-26T16:13:09+00:00\",\"dateModified\":\"2022-11-02T11:20:57+00:00\",\"description\":\"Pokoj je um\u00edst\u011bn ve 2. poschod\u00ed budovy. Celkov\u00e1 plocha pokoje je 17,5 m2 a pokoj obsahuje man\u017eelsk\u00e9 l\u016f\u017eko.\",\"breadcrumb\":{\"@id\":\"https:\/\/www.vilaprag.cz\/cs\/pokoje\/pokoj-2\/#breadcrumb\"},\"inLanguage\":\"cs\",\"potentialAction\":[{\"@type\":\"ReadAction\",\"target\":[\"https:\/\/www.vilaprag.cz\/cs\/pokoje\/pokoj-2\/\"]}]},{\"@type\":\"ImageObject\",\"inLanguage\":\"cs\",\"@id\":\"https:\/\/www.vilaprag.cz\/cs\/pokoje\/pokoj-2\/#primaryimage\",\"url\":\"https:\/\/www.vilaprag.cz\/wp-content\/uploads\/sites\/473\/2022\/10\/white-towel-bed-decoration-bedroom-interior.jpg\",\"contentUrl\":\"https:\/\/www.vilaprag.cz\/wp-content\/uploads\/sites\/473\/2022\/10\/white-towel-bed-decoration-bedroom-interior.jpg\",\"width\":2560,\"height\":1636},{\"@type\":\"BreadcrumbList\",\"@id\":\"https:\/\/www.vilaprag.cz\/cs\/pokoje\/pokoj-2\/#breadcrumb\",\"itemListElement\":[{\"@type\":\"ListItem\",\"position\":1,\"name\":\"Home\",\"item\":\"https:\/\/www.vilaprag.cz\/cs\/\"},{\"@type\":\"ListItem\",\"position\":2,\"name\":\"Pokoje\",\"item\":\"https:\/\/www.vilaprag.cz\/cs\/pokoje\/\"},{\"@type\":\"ListItem\",\"position\":3,\"name\":\"Pokoj 2\"}]},{\"@type\":\"WebSite\",\"@id\":\"https:\/\/www.vilaprag.cz\/cs\/#website\",\"url\":\"https:\/\/www.vilaprag.cz\/cs\/\",\"name\":\"Vila Prag\",\"description\":\"Just another ms.decms.eu site\",\"potentialAction\":[{\"@type\":\"SearchAction\",\"target\":{\"@type\":\"EntryPoint\",\"urlTemplate\":\"https:\/\/www.vilaprag.cz\/cs\/?s={search_term_string}\"},\"query-input\":{\"@type\":\"PropertyValueSpecification\",\"valueRequired\":true,\"valueName\":\"search_term_string\"}}],\"inLanguage\":\"cs\"}]}<\/script>\n<!-- \/ Yoast SEO plugin. -->","yoast_head_json":{"title":"Pokoj 2 - Vila Prag","description":"Pokoj je um\u00edst\u011bn ve 2. poschod\u00ed budovy.  Celkov\u00e1 plocha pokoje je 17,5 m2 a pokoj obsahuje man\u017eelsk\u00e9 l\u016f\u017eko.","robots":{"index":"index","follow":"follow","max-snippet":"max-snippet:-1","max-image-preview":"max-image-preview:large","max-video-preview":"max-video-preview:-1"},"canonical":"https:\/\/www.vilaprag.cz\/cs\/pokoje\/pokoj-2\/","og_locale":"cs_CZ","og_type":"article","og_title":"Pokoj 2 - Vila Prag","og_description":"Pokoj je um\u00edst\u011bn ve 2. poschod\u00ed budovy.  Celkov\u00e1 plocha pokoje je 17,5 m2 a pokoj obsahuje man\u017eelsk\u00e9 l\u016f\u017eko.","og_url":"https:\/\/www.vilaprag.cz\/cs\/pokoje\/pokoj-2\/","og_site_name":"Vila Prag","article_modified_time":"2022-11-02T11:20:57+00:00","og_image":[{"width":2560,"height":1636,"url":"http:\/\/www.vilaprag.cz\/wp-content\/uploads\/sites\/473\/2022\/10\/white-towel-bed-decoration-bedroom-interior.jpg","type":"image\/jpeg"}],"twitter_card":"summary_large_image","twitter_misc":{"Odhadovan\u00e1 doba \u010dten\u00ed":"1 minuta"},"schema":{"@context":"https:\/\/schema.org","@graph":[{"@type":"WebPage","@id":"https:\/\/www.vilaprag.cz\/cs\/pokoje\/pokoj-2\/","url":"https:\/\/www.vilaprag.cz\/cs\/pokoje\/pokoj-2\/","name":"Pokoj 2 - Vila Prag","isPartOf":{"@id":"https:\/\/www.vilaprag.cz\/cs\/#website"},"primaryImageOfPage":{"@id":"https:\/\/www.vilaprag.cz\/cs\/pokoje\/pokoj-2\/#primaryimage"},"image":{"@id":"https:\/\/www.vilaprag.cz\/cs\/pokoje\/pokoj-2\/#primaryimage"},"thumbnailUrl":"https:\/\/www.vilaprag.cz\/wp-content\/uploads\/sites\/473\/2022\/10\/white-towel-bed-decoration-bedroom-interior.jpg","datePublished":"2022-09-26T16:13:09+00:00","dateModified":"2022-11-02T11:20:57+00:00","description":"Pokoj je um\u00edst\u011bn ve 2. poschod\u00ed budovy. Celkov\u00e1 plocha pokoje je 17,5 m2 a pokoj obsahuje man\u017eelsk\u00e9 l\u016f\u017eko.","breadcrumb":{"@id":"https:\/\/www.vilaprag.cz\/cs\/pokoje\/pokoj-2\/#breadcrumb"},"inLanguage":"cs","potentialAction":[{"@type":"ReadAction","target":["https:\/\/www.vilaprag.cz\/cs\/pokoje\/pokoj-2\/"]}]},{"@type":"ImageObject","inLanguage":"cs","@id":"https:\/\/www.vilaprag.cz\/cs\/pokoje\/pokoj-2\/#primaryimage","url":"https:\/\/www.vilaprag.cz\/wp-content\/uploads\/sites\/473\/2022\/10\/white-towel-bed-decoration-bedroom-interior.jpg","contentUrl":"https:\/\/www.vilaprag.cz\/wp-content\/uploads\/sites\/473\/2022\/10\/white-towel-bed-decoration-bedroom-interior.jpg","width":2560,"height":1636},{"@type":"BreadcrumbList","@id":"https:\/\/www.vilaprag.cz\/cs\/pokoje\/pokoj-2\/#breadcrumb","itemListElement":[{"@type":"ListItem","position":1,"name":"Home","item":"https:\/\/www.vilaprag.cz\/cs\/"},{"@type":"ListItem","position":2,"name":"Pokoje","item":"https:\/\/www.vilaprag.cz\/cs\/pokoje\/"},{"@type":"ListItem","position":3,"name":"Pokoj 2"}]},{"@type":"WebSite","@id":"https:\/\/www.vilaprag.cz\/cs\/#website","url":"https:\/\/www.vilaprag.cz\/cs\/","name":"Vila Prag","description":"Just another ms.decms.eu site","potentialAction":[{"@type":"SearchAction","target":{"@type":"EntryPoint","urlTemplate":"https:\/\/www.vilaprag.cz\/cs\/?s={search_term_string}"},"query-input":{"@type":"PropertyValueSpecification","valueRequired":true,"valueName":"search_term_string"}}],"inLanguage":"cs"}]}},"acf":[],"_links":{"self":[{"href":"https:\/\/www.vilaprag.cz\/cs\/wp-json\/wp\/v2\/pages\/341","targetHints":{"allow":["GET"]}}],"collection":[{"href":"https:\/\/www.vilaprag.cz\/cs\/wp-json\/wp\/v2\/pages"}],"about":[{"href":"https:\/\/www.vilaprag.cz\/cs\/wp-json\/wp\/v2\/types\/page"}],"author":[{"embeddable":true,"href":"https:\/\/www.vilaprag.cz\/cs\/wp-json\/wp\/v2\/users\/479"}],"replies":[{"embeddable":true,"href":"https:\/\/www.vilaprag.cz\/cs\/wp-json\/wp\/v2\/comments?post=341"}],"version-history":[{"count":0,"href":"https:\/\/www.vilaprag.cz\/cs\/wp-json\/wp\/v2\/pages\/341\/revisions"}],"up":[{"embeddable":true,"href":"https:\/\/www.vilaprag.cz\/cs\/wp-json\/wp\/v2\/pages\/327"}],"wp:featuredmedia":[{"embeddable":true,"href":"https:\/\/www.vilaprag.cz\/cs\/wp-json\/wp\/v2\/media\/306"}],"wp:attachment":[{"href":"https:\/\/www.vilaprag.cz\/cs\/wp-json\/wp\/v2\/media?parent=341"}],"wp:term":[{"taxonomy":"category","embeddable":true,"href":"https:\/\/www.vilaprag.cz\/cs\/wp-json\/wp\/v2\/categories?post=341"}],"curies":[{"name":"wp","href":"https:\/\/api.w.org\/{rel}","templated":true}]}}