{"id":3,"date":"2022-07-13T07:50:15","date_gmt":"2022-07-13T07:50:15","guid":{"rendered":"https:\/\/vila-prag.ms.decms.eu\/?page_id=3"},"modified":"2023-08-17T08:49:23","modified_gmt":"2023-08-17T08:49:23","slug":"vila-prag","status":"publish","type":"page","link":"https:\/\/www.vilaprag.cz\/cs\/","title":{"rendered":"V\u00e1\u0161 pobyt v Praze"},"content":{"rendered":"<p>Vila Prag se nach\u00e1z\u00ed na konci slep\u00e9 ulice Pod Habrovou, v klidn\u00e9 \u010d\u00e1sti Barrandova.<\/p>\n<p>V roce 2010 pro\u0161la celkovou rekonstrukc\u00ed, kdy se obnovila p\u016fvodn\u00ed my\u0161lenka architekta Jana Kaplick\u00e9ho, kter\u00fd vilu projektoval pro Jaroslava Dietla.<\/p>\n<p>Je to skv\u011bl\u00e9 m\u00edsto k pobytu s rodinou nebo p\u0159\u00e1teli, ale tak\u00e9 m\u016f\u017ee nab\u00eddnout pot\u0159ebn\u00e9 prost\u0159ed\u00ed pro va\u0161i firemn\u00ed prezentaci a jakoukoli jinou nezapomenutelnou ud\u00e1lost.<\/p>\n<p>Ka\u017ed\u00fd, kdo n\u011bkdy nav\u0161t\u00edvil, m\u016f\u017ee poc\u00edtit jedine\u010dnou atmosf\u00e9ru tohoto m\u00edsta.<\/p>\n","protected":false},"excerpt":{"rendered":"<p>Vila Prag se nach\u00e1z\u00ed na konci slep\u00e9 ulice Pod Habrovou, v klidn\u00e9 \u010d\u00e1sti Barrandova. V roce 2010 pro\u0161la celkovou rekonstrukc\u00ed, kdy se obnovila p\u016fvodn\u00ed my\u0161lenka architekta Jana Kaplick\u00e9ho, kter\u00fd vilu projektoval pro Jaroslava Dietla. Je to skv\u011bl\u00e9 m\u00edsto k pobytu s rodinou nebo p\u0159\u00e1teli, ale tak\u00e9 m\u016f\u017ee nab\u00eddnout pot\u0159ebn\u00e9 prost\u0159ed\u00ed pro va\u0161i firemn\u00ed prezentaci a [&hellip;]<\/p>\n","protected":false},"author":479,"featured_media":0,"parent":0,"menu_order":-1,"comment_status":"closed","ping_status":"closed","template":"","meta":{"footnotes":""},"categories":[],"class_list":["post-3","page","type-page","status-publish","hentry"],"yoast_head":"<!-- This site is optimized with the Yoast SEO plugin v26.9 - https:\/\/yoast.com\/product\/yoast-seo-wordpress\/ -->\n<title>V\u00e1\u0161 pobyt v Praze - Vila Prag<\/title>\n<meta name=\"description\" content=\"Vila Prag se nach\u00e1z\u00ed na konci slep\u00e9 ulice Pod Habrovou, v klidn\u00e9 \u010d\u00e1sti Barrandova.  V roce 2010 pro\u0161la celkovou rekonstrukc\u00ed, kdy se obnovila p\u016fvodn\u00ed my\u0161lenka architekta Jana Kaplick\u00e9ho, kter\u00fd vilu projektoval pro Jaroslava Dietla.  Je to skv\u011bl\u00e9 m\u00edsto k pobytu s rodinou nebo p\u0159\u00e1teli, ale tak\u00e9 m\u016f\u017ee nab\u00eddnout pot\u0159ebn\u00e9 prost\u0159ed\u00ed pro va\u0161i firemn\u00ed prezentaci a jakoukoli jinou nezapomenutelnou ud\u00e1lost.  Ka\u017ed\u00fd, kdo n\u011bkdy nav\u0161t\u00edvil, m\u016f\u017ee poc\u00edtit jedine\u010dnou atmosf\u00e9ru tohoto m\u00edsta..\" \/>\n<meta name=\"robots\" content=\"index, follow, max-snippet:-1, max-image-preview:large, max-video-preview:-1\" \/>\n<link rel=\"canonical\" href=\"https:\/\/www.vilaprag.cz\/cs\/\" \/>\n<meta property=\"og:locale\" content=\"cs_CZ\" \/>\n<meta property=\"og:type\" content=\"article\" \/>\n<meta property=\"og:title\" content=\"V\u00e1\u0161 pobyt v Praze - Vila Prag\" \/>\n<meta property=\"og:description\" content=\"Vila Prag se nach\u00e1z\u00ed na konci slep\u00e9 ulice Pod Habrovou, v klidn\u00e9 \u010d\u00e1sti Barrandova.  V roce 2010 pro\u0161la celkovou rekonstrukc\u00ed, kdy se obnovila p\u016fvodn\u00ed my\u0161lenka architekta Jana Kaplick\u00e9ho, kter\u00fd vilu projektoval pro Jaroslava Dietla.  Je to skv\u011bl\u00e9 m\u00edsto k pobytu s rodinou nebo p\u0159\u00e1teli, ale tak\u00e9 m\u016f\u017ee nab\u00eddnout pot\u0159ebn\u00e9 prost\u0159ed\u00ed pro va\u0161i firemn\u00ed prezentaci a jakoukoli jinou nezapomenutelnou ud\u00e1lost.  Ka\u017ed\u00fd, kdo n\u011bkdy nav\u0161t\u00edvil, m\u016f\u017ee poc\u00edtit jedine\u010dnou atmosf\u00e9ru tohoto m\u00edsta..\" \/>\n<meta property=\"og:url\" content=\"https:\/\/www.vilaprag.cz\/cs\/\" \/>\n<meta property=\"og:site_name\" content=\"Vila Prag\" \/>\n<meta property=\"article:modified_time\" content=\"2023-08-17T08:49:23+00:00\" \/>\n<meta name=\"twitter:card\" content=\"summary_large_image\" \/>\n<meta name=\"twitter:label1\" content=\"Odhadovan\u00e1 doba \u010dten\u00ed\" \/>\n\t<meta name=\"twitter:data1\" content=\"1 minuta\" \/>\n<script type=\"application\/ld+json\" class=\"yoast-schema-graph\">{\"@context\":\"https:\/\/schema.org\",\"@graph\":[{\"@type\":\"WebPage\",\"@id\":\"https:\/\/www.vilaprag.cz\/cs\/\",\"url\":\"https:\/\/www.vilaprag.cz\/cs\/\",\"name\":\"V\u00e1\u0161 pobyt v Praze - Vila Prag\",\"isPartOf\":{\"@id\":\"https:\/\/www.vilaprag.cz\/cs\/#website\"},\"datePublished\":\"2022-07-13T07:50:15+00:00\",\"dateModified\":\"2023-08-17T08:49:23+00:00\",\"description\":\"Vila Prag se nach\u00e1z\u00ed na konci slep\u00e9 ulice Pod Habrovou, v klidn\u00e9 \u010d\u00e1sti Barrandova. V roce 2010 pro\u0161la celkovou rekonstrukc\u00ed, kdy se obnovila p\u016fvodn\u00ed my\u0161lenka architekta Jana Kaplick\u00e9ho, kter\u00fd vilu projektoval pro Jaroslava Dietla. Je to skv\u011bl\u00e9 m\u00edsto k pobytu s rodinou nebo p\u0159\u00e1teli, ale tak\u00e9 m\u016f\u017ee nab\u00eddnout pot\u0159ebn\u00e9 prost\u0159ed\u00ed pro va\u0161i firemn\u00ed prezentaci a jakoukoli jinou nezapomenutelnou ud\u00e1lost. Ka\u017ed\u00fd, kdo n\u011bkdy nav\u0161t\u00edvil, m\u016f\u017ee poc\u00edtit jedine\u010dnou atmosf\u00e9ru tohoto m\u00edsta..\",\"breadcrumb\":{\"@id\":\"https:\/\/www.vilaprag.cz\/cs\/#breadcrumb\"},\"inLanguage\":\"cs\",\"potentialAction\":[{\"@type\":\"ReadAction\",\"target\":[\"https:\/\/www.vilaprag.cz\/cs\/\"]}]},{\"@type\":\"BreadcrumbList\",\"@id\":\"https:\/\/www.vilaprag.cz\/cs\/#breadcrumb\",\"itemListElement\":[{\"@type\":\"ListItem\",\"position\":1,\"name\":\"Home\",\"item\":\"https:\/\/www.vilaprag.cz\/cs\/\"},{\"@type\":\"ListItem\",\"position\":2,\"name\":\"V\u00e1\u0161 pobyt v Praze\"}]},{\"@type\":\"WebSite\",\"@id\":\"https:\/\/www.vilaprag.cz\/cs\/#website\",\"url\":\"https:\/\/www.vilaprag.cz\/cs\/\",\"name\":\"Vila Prag\",\"description\":\"Just another ms.decms.eu site\",\"potentialAction\":[{\"@type\":\"SearchAction\",\"target\":{\"@type\":\"EntryPoint\",\"urlTemplate\":\"https:\/\/www.vilaprag.cz\/cs\/?s={search_term_string}\"},\"query-input\":{\"@type\":\"PropertyValueSpecification\",\"valueRequired\":true,\"valueName\":\"search_term_string\"}}],\"inLanguage\":\"cs\"}]}<\/script>\n<!-- \/ Yoast SEO plugin. -->","yoast_head_json":{"title":"V\u00e1\u0161 pobyt v Praze - Vila Prag","description":"Vila Prag se nach\u00e1z\u00ed na konci slep\u00e9 ulice Pod Habrovou, v klidn\u00e9 \u010d\u00e1sti Barrandova.  V roce 2010 pro\u0161la celkovou rekonstrukc\u00ed, kdy se obnovila p\u016fvodn\u00ed my\u0161lenka architekta Jana Kaplick\u00e9ho, kter\u00fd vilu projektoval pro Jaroslava Dietla.  Je to skv\u011bl\u00e9 m\u00edsto k pobytu s rodinou nebo p\u0159\u00e1teli, ale tak\u00e9 m\u016f\u017ee nab\u00eddnout pot\u0159ebn\u00e9 prost\u0159ed\u00ed pro va\u0161i firemn\u00ed prezentaci a jakoukoli jinou nezapomenutelnou ud\u00e1lost.  Ka\u017ed\u00fd, kdo n\u011bkdy nav\u0161t\u00edvil, m\u016f\u017ee poc\u00edtit jedine\u010dnou atmosf\u00e9ru tohoto m\u00edsta..","robots":{"index":"index","follow":"follow","max-snippet":"max-snippet:-1","max-image-preview":"max-image-preview:large","max-video-preview":"max-video-preview:-1"},"canonical":"https:\/\/www.vilaprag.cz\/cs\/","og_locale":"cs_CZ","og_type":"article","og_title":"V\u00e1\u0161 pobyt v Praze - Vila Prag","og_description":"Vila Prag se nach\u00e1z\u00ed na konci slep\u00e9 ulice Pod Habrovou, v klidn\u00e9 \u010d\u00e1sti Barrandova.  V roce 2010 pro\u0161la celkovou rekonstrukc\u00ed, kdy se obnovila p\u016fvodn\u00ed my\u0161lenka architekta Jana Kaplick\u00e9ho, kter\u00fd vilu projektoval pro Jaroslava Dietla.  Je to skv\u011bl\u00e9 m\u00edsto k pobytu s rodinou nebo p\u0159\u00e1teli, ale tak\u00e9 m\u016f\u017ee nab\u00eddnout pot\u0159ebn\u00e9 prost\u0159ed\u00ed pro va\u0161i firemn\u00ed prezentaci a jakoukoli jinou nezapomenutelnou ud\u00e1lost.  Ka\u017ed\u00fd, kdo n\u011bkdy nav\u0161t\u00edvil, m\u016f\u017ee poc\u00edtit jedine\u010dnou atmosf\u00e9ru tohoto m\u00edsta..","og_url":"https:\/\/www.vilaprag.cz\/cs\/","og_site_name":"Vila Prag","article_modified_time":"2023-08-17T08:49:23+00:00","twitter_card":"summary_large_image","twitter_misc":{"Odhadovan\u00e1 doba \u010dten\u00ed":"1 minuta"},"schema":{"@context":"https:\/\/schema.org","@graph":[{"@type":"WebPage","@id":"https:\/\/www.vilaprag.cz\/cs\/","url":"https:\/\/www.vilaprag.cz\/cs\/","name":"V\u00e1\u0161 pobyt v Praze - Vila Prag","isPartOf":{"@id":"https:\/\/www.vilaprag.cz\/cs\/#website"},"datePublished":"2022-07-13T07:50:15+00:00","dateModified":"2023-08-17T08:49:23+00:00","description":"Vila Prag se nach\u00e1z\u00ed na konci slep\u00e9 ulice Pod Habrovou, v klidn\u00e9 \u010d\u00e1sti Barrandova. V roce 2010 pro\u0161la celkovou rekonstrukc\u00ed, kdy se obnovila p\u016fvodn\u00ed my\u0161lenka architekta Jana Kaplick\u00e9ho, kter\u00fd vilu projektoval pro Jaroslava Dietla. Je to skv\u011bl\u00e9 m\u00edsto k pobytu s rodinou nebo p\u0159\u00e1teli, ale tak\u00e9 m\u016f\u017ee nab\u00eddnout pot\u0159ebn\u00e9 prost\u0159ed\u00ed pro va\u0161i firemn\u00ed prezentaci a jakoukoli jinou nezapomenutelnou ud\u00e1lost. Ka\u017ed\u00fd, kdo n\u011bkdy nav\u0161t\u00edvil, m\u016f\u017ee poc\u00edtit jedine\u010dnou atmosf\u00e9ru tohoto m\u00edsta..","breadcrumb":{"@id":"https:\/\/www.vilaprag.cz\/cs\/#breadcrumb"},"inLanguage":"cs","potentialAction":[{"@type":"ReadAction","target":["https:\/\/www.vilaprag.cz\/cs\/"]}]},{"@type":"BreadcrumbList","@id":"https:\/\/www.vilaprag.cz\/cs\/#breadcrumb","itemListElement":[{"@type":"ListItem","position":1,"name":"Home","item":"https:\/\/www.vilaprag.cz\/cs\/"},{"@type":"ListItem","position":2,"name":"V\u00e1\u0161 pobyt v Praze"}]},{"@type":"WebSite","@id":"https:\/\/www.vilaprag.cz\/cs\/#website","url":"https:\/\/www.vilaprag.cz\/cs\/","name":"Vila Prag","description":"Just another ms.decms.eu site","potentialAction":[{"@type":"SearchAction","target":{"@type":"EntryPoint","urlTemplate":"https:\/\/www.vilaprag.cz\/cs\/?s={search_term_string}"},"query-input":{"@type":"PropertyValueSpecification","valueRequired":true,"valueName":"search_term_string"}}],"inLanguage":"cs"}]}},"acf":[],"_links":{"self":[{"href":"https:\/\/www.vilaprag.cz\/cs\/wp-json\/wp\/v2\/pages\/3","targetHints":{"allow":["GET"]}}],"collection":[{"href":"https:\/\/www.vilaprag.cz\/cs\/wp-json\/wp\/v2\/pages"}],"about":[{"href":"https:\/\/www.vilaprag.cz\/cs\/wp-json\/wp\/v2\/types\/page"}],"author":[{"embeddable":true,"href":"https:\/\/www.vilaprag.cz\/cs\/wp-json\/wp\/v2\/users\/479"}],"replies":[{"embeddable":true,"href":"https:\/\/www.vilaprag.cz\/cs\/wp-json\/wp\/v2\/comments?post=3"}],"version-history":[{"count":0,"href":"https:\/\/www.vilaprag.cz\/cs\/wp-json\/wp\/v2\/pages\/3\/revisions"}],"wp:attachment":[{"href":"https:\/\/www.vilaprag.cz\/cs\/wp-json\/wp\/v2\/media?parent=3"}],"wp:term":[{"taxonomy":"category","embeddable":true,"href":"https:\/\/www.vilaprag.cz\/cs\/wp-json\/wp\/v2\/categories?post=3"}],"curies":[{"name":"wp","href":"https:\/\/api.w.org\/{rel}","templated":true}]}}