{"id":170,"date":"2022-07-15T07:33:13","date_gmt":"2022-07-15T07:33:13","guid":{"rendered":"https:\/\/vila-prag.ms.decms.eu\/about-us\/"},"modified":"2022-10-21T07:01:46","modified_gmt":"2022-10-21T07:01:46","slug":"o-nas","status":"publish","type":"page","link":"https:\/\/www.vilaprag.cz\/cs\/o-nas\/","title":{"rendered":"O n\u00e1s"},"content":{"rendered":"<p>Vila Prag se nach\u00e1z\u00ed v klidn\u00e9 slep\u00e9 ulici <strong>Pod Habrovou<\/strong>, v p\u016fvodn\u00ed vilov\u00e9 z\u00e1stavb\u011b zahradn\u00ed \u010dtvrti Barrandov se spoustou zelen\u011b. Ka\u017ed\u00fd, kdo n\u011bkdy nav\u0161t\u00edvil, m\u016f\u017ee poc\u00edtit jedine\u010dnou atmosf\u00e9ru tohoto m\u00edsta.<\/p>\n<p>D\u016fm byl postaven jako domov zn\u00e1m\u00e9ho \u010desk\u00e9ho sc\u00e9n\u00e1risty <a href=\"https:\/\/vila-prag.ms.decms.eu\/cs\/o-nas\/o-jaroslavu-dietlovi\/\">Jaroslava Dietla<\/a> a v dom\u011b a jeho okol\u00ed je c\u00edtit otisk autorsk\u00e9 kreativity.<\/p>\n<p>Vila pro\u0161la <strong>v roce 2010 celkovou rekonstrukc\u00ed<\/strong> a byla obnovena p\u016fvodn\u00ed my\u0161lenka architekta <em>Jana Kaplick\u00e9ho<\/em>. Bohu\u017eel n\u011bkter\u00e9 \u201ez\u00e1bavn\u00e9\u201c aspekty, jako je potravinov\u00fd v\u00fdtah, potrub\u00ed pro pr\u00e1delnu do centr\u00e1ln\u00ed pr\u00e1delny a tak d\u00e1le, nebyly zachov\u00e1ny, proto\u017ee neslou\u017eily sou\u010dasn\u00e9mu pou\u017eit\u00ed.<\/p>\n<p>Ale p\u0159esto je vid\u011bt, \u017ee tento d\u016fm je velmi zvl\u00e1\u0161tn\u00ed a <strong>je n\u00e1m velkou ct\u00ed p\u0159iv\u00edtat v\u00e1s jako na\u0161eho hosta<\/strong>. Vila m\u016f\u017ee slou\u017eit mnoha \u00fa\u010del\u016fm. Je to skv\u011bl\u00e9 m\u00edsto k pobytu s rodinou nebo p\u0159\u00e1teli, ale tak\u00e9 m\u016f\u017ee nab\u00eddnout pot\u0159ebn\u00e9 prost\u0159ed\u00ed pro va\u0161i firemn\u00ed prezentaci a jakoukoli jinou nezapomenutelnou ud\u00e1lost.<\/p>\n","protected":false},"excerpt":{"rendered":"<p>Vila Prag se nach\u00e1z\u00ed v klidn\u00e9 slep\u00e9 ulici Pod Habrovou, v p\u016fvodn\u00ed vilov\u00e9 z\u00e1stavb\u011b zahradn\u00ed \u010dtvrti Barrandov se spoustou zelen\u011b. Ka\u017ed\u00fd, kdo n\u011bkdy nav\u0161t\u00edvil, m\u016f\u017ee poc\u00edtit jedine\u010dnou atmosf\u00e9ru tohoto m\u00edsta. D\u016fm byl postaven jako domov zn\u00e1m\u00e9ho \u010desk\u00e9ho sc\u00e9n\u00e1risty Jaroslava Dietla a v dom\u011b a jeho okol\u00ed je c\u00edtit otisk autorsk\u00e9 kreativity. Vila pro\u0161la v roce [&hellip;]<\/p>\n","protected":false},"author":479,"featured_media":0,"parent":0,"menu_order":2,"comment_status":"closed","ping_status":"closed","template":"template-default-2.php","meta":{"footnotes":""},"categories":[],"class_list":["post-170","page","type-page","status-publish","hentry"],"yoast_head":"<!-- This site is optimized with the Yoast SEO plugin v26.9 - https:\/\/yoast.com\/product\/yoast-seo-wordpress\/ -->\n<title>O n\u00e1s - Vila Prag<\/title>\n<meta name=\"description\" content=\"Vila Prag se nach\u00e1z\u00ed v klidn\u00e9 slep\u00e9 ulici Pod Habrovou, v p\u016fvodn\u00ed vilov\u00e9 z\u00e1stavb\u011b zahradn\u00ed \u010dtvrti Barrandov se spoustou zelen\u011b. Ka\u017ed\u00fd, kdo n\u011bkdy nav\u0161t\u00edvil, m\u016f\u017ee poc\u00edtit jedine\u010dnou atmosf\u00e9ru tohoto m\u00edsta.  D\u016fm byl postaven jako domov zn\u00e1m\u00e9ho \u010desk\u00e9ho sc\u00e9n\u00e1risty Jaroslava Dietla a v dom\u011b a jeho okol\u00ed je c\u00edtit otisk autorsk\u00e9 kreativity.  Vila pro\u0161la v roce 2010 celkovou rekonstrukc\u00ed a byla obnovena p\u016fvodn\u00ed my\u0161lenka architekta Jana Kaplick\u00e9ho\" \/>\n<meta name=\"robots\" content=\"index, follow, max-snippet:-1, max-image-preview:large, max-video-preview:-1\" \/>\n<link rel=\"canonical\" href=\"https:\/\/www.vilaprag.cz\/cs\/o-nas\/\" \/>\n<meta property=\"og:locale\" content=\"cs_CZ\" \/>\n<meta property=\"og:type\" content=\"article\" \/>\n<meta property=\"og:title\" content=\"O n\u00e1s - Vila Prag\" \/>\n<meta property=\"og:description\" content=\"Vila Prag se nach\u00e1z\u00ed v klidn\u00e9 slep\u00e9 ulici Pod Habrovou, v p\u016fvodn\u00ed vilov\u00e9 z\u00e1stavb\u011b zahradn\u00ed \u010dtvrti Barrandov se spoustou zelen\u011b. Ka\u017ed\u00fd, kdo n\u011bkdy nav\u0161t\u00edvil, m\u016f\u017ee poc\u00edtit jedine\u010dnou atmosf\u00e9ru tohoto m\u00edsta.  D\u016fm byl postaven jako domov zn\u00e1m\u00e9ho \u010desk\u00e9ho sc\u00e9n\u00e1risty Jaroslava Dietla a v dom\u011b a jeho okol\u00ed je c\u00edtit otisk autorsk\u00e9 kreativity.  Vila pro\u0161la v roce 2010 celkovou rekonstrukc\u00ed a byla obnovena p\u016fvodn\u00ed my\u0161lenka architekta Jana Kaplick\u00e9ho\" \/>\n<meta property=\"og:url\" content=\"https:\/\/www.vilaprag.cz\/cs\/o-nas\/\" \/>\n<meta property=\"og:site_name\" content=\"Vila Prag\" \/>\n<meta property=\"article:modified_time\" content=\"2022-10-21T07:01:46+00:00\" \/>\n<meta name=\"twitter:card\" content=\"summary_large_image\" \/>\n<meta name=\"twitter:label1\" content=\"Odhadovan\u00e1 doba \u010dten\u00ed\" \/>\n\t<meta name=\"twitter:data1\" content=\"1 minuta\" \/>\n<script type=\"application\/ld+json\" class=\"yoast-schema-graph\">{\"@context\":\"https:\/\/schema.org\",\"@graph\":[{\"@type\":\"WebPage\",\"@id\":\"https:\/\/www.vilaprag.cz\/cs\/o-nas\/\",\"url\":\"https:\/\/www.vilaprag.cz\/cs\/o-nas\/\",\"name\":\"O n\u00e1s - Vila Prag\",\"isPartOf\":{\"@id\":\"https:\/\/www.vilaprag.cz\/cs\/#website\"},\"datePublished\":\"2022-07-15T07:33:13+00:00\",\"dateModified\":\"2022-10-21T07:01:46+00:00\",\"description\":\"Vila Prag se nach\u00e1z\u00ed v klidn\u00e9 slep\u00e9 ulici Pod Habrovou, v p\u016fvodn\u00ed vilov\u00e9 z\u00e1stavb\u011b zahradn\u00ed \u010dtvrti Barrandov se spoustou zelen\u011b. Ka\u017ed\u00fd, kdo n\u011bkdy nav\u0161t\u00edvil, m\u016f\u017ee poc\u00edtit jedine\u010dnou atmosf\u00e9ru tohoto m\u00edsta. D\u016fm byl postaven jako domov zn\u00e1m\u00e9ho \u010desk\u00e9ho sc\u00e9n\u00e1risty Jaroslava Dietla a v dom\u011b a jeho okol\u00ed je c\u00edtit otisk autorsk\u00e9 kreativity. Vila pro\u0161la v roce 2010 celkovou rekonstrukc\u00ed a byla obnovena p\u016fvodn\u00ed my\u0161lenka architekta Jana Kaplick\u00e9ho\",\"breadcrumb\":{\"@id\":\"https:\/\/www.vilaprag.cz\/cs\/o-nas\/#breadcrumb\"},\"inLanguage\":\"cs\",\"potentialAction\":[{\"@type\":\"ReadAction\",\"target\":[\"https:\/\/www.vilaprag.cz\/cs\/o-nas\/\"]}]},{\"@type\":\"BreadcrumbList\",\"@id\":\"https:\/\/www.vilaprag.cz\/cs\/o-nas\/#breadcrumb\",\"itemListElement\":[{\"@type\":\"ListItem\",\"position\":1,\"name\":\"Home\",\"item\":\"https:\/\/www.vilaprag.cz\/cs\/\"},{\"@type\":\"ListItem\",\"position\":2,\"name\":\"O n\u00e1s\"}]},{\"@type\":\"WebSite\",\"@id\":\"https:\/\/www.vilaprag.cz\/cs\/#website\",\"url\":\"https:\/\/www.vilaprag.cz\/cs\/\",\"name\":\"Vila Prag\",\"description\":\"Just another ms.decms.eu site\",\"potentialAction\":[{\"@type\":\"SearchAction\",\"target\":{\"@type\":\"EntryPoint\",\"urlTemplate\":\"https:\/\/www.vilaprag.cz\/cs\/?s={search_term_string}\"},\"query-input\":{\"@type\":\"PropertyValueSpecification\",\"valueRequired\":true,\"valueName\":\"search_term_string\"}}],\"inLanguage\":\"cs\"}]}<\/script>\n<!-- \/ Yoast SEO plugin. -->","yoast_head_json":{"title":"O n\u00e1s - Vila Prag","description":"Vila Prag se nach\u00e1z\u00ed v klidn\u00e9 slep\u00e9 ulici Pod Habrovou, v p\u016fvodn\u00ed vilov\u00e9 z\u00e1stavb\u011b zahradn\u00ed \u010dtvrti Barrandov se spoustou zelen\u011b. Ka\u017ed\u00fd, kdo n\u011bkdy nav\u0161t\u00edvil, m\u016f\u017ee poc\u00edtit jedine\u010dnou atmosf\u00e9ru tohoto m\u00edsta.  D\u016fm byl postaven jako domov zn\u00e1m\u00e9ho \u010desk\u00e9ho sc\u00e9n\u00e1risty Jaroslava Dietla a v dom\u011b a jeho okol\u00ed je c\u00edtit otisk autorsk\u00e9 kreativity.  Vila pro\u0161la v roce 2010 celkovou rekonstrukc\u00ed a byla obnovena p\u016fvodn\u00ed my\u0161lenka architekta Jana Kaplick\u00e9ho","robots":{"index":"index","follow":"follow","max-snippet":"max-snippet:-1","max-image-preview":"max-image-preview:large","max-video-preview":"max-video-preview:-1"},"canonical":"https:\/\/www.vilaprag.cz\/cs\/o-nas\/","og_locale":"cs_CZ","og_type":"article","og_title":"O n\u00e1s - Vila Prag","og_description":"Vila Prag se nach\u00e1z\u00ed v klidn\u00e9 slep\u00e9 ulici Pod Habrovou, v p\u016fvodn\u00ed vilov\u00e9 z\u00e1stavb\u011b zahradn\u00ed \u010dtvrti Barrandov se spoustou zelen\u011b. Ka\u017ed\u00fd, kdo n\u011bkdy nav\u0161t\u00edvil, m\u016f\u017ee poc\u00edtit jedine\u010dnou atmosf\u00e9ru tohoto m\u00edsta.  D\u016fm byl postaven jako domov zn\u00e1m\u00e9ho \u010desk\u00e9ho sc\u00e9n\u00e1risty Jaroslava Dietla a v dom\u011b a jeho okol\u00ed je c\u00edtit otisk autorsk\u00e9 kreativity.  Vila pro\u0161la v roce 2010 celkovou rekonstrukc\u00ed a byla obnovena p\u016fvodn\u00ed my\u0161lenka architekta Jana Kaplick\u00e9ho","og_url":"https:\/\/www.vilaprag.cz\/cs\/o-nas\/","og_site_name":"Vila Prag","article_modified_time":"2022-10-21T07:01:46+00:00","twitter_card":"summary_large_image","twitter_misc":{"Odhadovan\u00e1 doba \u010dten\u00ed":"1 minuta"},"schema":{"@context":"https:\/\/schema.org","@graph":[{"@type":"WebPage","@id":"https:\/\/www.vilaprag.cz\/cs\/o-nas\/","url":"https:\/\/www.vilaprag.cz\/cs\/o-nas\/","name":"O n\u00e1s - Vila Prag","isPartOf":{"@id":"https:\/\/www.vilaprag.cz\/cs\/#website"},"datePublished":"2022-07-15T07:33:13+00:00","dateModified":"2022-10-21T07:01:46+00:00","description":"Vila Prag se nach\u00e1z\u00ed v klidn\u00e9 slep\u00e9 ulici Pod Habrovou, v p\u016fvodn\u00ed vilov\u00e9 z\u00e1stavb\u011b zahradn\u00ed \u010dtvrti Barrandov se spoustou zelen\u011b. Ka\u017ed\u00fd, kdo n\u011bkdy nav\u0161t\u00edvil, m\u016f\u017ee poc\u00edtit jedine\u010dnou atmosf\u00e9ru tohoto m\u00edsta. D\u016fm byl postaven jako domov zn\u00e1m\u00e9ho \u010desk\u00e9ho sc\u00e9n\u00e1risty Jaroslava Dietla a v dom\u011b a jeho okol\u00ed je c\u00edtit otisk autorsk\u00e9 kreativity. Vila pro\u0161la v roce 2010 celkovou rekonstrukc\u00ed a byla obnovena p\u016fvodn\u00ed my\u0161lenka architekta Jana Kaplick\u00e9ho","breadcrumb":{"@id":"https:\/\/www.vilaprag.cz\/cs\/o-nas\/#breadcrumb"},"inLanguage":"cs","potentialAction":[{"@type":"ReadAction","target":["https:\/\/www.vilaprag.cz\/cs\/o-nas\/"]}]},{"@type":"BreadcrumbList","@id":"https:\/\/www.vilaprag.cz\/cs\/o-nas\/#breadcrumb","itemListElement":[{"@type":"ListItem","position":1,"name":"Home","item":"https:\/\/www.vilaprag.cz\/cs\/"},{"@type":"ListItem","position":2,"name":"O n\u00e1s"}]},{"@type":"WebSite","@id":"https:\/\/www.vilaprag.cz\/cs\/#website","url":"https:\/\/www.vilaprag.cz\/cs\/","name":"Vila Prag","description":"Just another ms.decms.eu site","potentialAction":[{"@type":"SearchAction","target":{"@type":"EntryPoint","urlTemplate":"https:\/\/www.vilaprag.cz\/cs\/?s={search_term_string}"},"query-input":{"@type":"PropertyValueSpecification","valueRequired":true,"valueName":"search_term_string"}}],"inLanguage":"cs"}]}},"acf":[],"_links":{"self":[{"href":"https:\/\/www.vilaprag.cz\/cs\/wp-json\/wp\/v2\/pages\/170","targetHints":{"allow":["GET"]}}],"collection":[{"href":"https:\/\/www.vilaprag.cz\/cs\/wp-json\/wp\/v2\/pages"}],"about":[{"href":"https:\/\/www.vilaprag.cz\/cs\/wp-json\/wp\/v2\/types\/page"}],"author":[{"embeddable":true,"href":"https:\/\/www.vilaprag.cz\/cs\/wp-json\/wp\/v2\/users\/479"}],"replies":[{"embeddable":true,"href":"https:\/\/www.vilaprag.cz\/cs\/wp-json\/wp\/v2\/comments?post=170"}],"version-history":[{"count":0,"href":"https:\/\/www.vilaprag.cz\/cs\/wp-json\/wp\/v2\/pages\/170\/revisions"}],"wp:attachment":[{"href":"https:\/\/www.vilaprag.cz\/cs\/wp-json\/wp\/v2\/media?parent=170"}],"wp:term":[{"taxonomy":"category","embeddable":true,"href":"https:\/\/www.vilaprag.cz\/cs\/wp-json\/wp\/v2\/categories?post=170"}],"curies":[{"name":"wp","href":"https:\/\/api.w.org\/{rel}","templated":true}]}}